{"id":7292,"date":"2024-07-31T10:26:13","date_gmt":"2024-07-31T14:26:13","guid":{"rendered":"https:\/\/staging-appetitgo.empowerdigitaldata.com\/produit\/nordic-shrimps-fruits-de-mer-du-quebec\/"},"modified":"2024-12-20T21:33:48","modified_gmt":"2024-12-21T01:33:48","slug":"nordic-shrimps-fruits-de-mer-du-quebec","status":"publish","type":"product","link":"https:\/\/staging-appetitgo.empowerdigitaldata.com\/en\/produit\/nordic-shrimps-fruits-de-mer-du-quebec\/","title":{"rendered":"Nordic shrimps- Fruits de mer du Qu\u00e9bec"},"content":{"rendered":"<div class=\"flex max-w-full flex-col flex-grow\">\n<div class=\"min-h-8 text-message flex w-full flex-col items-end gap-2 whitespace-normal break-words [.text-message+&amp;]:mt-5\" dir=\"auto\" data-message-author-role=\"assistant\" data-message-id=\"da32ca63-43df-40a0-b262-5ab7d323db76\">\n<div class=\"flex w-full flex-col gap-1 empty:hidden first:pt-[3px]\">\n<div class=\"markdown prose w-full break-words dark:prose-invert light\">\n<p>In collaboration with <a href=\"https:\/\/fdmq.ca\/produits\/chair-de-crabe\/\" target=\"_blank\" rel=\"noopener\">Fruits de Mer du Qu\u00e9bec<\/a>, App\u00e9tit Go now offers you these delicious <strong>northern shrimp<\/strong>. Savour the exceptional meatiness of our Nordic shrimp, a refined and tasty delight, ideal for enhancing your seafood dishes. These shrimp come from fresh shrimp, carefully selected for their superior quality, fished in the cold waters of the Gulf of St. Lawrence, using a trawl designed to avoid catching unwanted species. They are delicate and melt-in-the-mouth, with a subtle taste that will delight seafood lovers. Ready to use, this shrimp meat is perfect for a variety of recipes: shrimp gu\u00e9dille, shrimp mousse, shrimp verrine with avocado and mango, as a garnish for poached fish or as fried popcorn shrimp with spicy mayonnaise. Its freshness and authentic taste add a touch of elegance to your meals, while being simple to prepare. Rich in protein, it&#8217;s a light, nutritious choice for the whole family, yet low in saturated fat. Ideal for festive meals or refined dining, shrimp meat is distinguished by its finesse and versatility. By adding it to your recipes, you offer your guests a unique and memorable culinary experience. For pure taste and impeccable quality, choose Nordic shrimp meat, an exceptional product not to be missed!<\/p>\n<\/div>\n<\/div>\n<\/div>\n<\/div>\n","protected":false},"excerpt":{"rendered":"<p>In collaboration with Fruits de Mer du Qu\u00e9bec, App\u00e9tit Go now offers you these delicious northern shrimp. Savour the exceptional meatiness of our Nordic shrimp, a refined and tasty delight, ideal for enhancing your seafood dishes. These shrimp come from fresh shrimp, carefully selected for their superior quality, fished in the cold waters of the [&hellip;]<\/p>\n","protected":false},"featured_media":17349,"template":"","meta":{"_acf_changed":false,"_eb_attr":""},"product_brand":[],"product_cat":[129],"product_tag":[147],"giftcard-category":[],"class_list":{"0":"post-7292","1":"product","2":"type-product","3":"status-publish","4":"has-post-thumbnail","6":"product_cat-non-classifiee","7":"product_tag-sea-food","9":"first","10":"instock","11":"sale","12":"shipping-taxable","13":"purchasable","14":"product-type-simple"},"acf":[],"yoast_head":"<!-- This site is optimized with the Yoast SEO Premium plugin v24.8 (Yoast SEO v24.8.1) - https:\/\/yoast.com\/wordpress\/plugins\/seo\/ -->\n<title>Nordic shrimps- Fruits de mer du Qu\u00e9bec - App\u00e9tit Go<\/title>\n<meta name=\"description\" content=\"Enjoy our Fruits de Mer du Qu\u00e9bec Nordic shrimps, ready to eat. Ideal for your dishes, they add a delicious touch of freshness!\" \/>\n<meta name=\"robots\" content=\"index, follow, max-snippet:-1, max-image-preview:large, max-video-preview:-1\" \/>\n<link rel=\"canonical\" href=\"https:\/\/staging-appetitgo.empowerdigitaldata.com\/en\/produit\/nordic-shrimps-fruits-de-mer-du-quebec\/\" \/>\n<meta property=\"og:locale\" content=\"en_US\" \/>\n<meta property=\"og:type\" content=\"article\" \/>\n<meta property=\"og:title\" content=\"Nordic shrimps- Fruits de mer du Qu\u00e9bec\" \/>\n<meta property=\"og:description\" content=\"Enjoy our Fruits de Mer du Qu\u00e9bec Nordic shrimps, ready to eat. Ideal for your dishes, they add a delicious touch of freshness!\" \/>\n<meta property=\"og:url\" content=\"https:\/\/staging-appetitgo.empowerdigitaldata.com\/en\/produit\/nordic-shrimps-fruits-de-mer-du-quebec\/\" \/>\n<meta property=\"og:site_name\" content=\"App\u00e9tit Go\" \/>\n<meta property=\"article:modified_time\" content=\"2024-12-21T01:33:48+00:00\" \/>\n<meta property=\"og:image\" content=\"https:\/\/staging-appetitgo.empowerdigitaldata.com\/wp-content\/uploads\/2024\/07\/131.jpg\" \/>\n\t<meta property=\"og:image:width\" content=\"800\" \/>\n\t<meta property=\"og:image:height\" content=\"800\" \/>\n\t<meta property=\"og:image:type\" content=\"image\/jpeg\" \/>\n<meta name=\"twitter:card\" content=\"summary_large_image\" \/>\n<meta name=\"twitter:label1\" content=\"Price\" \/>\n\t<meta name=\"twitter:data1\" content=\"&#036;11.99\" \/>\n\t<meta name=\"twitter:label2\" content=\"Availability\" \/>\n\t<meta name=\"twitter:data2\" content=\"In stock\" \/>\n<script type=\"application\/ld+json\" class=\"yoast-schema-graph\">{\"@context\":\"https:\/\/schema.org\",\"@graph\":[{\"@type\":\"WebPage\",\"@id\":\"https:\/\/staging-appetitgo.empowerdigitaldata.com\/en\/produit\/nordic-shrimps-fruits-de-mer-du-quebec\/\",\"url\":\"https:\/\/staging-appetitgo.empowerdigitaldata.com\/en\/produit\/nordic-shrimps-fruits-de-mer-du-quebec\/\",\"name\":\"Nordic shrimps- Fruits de mer du Qu\u00e9bec - App\u00e9tit Go\",\"isPartOf\":{\"@id\":\"https:\/\/staging-appetitgo.empowerdigitaldata.com\/en\/#website\"},\"primaryImageOfPage\":{\"@id\":\"https:\/\/staging-appetitgo.empowerdigitaldata.com\/en\/produit\/nordic-shrimps-fruits-de-mer-du-quebec\/#primaryimage\"},\"image\":{\"@id\":\"https:\/\/staging-appetitgo.empowerdigitaldata.com\/en\/produit\/nordic-shrimps-fruits-de-mer-du-quebec\/#primaryimage\"},\"thumbnailUrl\":\"https:\/\/staging-appetitgo.empowerdigitaldata.com\/wp-content\/uploads\/2024\/07\/crevettes-fdmq-quebec-appetitgo.webp\",\"datePublished\":\"2024-07-31T14:26:13+00:00\",\"dateModified\":\"2024-12-21T01:33:48+00:00\",\"description\":\"Enjoy our Fruits de Mer du Qu\u00e9bec Nordic shrimps, ready to eat. Ideal for your dishes, they add a delicious touch of freshness!\",\"breadcrumb\":{\"@id\":\"https:\/\/staging-appetitgo.empowerdigitaldata.com\/en\/produit\/nordic-shrimps-fruits-de-mer-du-quebec\/#breadcrumb\"},\"inLanguage\":\"en-US\",\"potentialAction\":[{\"@type\":\"ReadAction\",\"target\":[\"https:\/\/staging-appetitgo.empowerdigitaldata.com\/en\/produit\/nordic-shrimps-fruits-de-mer-du-quebec\/\"]}]},{\"@type\":\"ImageObject\",\"inLanguage\":\"en-US\",\"@id\":\"https:\/\/staging-appetitgo.empowerdigitaldata.com\/en\/produit\/nordic-shrimps-fruits-de-mer-du-quebec\/#primaryimage\",\"url\":\"https:\/\/staging-appetitgo.empowerdigitaldata.com\/wp-content\/uploads\/2024\/07\/crevettes-fdmq-quebec-appetitgo.webp\",\"contentUrl\":\"https:\/\/staging-appetitgo.empowerdigitaldata.com\/wp-content\/uploads\/2024\/07\/crevettes-fdmq-quebec-appetitgo.webp\",\"width\":800,\"height\":800,\"caption\":\"crevettes \u00e0 faire livrer \u00e0 son domicile. Produit du Qu\u00e9bec\"},{\"@type\":\"BreadcrumbList\",\"@id\":\"https:\/\/staging-appetitgo.empowerdigitaldata.com\/en\/produit\/nordic-shrimps-fruits-de-mer-du-quebec\/#breadcrumb\",\"itemListElement\":[{\"@type\":\"ListItem\",\"position\":1,\"name\":\"Home\",\"item\":\"https:\/\/staging-appetitgo.empowerdigitaldata.com\/en\/\"},{\"@type\":\"ListItem\",\"position\":2,\"name\":\"Products\",\"item\":\"https:\/\/staging-appetitgo.empowerdigitaldata.com\/en\/shop\/\"},{\"@type\":\"ListItem\",\"position\":3,\"name\":\"Nordic shrimps- Fruits de mer du Qu\u00e9bec\"}]},{\"@type\":\"WebSite\",\"@id\":\"https:\/\/staging-appetitgo.empowerdigitaldata.com\/en\/#website\",\"url\":\"https:\/\/staging-appetitgo.empowerdigitaldata.com\/en\/\",\"name\":\"App\u00e9tit Go\",\"description\":\"\",\"publisher\":{\"@id\":\"https:\/\/staging-appetitgo.empowerdigitaldata.com\/en\/#organization\"},\"potentialAction\":[{\"@type\":\"SearchAction\",\"target\":{\"@type\":\"EntryPoint\",\"urlTemplate\":\"https:\/\/staging-appetitgo.empowerdigitaldata.com\/en\/?s={search_term_string}\"},\"query-input\":{\"@type\":\"PropertyValueSpecification\",\"valueRequired\":true,\"valueName\":\"search_term_string\"}}],\"inLanguage\":\"en-US\"},{\"@type\":\"Organization\",\"@id\":\"https:\/\/staging-appetitgo.empowerdigitaldata.com\/en\/#organization\",\"name\":\"App\u00e9tit Go\",\"url\":\"https:\/\/staging-appetitgo.empowerdigitaldata.com\/en\/\",\"logo\":{\"@type\":\"ImageObject\",\"inLanguage\":\"en-US\",\"@id\":\"https:\/\/staging-appetitgo.empowerdigitaldata.com\/en\/#\/schema\/logo\/image\/\",\"url\":\"https:\/\/staging-appetitgo.empowerdigitaldata.com\/wp-content\/uploads\/2024\/08\/Fleche-Appetit-go-4-e1724936335319.png\",\"contentUrl\":\"https:\/\/staging-appetitgo.empowerdigitaldata.com\/wp-content\/uploads\/2024\/08\/Fleche-Appetit-go-4-e1724936335319.png\",\"width\":1006,\"height\":200,\"caption\":\"App\u00e9tit Go\"},\"image\":{\"@id\":\"https:\/\/staging-appetitgo.empowerdigitaldata.com\/en\/#\/schema\/logo\/image\/\"}}]}<\/script>\n<meta property=\"product:price:amount\" content=\"11.99\" \/>\n<meta property=\"product:price:currency\" content=\"CAD\" \/>\n<meta property=\"og:availability\" content=\"instock\" \/>\n<meta property=\"product:availability\" content=\"instock\" \/>\n<meta property=\"product:retailer_item_id\" content=\"ZZZ045\" \/>\n<meta property=\"product:condition\" content=\"new\" \/>\n<!-- \/ Yoast SEO Premium plugin. -->","yoast_head_json":{"title":"Nordic shrimps- Fruits de mer du Qu\u00e9bec - App\u00e9tit Go","description":"Enjoy our Fruits de Mer du Qu\u00e9bec Nordic shrimps, ready to eat. Ideal for your dishes, they add a delicious touch of freshness!","robots":{"index":"index","follow":"follow","max-snippet":"max-snippet:-1","max-image-preview":"max-image-preview:large","max-video-preview":"max-video-preview:-1"},"canonical":"https:\/\/staging-appetitgo.empowerdigitaldata.com\/en\/produit\/nordic-shrimps-fruits-de-mer-du-quebec\/","og_locale":"en_US","og_type":"article","og_title":"Nordic shrimps- Fruits de mer du Qu\u00e9bec","og_description":"Enjoy our Fruits de Mer du Qu\u00e9bec Nordic shrimps, ready to eat. Ideal for your dishes, they add a delicious touch of freshness!","og_url":"https:\/\/staging-appetitgo.empowerdigitaldata.com\/en\/produit\/nordic-shrimps-fruits-de-mer-du-quebec\/","og_site_name":"App\u00e9tit Go","article_modified_time":"2024-12-21T01:33:48+00:00","og_image":[{"width":800,"height":800,"url":"https:\/\/staging-appetitgo.empowerdigitaldata.com\/wp-content\/uploads\/2024\/07\/131.jpg","type":"image\/jpeg"}],"twitter_card":"summary_large_image","twitter_misc":{"Price":"&#36;11.99","Availability":"In stock"},"schema":{"@context":"https:\/\/schema.org","@graph":[{"@type":"WebPage","@id":"https:\/\/staging-appetitgo.empowerdigitaldata.com\/en\/produit\/nordic-shrimps-fruits-de-mer-du-quebec\/","url":"https:\/\/staging-appetitgo.empowerdigitaldata.com\/en\/produit\/nordic-shrimps-fruits-de-mer-du-quebec\/","name":"Nordic shrimps- Fruits de mer du Qu\u00e9bec - App\u00e9tit Go","isPartOf":{"@id":"https:\/\/staging-appetitgo.empowerdigitaldata.com\/en\/#website"},"primaryImageOfPage":{"@id":"https:\/\/staging-appetitgo.empowerdigitaldata.com\/en\/produit\/nordic-shrimps-fruits-de-mer-du-quebec\/#primaryimage"},"image":{"@id":"https:\/\/staging-appetitgo.empowerdigitaldata.com\/en\/produit\/nordic-shrimps-fruits-de-mer-du-quebec\/#primaryimage"},"thumbnailUrl":"https:\/\/staging-appetitgo.empowerdigitaldata.com\/wp-content\/uploads\/2024\/07\/crevettes-fdmq-quebec-appetitgo.webp","datePublished":"2024-07-31T14:26:13+00:00","dateModified":"2024-12-21T01:33:48+00:00","description":"Enjoy our Fruits de Mer du Qu\u00e9bec Nordic shrimps, ready to eat. Ideal for your dishes, they add a delicious touch of freshness!","breadcrumb":{"@id":"https:\/\/staging-appetitgo.empowerdigitaldata.com\/en\/produit\/nordic-shrimps-fruits-de-mer-du-quebec\/#breadcrumb"},"inLanguage":"en-US","potentialAction":[{"@type":"ReadAction","target":["https:\/\/staging-appetitgo.empowerdigitaldata.com\/en\/produit\/nordic-shrimps-fruits-de-mer-du-quebec\/"]}]},{"@type":"ImageObject","inLanguage":"en-US","@id":"https:\/\/staging-appetitgo.empowerdigitaldata.com\/en\/produit\/nordic-shrimps-fruits-de-mer-du-quebec\/#primaryimage","url":"https:\/\/staging-appetitgo.empowerdigitaldata.com\/wp-content\/uploads\/2024\/07\/crevettes-fdmq-quebec-appetitgo.webp","contentUrl":"https:\/\/staging-appetitgo.empowerdigitaldata.com\/wp-content\/uploads\/2024\/07\/crevettes-fdmq-quebec-appetitgo.webp","width":800,"height":800,"caption":"crevettes \u00e0 faire livrer \u00e0 son domicile. Produit du Qu\u00e9bec"},{"@type":"BreadcrumbList","@id":"https:\/\/staging-appetitgo.empowerdigitaldata.com\/en\/produit\/nordic-shrimps-fruits-de-mer-du-quebec\/#breadcrumb","itemListElement":[{"@type":"ListItem","position":1,"name":"Home","item":"https:\/\/staging-appetitgo.empowerdigitaldata.com\/en\/"},{"@type":"ListItem","position":2,"name":"Products","item":"https:\/\/staging-appetitgo.empowerdigitaldata.com\/en\/shop\/"},{"@type":"ListItem","position":3,"name":"Nordic shrimps- Fruits de mer du Qu\u00e9bec"}]},{"@type":"WebSite","@id":"https:\/\/staging-appetitgo.empowerdigitaldata.com\/en\/#website","url":"https:\/\/staging-appetitgo.empowerdigitaldata.com\/en\/","name":"App\u00e9tit Go","description":"","publisher":{"@id":"https:\/\/staging-appetitgo.empowerdigitaldata.com\/en\/#organization"},"potentialAction":[{"@type":"SearchAction","target":{"@type":"EntryPoint","urlTemplate":"https:\/\/staging-appetitgo.empowerdigitaldata.com\/en\/?s={search_term_string}"},"query-input":{"@type":"PropertyValueSpecification","valueRequired":true,"valueName":"search_term_string"}}],"inLanguage":"en-US"},{"@type":"Organization","@id":"https:\/\/staging-appetitgo.empowerdigitaldata.com\/en\/#organization","name":"App\u00e9tit Go","url":"https:\/\/staging-appetitgo.empowerdigitaldata.com\/en\/","logo":{"@type":"ImageObject","inLanguage":"en-US","@id":"https:\/\/staging-appetitgo.empowerdigitaldata.com\/en\/#\/schema\/logo\/image\/","url":"https:\/\/staging-appetitgo.empowerdigitaldata.com\/wp-content\/uploads\/2024\/08\/Fleche-Appetit-go-4-e1724936335319.png","contentUrl":"https:\/\/staging-appetitgo.empowerdigitaldata.com\/wp-content\/uploads\/2024\/08\/Fleche-Appetit-go-4-e1724936335319.png","width":1006,"height":200,"caption":"App\u00e9tit Go"},"image":{"@id":"https:\/\/staging-appetitgo.empowerdigitaldata.com\/en\/#\/schema\/logo\/image\/"}}]},"product_price_amount":"11.99","product_price_currency":"CAD","og_availability":"instock","product_availability":"instock","product_retailer_item_id":"ZZZ045","product_condition":"new"},"_links":{"self":[{"href":"https:\/\/staging-appetitgo.empowerdigitaldata.com\/en\/wp-json\/wp\/v2\/product\/7292","targetHints":{"allow":["GET"]}}],"collection":[{"href":"https:\/\/staging-appetitgo.empowerdigitaldata.com\/en\/wp-json\/wp\/v2\/product"}],"about":[{"href":"https:\/\/staging-appetitgo.empowerdigitaldata.com\/en\/wp-json\/wp\/v2\/types\/product"}],"version-history":[{"count":0,"href":"https:\/\/staging-appetitgo.empowerdigitaldata.com\/en\/wp-json\/wp\/v2\/product\/7292\/revisions"}],"wp:featuredmedia":[{"embeddable":true,"href":"https:\/\/staging-appetitgo.empowerdigitaldata.com\/en\/wp-json\/wp\/v2\/media\/17349"}],"wp:attachment":[{"href":"https:\/\/staging-appetitgo.empowerdigitaldata.com\/en\/wp-json\/wp\/v2\/media?parent=7292"}],"wp:term":[{"taxonomy":"product_brand","embeddable":true,"href":"https:\/\/staging-appetitgo.empowerdigitaldata.com\/en\/wp-json\/wp\/v2\/product_brand?post=7292"},{"taxonomy":"product_cat","embeddable":true,"href":"https:\/\/staging-appetitgo.empowerdigitaldata.com\/en\/wp-json\/wp\/v2\/product_cat?post=7292"},{"taxonomy":"product_tag","embeddable":true,"href":"https:\/\/staging-appetitgo.empowerdigitaldata.com\/en\/wp-json\/wp\/v2\/product_tag?post=7292"},{"taxonomy":"giftcard-category","embeddable":true,"href":"https:\/\/staging-appetitgo.empowerdigitaldata.com\/en\/wp-json\/wp\/v2\/giftcard-category?post=7292"}],"curies":[{"name":"wp","href":"https:\/\/api.w.org\/{rel}","templated":true}]}}