{"id":7129,"date":"2024-10-10T14:25:53","date_gmt":"2024-10-10T18:25:53","guid":{"rendered":"https:\/\/staging-appetitgo.empowerdigitaldata.com\/produit\/chicken-with-root-vegetables-la-mere-poule\/"},"modified":"2024-10-10T14:25:53","modified_gmt":"2024-10-10T18:25:53","slug":"chicken-with-root-vegetables-la-mere-poule","status":"publish","type":"product","link":"https:\/\/staging-appetitgo.empowerdigitaldata.com\/en\/produit\/chicken-with-root-vegetables-la-mere-poule\/","title":{"rendered":"Chicken with root vegetables &#8211; La M\u00e8re Poule"},"content":{"rendered":"<p>In partnership with <strong><a title=\"La M\u00e8re Poule - Beef pur\u00e9e\" href=\"https:\/\/lamerepoule.ca\/?produit=poulet-aux-legumes-racines\" target=\"_blank\" rel=\"noopener\">La M\u00e8re Poule<\/a><\/strong>App\u00e9tit Go presents an appetizing recipe of <strong>chicken with root vegetables<\/strong>, ideal for <strong>babies aged 8 months and over<\/strong>. Prepared with exemplary ingredients, this recipe will reassure all parents concerned about their child&#8217;s diet. Our meal is designed to tantalize your little gourmet&#8217;s taste buds. The textured pur\u00e9e combines tender chicken and winter vegetables, offering baby comforting flavors to discover. As well as being tasty, this recipe also meets your child&#8217;s essential nutritional needs. Iron is a crucial nutrient for baby&#8217;s health, helping to <strong>transport oxygen in the blood<\/strong>. Our dish helps meet these iron requirements, providing a balanced and nutritious diet. Give your child a rewarding culinary experience with our Chicken with Root Vegetables recipe, which combines taste and health benefits. <\/p>\n<p>&nbsp;<\/p>\n","protected":false},"excerpt":{"rendered":"<p>This delicious baby meal combines tender chicken and nourishing root vegetables, offering a mild, enriching flavor. Perfectly suited to little palates, it guarantees healthy nutrition from the very first bite. <\/p>\n","protected":false},"featured_media":17389,"template":"","meta":{"_acf_changed":false,"_eb_attr":""},"product_brand":[],"product_cat":[136],"product_tag":[138],"giftcard-category":[],"class_list":{"0":"post-7129","1":"product","2":"type-product","3":"status-publish","4":"has-post-thumbnail","6":"product_cat-baby-products","7":"product_tag-meat","9":"first","10":"instock","11":"shipping-taxable","12":"purchasable","13":"product-type-simple"},"acf":[],"yoast_head":"<!-- This site is optimized with the Yoast SEO Premium plugin v24.8 (Yoast SEO v24.8.1) - https:\/\/yoast.com\/wordpress\/plugins\/seo\/ -->\n<title>Chicken with root vegetables - La M\u00e8re Poule - App\u00e9tit Go<\/title>\n<meta name=\"description\" content=\"Discover our baby meal box with chicken and root vegetables from La M\u00e8re Poule. Give your child a delicious and healthy taste experience.\" \/>\n<meta name=\"robots\" content=\"index, follow, max-snippet:-1, max-image-preview:large, max-video-preview:-1\" \/>\n<link rel=\"canonical\" href=\"https:\/\/staging-appetitgo.empowerdigitaldata.com\/en\/produit\/chicken-with-root-vegetables-la-mere-poule\/\" \/>\n<meta property=\"og:locale\" content=\"en_US\" \/>\n<meta property=\"og:type\" content=\"article\" \/>\n<meta property=\"og:title\" content=\"Chicken with root vegetables - La M\u00e8re Poule\" \/>\n<meta property=\"og:description\" content=\"Discover our baby meal box with chicken and root vegetables from La M\u00e8re Poule. Give your child a delicious and healthy taste experience.\" \/>\n<meta property=\"og:url\" content=\"https:\/\/staging-appetitgo.empowerdigitaldata.com\/en\/produit\/chicken-with-root-vegetables-la-mere-poule\/\" \/>\n<meta property=\"og:site_name\" content=\"App\u00e9tit Go\" \/>\n<meta property=\"og:image\" content=\"https:\/\/staging-appetitgo.empowerdigitaldata.com\/wp-content\/uploads\/2024\/10\/tout-cuit-appetit-go-16.png\" \/>\n\t<meta property=\"og:image:width\" content=\"800\" \/>\n\t<meta property=\"og:image:height\" content=\"800\" \/>\n\t<meta property=\"og:image:type\" content=\"image\/png\" \/>\n<meta name=\"twitter:card\" content=\"summary_large_image\" \/>\n<meta name=\"twitter:label1\" content=\"Price\" \/>\n\t<meta name=\"twitter:data1\" content=\"&#036;12.99\" \/>\n\t<meta name=\"twitter:label2\" content=\"Availability\" \/>\n\t<meta name=\"twitter:data2\" content=\"In stock\" \/>\n<script type=\"application\/ld+json\" class=\"yoast-schema-graph\">{\"@context\":\"https:\/\/schema.org\",\"@graph\":[{\"@type\":\"WebPage\",\"@id\":\"https:\/\/staging-appetitgo.empowerdigitaldata.com\/en\/produit\/chicken-with-root-vegetables-la-mere-poule\/\",\"url\":\"https:\/\/staging-appetitgo.empowerdigitaldata.com\/en\/produit\/chicken-with-root-vegetables-la-mere-poule\/\",\"name\":\"Chicken with root vegetables - La M\u00e8re Poule - App\u00e9tit Go\",\"isPartOf\":{\"@id\":\"https:\/\/staging-appetitgo.empowerdigitaldata.com\/en\/#website\"},\"primaryImageOfPage\":{\"@id\":\"https:\/\/staging-appetitgo.empowerdigitaldata.com\/en\/produit\/chicken-with-root-vegetables-la-mere-poule\/#primaryimage\"},\"image\":{\"@id\":\"https:\/\/staging-appetitgo.empowerdigitaldata.com\/en\/produit\/chicken-with-root-vegetables-la-mere-poule\/#primaryimage\"},\"thumbnailUrl\":\"https:\/\/staging-appetitgo.empowerdigitaldata.com\/wp-content\/uploads\/2025\/03\/127.webp\",\"datePublished\":\"2024-10-10T18:25:53+00:00\",\"description\":\"Discover our baby meal box with chicken and root vegetables from La M\u00e8re Poule. Give your child a delicious and healthy taste experience.\",\"breadcrumb\":{\"@id\":\"https:\/\/staging-appetitgo.empowerdigitaldata.com\/en\/produit\/chicken-with-root-vegetables-la-mere-poule\/#breadcrumb\"},\"inLanguage\":\"en-US\",\"potentialAction\":[{\"@type\":\"ReadAction\",\"target\":[\"https:\/\/staging-appetitgo.empowerdigitaldata.com\/en\/produit\/chicken-with-root-vegetables-la-mere-poule\/\"]}]},{\"@type\":\"ImageObject\",\"inLanguage\":\"en-US\",\"@id\":\"https:\/\/staging-appetitgo.empowerdigitaldata.com\/en\/produit\/chicken-with-root-vegetables-la-mere-poule\/#primaryimage\",\"url\":\"https:\/\/staging-appetitgo.empowerdigitaldata.com\/wp-content\/uploads\/2025\/03\/127.webp\",\"contentUrl\":\"https:\/\/staging-appetitgo.empowerdigitaldata.com\/wp-content\/uploads\/2025\/03\/127.webp\",\"width\":800,\"height\":800},{\"@type\":\"BreadcrumbList\",\"@id\":\"https:\/\/staging-appetitgo.empowerdigitaldata.com\/en\/produit\/chicken-with-root-vegetables-la-mere-poule\/#breadcrumb\",\"itemListElement\":[{\"@type\":\"ListItem\",\"position\":1,\"name\":\"Home\",\"item\":\"https:\/\/staging-appetitgo.empowerdigitaldata.com\/en\/\"},{\"@type\":\"ListItem\",\"position\":2,\"name\":\"Products\",\"item\":\"https:\/\/staging-appetitgo.empowerdigitaldata.com\/en\/shop\/\"},{\"@type\":\"ListItem\",\"position\":3,\"name\":\"Chicken with root vegetables &#8211; La M\u00e8re Poule\"}]},{\"@type\":\"WebSite\",\"@id\":\"https:\/\/staging-appetitgo.empowerdigitaldata.com\/en\/#website\",\"url\":\"https:\/\/staging-appetitgo.empowerdigitaldata.com\/en\/\",\"name\":\"App\u00e9tit Go\",\"description\":\"\",\"publisher\":{\"@id\":\"https:\/\/staging-appetitgo.empowerdigitaldata.com\/en\/#organization\"},\"potentialAction\":[{\"@type\":\"SearchAction\",\"target\":{\"@type\":\"EntryPoint\",\"urlTemplate\":\"https:\/\/staging-appetitgo.empowerdigitaldata.com\/en\/?s={search_term_string}\"},\"query-input\":{\"@type\":\"PropertyValueSpecification\",\"valueRequired\":true,\"valueName\":\"search_term_string\"}}],\"inLanguage\":\"en-US\"},{\"@type\":\"Organization\",\"@id\":\"https:\/\/staging-appetitgo.empowerdigitaldata.com\/en\/#organization\",\"name\":\"App\u00e9tit Go\",\"url\":\"https:\/\/staging-appetitgo.empowerdigitaldata.com\/en\/\",\"logo\":{\"@type\":\"ImageObject\",\"inLanguage\":\"en-US\",\"@id\":\"https:\/\/staging-appetitgo.empowerdigitaldata.com\/en\/#\/schema\/logo\/image\/\",\"url\":\"https:\/\/staging-appetitgo.empowerdigitaldata.com\/wp-content\/uploads\/2024\/08\/Fleche-Appetit-go-4-e1724936335319.png\",\"contentUrl\":\"https:\/\/staging-appetitgo.empowerdigitaldata.com\/wp-content\/uploads\/2024\/08\/Fleche-Appetit-go-4-e1724936335319.png\",\"width\":1006,\"height\":200,\"caption\":\"App\u00e9tit Go\"},\"image\":{\"@id\":\"https:\/\/staging-appetitgo.empowerdigitaldata.com\/en\/#\/schema\/logo\/image\/\"}}]}<\/script>\n<meta property=\"product:price:amount\" content=\"12.99\" \/>\n<meta property=\"product:price:currency\" content=\"CAD\" \/>\n<meta property=\"og:availability\" content=\"instock\" \/>\n<meta property=\"product:availability\" content=\"instock\" \/>\n<meta property=\"product:retailer_item_id\" content=\"ZZZ006\" \/>\n<meta property=\"product:condition\" content=\"new\" \/>\n<!-- \/ Yoast SEO Premium plugin. -->","yoast_head_json":{"title":"Chicken with root vegetables - La M\u00e8re Poule - App\u00e9tit Go","description":"Discover our baby meal box with chicken and root vegetables from La M\u00e8re Poule. Give your child a delicious and healthy taste experience.","robots":{"index":"index","follow":"follow","max-snippet":"max-snippet:-1","max-image-preview":"max-image-preview:large","max-video-preview":"max-video-preview:-1"},"canonical":"https:\/\/staging-appetitgo.empowerdigitaldata.com\/en\/produit\/chicken-with-root-vegetables-la-mere-poule\/","og_locale":"en_US","og_type":"article","og_title":"Chicken with root vegetables - La M\u00e8re Poule","og_description":"Discover our baby meal box with chicken and root vegetables from La M\u00e8re Poule. Give your child a delicious and healthy taste experience.","og_url":"https:\/\/staging-appetitgo.empowerdigitaldata.com\/en\/produit\/chicken-with-root-vegetables-la-mere-poule\/","og_site_name":"App\u00e9tit Go","og_image":[{"width":800,"height":800,"url":"https:\/\/staging-appetitgo.empowerdigitaldata.com\/wp-content\/uploads\/2024\/10\/tout-cuit-appetit-go-16.png","type":"image\/png"}],"twitter_card":"summary_large_image","twitter_misc":{"Price":"&#36;12.99","Availability":"In stock"},"schema":{"@context":"https:\/\/schema.org","@graph":[{"@type":"WebPage","@id":"https:\/\/staging-appetitgo.empowerdigitaldata.com\/en\/produit\/chicken-with-root-vegetables-la-mere-poule\/","url":"https:\/\/staging-appetitgo.empowerdigitaldata.com\/en\/produit\/chicken-with-root-vegetables-la-mere-poule\/","name":"Chicken with root vegetables - La M\u00e8re Poule - App\u00e9tit Go","isPartOf":{"@id":"https:\/\/staging-appetitgo.empowerdigitaldata.com\/en\/#website"},"primaryImageOfPage":{"@id":"https:\/\/staging-appetitgo.empowerdigitaldata.com\/en\/produit\/chicken-with-root-vegetables-la-mere-poule\/#primaryimage"},"image":{"@id":"https:\/\/staging-appetitgo.empowerdigitaldata.com\/en\/produit\/chicken-with-root-vegetables-la-mere-poule\/#primaryimage"},"thumbnailUrl":"https:\/\/staging-appetitgo.empowerdigitaldata.com\/wp-content\/uploads\/2025\/03\/127.webp","datePublished":"2024-10-10T18:25:53+00:00","description":"Discover our baby meal box with chicken and root vegetables from La M\u00e8re Poule. Give your child a delicious and healthy taste experience.","breadcrumb":{"@id":"https:\/\/staging-appetitgo.empowerdigitaldata.com\/en\/produit\/chicken-with-root-vegetables-la-mere-poule\/#breadcrumb"},"inLanguage":"en-US","potentialAction":[{"@type":"ReadAction","target":["https:\/\/staging-appetitgo.empowerdigitaldata.com\/en\/produit\/chicken-with-root-vegetables-la-mere-poule\/"]}]},{"@type":"ImageObject","inLanguage":"en-US","@id":"https:\/\/staging-appetitgo.empowerdigitaldata.com\/en\/produit\/chicken-with-root-vegetables-la-mere-poule\/#primaryimage","url":"https:\/\/staging-appetitgo.empowerdigitaldata.com\/wp-content\/uploads\/2025\/03\/127.webp","contentUrl":"https:\/\/staging-appetitgo.empowerdigitaldata.com\/wp-content\/uploads\/2025\/03\/127.webp","width":800,"height":800},{"@type":"BreadcrumbList","@id":"https:\/\/staging-appetitgo.empowerdigitaldata.com\/en\/produit\/chicken-with-root-vegetables-la-mere-poule\/#breadcrumb","itemListElement":[{"@type":"ListItem","position":1,"name":"Home","item":"https:\/\/staging-appetitgo.empowerdigitaldata.com\/en\/"},{"@type":"ListItem","position":2,"name":"Products","item":"https:\/\/staging-appetitgo.empowerdigitaldata.com\/en\/shop\/"},{"@type":"ListItem","position":3,"name":"Chicken with root vegetables &#8211; La M\u00e8re Poule"}]},{"@type":"WebSite","@id":"https:\/\/staging-appetitgo.empowerdigitaldata.com\/en\/#website","url":"https:\/\/staging-appetitgo.empowerdigitaldata.com\/en\/","name":"App\u00e9tit Go","description":"","publisher":{"@id":"https:\/\/staging-appetitgo.empowerdigitaldata.com\/en\/#organization"},"potentialAction":[{"@type":"SearchAction","target":{"@type":"EntryPoint","urlTemplate":"https:\/\/staging-appetitgo.empowerdigitaldata.com\/en\/?s={search_term_string}"},"query-input":{"@type":"PropertyValueSpecification","valueRequired":true,"valueName":"search_term_string"}}],"inLanguage":"en-US"},{"@type":"Organization","@id":"https:\/\/staging-appetitgo.empowerdigitaldata.com\/en\/#organization","name":"App\u00e9tit Go","url":"https:\/\/staging-appetitgo.empowerdigitaldata.com\/en\/","logo":{"@type":"ImageObject","inLanguage":"en-US","@id":"https:\/\/staging-appetitgo.empowerdigitaldata.com\/en\/#\/schema\/logo\/image\/","url":"https:\/\/staging-appetitgo.empowerdigitaldata.com\/wp-content\/uploads\/2024\/08\/Fleche-Appetit-go-4-e1724936335319.png","contentUrl":"https:\/\/staging-appetitgo.empowerdigitaldata.com\/wp-content\/uploads\/2024\/08\/Fleche-Appetit-go-4-e1724936335319.png","width":1006,"height":200,"caption":"App\u00e9tit Go"},"image":{"@id":"https:\/\/staging-appetitgo.empowerdigitaldata.com\/en\/#\/schema\/logo\/image\/"}}]},"product_price_amount":"12.99","product_price_currency":"CAD","og_availability":"instock","product_availability":"instock","product_retailer_item_id":"ZZZ006","product_condition":"new"},"_links":{"self":[{"href":"https:\/\/staging-appetitgo.empowerdigitaldata.com\/en\/wp-json\/wp\/v2\/product\/7129","targetHints":{"allow":["GET"]}}],"collection":[{"href":"https:\/\/staging-appetitgo.empowerdigitaldata.com\/en\/wp-json\/wp\/v2\/product"}],"about":[{"href":"https:\/\/staging-appetitgo.empowerdigitaldata.com\/en\/wp-json\/wp\/v2\/types\/product"}],"version-history":[{"count":0,"href":"https:\/\/staging-appetitgo.empowerdigitaldata.com\/en\/wp-json\/wp\/v2\/product\/7129\/revisions"}],"wp:featuredmedia":[{"embeddable":true,"href":"https:\/\/staging-appetitgo.empowerdigitaldata.com\/en\/wp-json\/wp\/v2\/media\/17389"}],"wp:attachment":[{"href":"https:\/\/staging-appetitgo.empowerdigitaldata.com\/en\/wp-json\/wp\/v2\/media?parent=7129"}],"wp:term":[{"taxonomy":"product_brand","embeddable":true,"href":"https:\/\/staging-appetitgo.empowerdigitaldata.com\/en\/wp-json\/wp\/v2\/product_brand?post=7129"},{"taxonomy":"product_cat","embeddable":true,"href":"https:\/\/staging-appetitgo.empowerdigitaldata.com\/en\/wp-json\/wp\/v2\/product_cat?post=7129"},{"taxonomy":"product_tag","embeddable":true,"href":"https:\/\/staging-appetitgo.empowerdigitaldata.com\/en\/wp-json\/wp\/v2\/product_tag?post=7129"},{"taxonomy":"giftcard-category","embeddable":true,"href":"https:\/\/staging-appetitgo.empowerdigitaldata.com\/en\/wp-json\/wp\/v2\/giftcard-category?post=7129"}],"curies":[{"name":"wp","href":"https:\/\/api.w.org\/{rel}","templated":true}]}}