{"id":369,"date":"2024-07-31T10:26:48","date_gmt":"2024-07-31T14:26:48","guid":{"rendered":"https:\/\/staging-appetitgo.empowerdigitaldata.com\/product\/poulet-cordon-bleu\/"},"modified":"2025-04-03T21:18:17","modified_gmt":"2025-04-04T01:18:17","slug":"poulet-cordon-bleu-pret-a-manger-appetit-go","status":"publish","type":"product","link":"https:\/\/staging-appetitgo.empowerdigitaldata.com\/en\/produit\/poulet-cordon-bleu-pret-a-manger-appetit-go\/","title":{"rendered":"Poulet Cordon Bleu"},"content":{"rendered":"<p>D\u00e9couvrez notre <strong>poulet cordon bleu<\/strong>, une v\u00e9ritable sp\u00e9cialit\u00e9 culinaire. Ce supr\u00eame de poulet farci au jambon et au fromage, napp\u00e9 d&#8217;une sauce maison aux champignons, offre une explosion de saveurs. Le tout s&#8217;accompagne d\u2019une pur\u00e9e de pommes de terre douces.<\/p>\n<p>Envelopp\u00e9 dans une panure croustillante, r\u00e9galez-vous de ce poulet dor\u00e9 \u00e0 la perfection. La cuisson est ma\u00eetris\u00e9e pour garantir une texture juteuse. \u00c0 chaque bouch\u00e9e, vous appr\u00e9cierez le contraste entre le croustillant et le fondant.<\/p>\n<p>Notre cordon bleu se marie parfaitement avec des l\u00e9gumes de saison.\u00a0 Facile \u00e0 pr\u00e9parer, il saura s\u00e9duire les amateurs de cuisine.\u00a0 Savourez des ingr\u00e9dients soigneusement s\u00e9lectionn\u00e9s pour une qualit\u00e9 optimale. Voici un plat r\u00e9confortant et savoureux qui saura conqu\u00e9rir les plus fins palais !<\/p>\n<p>Le poulet cordon bleu est un choix parfait pour les gourmands. Ne manquez pas ce d\u00e9lice !<\/p>\n","protected":false},"excerpt":{"rendered":"<p>D\u00e9couvrez notre poulet cordon bleu : des filets de poulet tendres farcis de jambon et de fromage, enrob\u00e9s d&#8217;une panure croustillante. Parfait pour un repas savoureux et gourmand, qui ravira toute la famille !<\/p>\n","protected":false},"featured_media":17323,"template":"","meta":{"_acf_changed":false,"_eb_attr":""},"product_brand":[],"product_cat":[20,16],"product_tag":[173,23],"giftcard-category":[],"class_list":{"0":"post-369","1":"product","2":"type-product","3":"status-publish","4":"has-post-thumbnail","6":"product_cat-pret-a-manger","7":"product_cat-epicerie","8":"product_tag-tout-cuit","9":"product_tag-viande","11":"first","12":"instock","13":"shipping-taxable","14":"purchasable","15":"product-type-simple"},"acf":[],"yoast_head":"<!-- This site is optimized with the Yoast SEO Premium plugin v24.8 (Yoast SEO v24.8.1) - https:\/\/yoast.com\/wordpress\/plugins\/seo\/ -->\n<title>Poulet Cordon Bleu - App\u00e9tit Go<\/title>\n<meta name=\"description\" content=\"Un supr\u00eame cordon bleu de poulet farci au jambon, fromage et sauce maison aux champignons accompagn\u00e9 d\u2019une pur\u00e9e de pommes de terre douces !\" \/>\n<meta name=\"robots\" content=\"index, follow, max-snippet:-1, max-image-preview:large, max-video-preview:-1\" \/>\n<link rel=\"canonical\" href=\"https:\/\/staging-appetitgo.empowerdigitaldata.com\/en\/produit\/poulet-cordon-bleu-pret-a-manger-appetit-go\/\" \/>\n<meta property=\"og:locale\" content=\"en_US\" \/>\n<meta property=\"og:type\" content=\"article\" \/>\n<meta property=\"og:title\" content=\"Poulet Cordon Bleu\" \/>\n<meta property=\"og:description\" content=\"Un supr\u00eame cordon bleu de poulet farci au jambon, fromage et sauce maison aux champignons accompagn\u00e9 d\u2019une pur\u00e9e de pommes de terre douces !\" \/>\n<meta property=\"og:url\" content=\"https:\/\/staging-appetitgo.empowerdigitaldata.com\/en\/produit\/poulet-cordon-bleu-pret-a-manger-appetit-go\/\" \/>\n<meta property=\"og:site_name\" content=\"App\u00e9tit Go\" \/>\n<meta property=\"article:modified_time\" content=\"2025-04-04T01:18:17+00:00\" \/>\n<meta property=\"og:image\" content=\"https:\/\/staging-appetitgo.empowerdigitaldata.com\/wp-content\/uploads\/2025\/03\/poulet-cordon-bleu-toutcuit.webp\" \/>\n\t<meta property=\"og:image:width\" content=\"800\" \/>\n\t<meta property=\"og:image:height\" content=\"800\" \/>\n\t<meta property=\"og:image:type\" content=\"image\/webp\" \/>\n<meta name=\"twitter:card\" content=\"summary_large_image\" \/>\n<meta name=\"twitter:label1\" content=\"Price\" \/>\n\t<meta name=\"twitter:data1\" content=\"&#036;11.49\" \/>\n\t<meta name=\"twitter:label2\" content=\"Availability\" \/>\n\t<meta name=\"twitter:data2\" content=\"In stock\" \/>\n<script type=\"application\/ld+json\" class=\"yoast-schema-graph\">{\"@context\":\"https:\/\/schema.org\",\"@graph\":[{\"@type\":\"WebPage\",\"@id\":\"https:\/\/staging-appetitgo.empowerdigitaldata.com\/en\/produit\/poulet-cordon-bleu-pret-a-manger-appetit-go\/\",\"url\":\"https:\/\/staging-appetitgo.empowerdigitaldata.com\/en\/produit\/poulet-cordon-bleu-pret-a-manger-appetit-go\/\",\"name\":\"Poulet Cordon Bleu - App\u00e9tit Go\",\"isPartOf\":{\"@id\":\"https:\/\/staging-appetitgo.empowerdigitaldata.com\/en\/#website\"},\"primaryImageOfPage\":{\"@id\":\"https:\/\/staging-appetitgo.empowerdigitaldata.com\/en\/produit\/poulet-cordon-bleu-pret-a-manger-appetit-go\/#primaryimage\"},\"image\":{\"@id\":\"https:\/\/staging-appetitgo.empowerdigitaldata.com\/en\/produit\/poulet-cordon-bleu-pret-a-manger-appetit-go\/#primaryimage\"},\"thumbnailUrl\":\"https:\/\/staging-appetitgo.empowerdigitaldata.com\/wp-content\/uploads\/2025\/03\/poulet-cordon-bleu-toutcuit.webp\",\"datePublished\":\"2024-07-31T14:26:48+00:00\",\"dateModified\":\"2025-04-04T01:18:17+00:00\",\"description\":\"Un supr\u00eame cordon bleu de poulet farci au jambon, fromage et sauce maison aux champignons accompagn\u00e9 d\u2019une pur\u00e9e de pommes de terre douces !\",\"breadcrumb\":{\"@id\":\"https:\/\/staging-appetitgo.empowerdigitaldata.com\/en\/produit\/poulet-cordon-bleu-pret-a-manger-appetit-go\/#breadcrumb\"},\"inLanguage\":\"en-US\",\"potentialAction\":[{\"@type\":\"ReadAction\",\"target\":[\"https:\/\/staging-appetitgo.empowerdigitaldata.com\/en\/produit\/poulet-cordon-bleu-pret-a-manger-appetit-go\/\"]}]},{\"@type\":\"ImageObject\",\"inLanguage\":\"en-US\",\"@id\":\"https:\/\/staging-appetitgo.empowerdigitaldata.com\/en\/produit\/poulet-cordon-bleu-pret-a-manger-appetit-go\/#primaryimage\",\"url\":\"https:\/\/staging-appetitgo.empowerdigitaldata.com\/wp-content\/uploads\/2025\/03\/poulet-cordon-bleu-toutcuit.webp\",\"contentUrl\":\"https:\/\/staging-appetitgo.empowerdigitaldata.com\/wp-content\/uploads\/2025\/03\/poulet-cordon-bleu-toutcuit.webp\",\"width\":800,\"height\":800},{\"@type\":\"BreadcrumbList\",\"@id\":\"https:\/\/staging-appetitgo.empowerdigitaldata.com\/en\/produit\/poulet-cordon-bleu-pret-a-manger-appetit-go\/#breadcrumb\",\"itemListElement\":[{\"@type\":\"ListItem\",\"position\":1,\"name\":\"Home\",\"item\":\"https:\/\/staging-appetitgo.empowerdigitaldata.com\/en\/\"},{\"@type\":\"ListItem\",\"position\":2,\"name\":\"Products\",\"item\":\"https:\/\/staging-appetitgo.empowerdigitaldata.com\/en\/shop\/\"},{\"@type\":\"ListItem\",\"position\":3,\"name\":\"Poulet Cordon Bleu\"}]},{\"@type\":\"WebSite\",\"@id\":\"https:\/\/staging-appetitgo.empowerdigitaldata.com\/en\/#website\",\"url\":\"https:\/\/staging-appetitgo.empowerdigitaldata.com\/en\/\",\"name\":\"App\u00e9tit Go\",\"description\":\"\",\"publisher\":{\"@id\":\"https:\/\/staging-appetitgo.empowerdigitaldata.com\/en\/#organization\"},\"potentialAction\":[{\"@type\":\"SearchAction\",\"target\":{\"@type\":\"EntryPoint\",\"urlTemplate\":\"https:\/\/staging-appetitgo.empowerdigitaldata.com\/en\/?s={search_term_string}\"},\"query-input\":{\"@type\":\"PropertyValueSpecification\",\"valueRequired\":true,\"valueName\":\"search_term_string\"}}],\"inLanguage\":\"en-US\"},{\"@type\":\"Organization\",\"@id\":\"https:\/\/staging-appetitgo.empowerdigitaldata.com\/en\/#organization\",\"name\":\"App\u00e9tit Go\",\"url\":\"https:\/\/staging-appetitgo.empowerdigitaldata.com\/en\/\",\"logo\":{\"@type\":\"ImageObject\",\"inLanguage\":\"en-US\",\"@id\":\"https:\/\/staging-appetitgo.empowerdigitaldata.com\/en\/#\/schema\/logo\/image\/\",\"url\":\"https:\/\/staging-appetitgo.empowerdigitaldata.com\/wp-content\/uploads\/2024\/08\/Fleche-Appetit-go-4-e1724936335319.png\",\"contentUrl\":\"https:\/\/staging-appetitgo.empowerdigitaldata.com\/wp-content\/uploads\/2024\/08\/Fleche-Appetit-go-4-e1724936335319.png\",\"width\":1006,\"height\":200,\"caption\":\"App\u00e9tit Go\"},\"image\":{\"@id\":\"https:\/\/staging-appetitgo.empowerdigitaldata.com\/en\/#\/schema\/logo\/image\/\"}}]}<\/script>\n<meta property=\"product:price:amount\" content=\"11.49\" \/>\n<meta property=\"product:price:currency\" content=\"CAD\" \/>\n<meta property=\"og:availability\" content=\"instock\" \/>\n<meta property=\"product:availability\" content=\"instock\" \/>\n<meta property=\"product:retailer_item_id\" content=\"CCC5\" \/>\n<meta property=\"product:condition\" content=\"new\" \/>\n<!-- \/ Yoast SEO Premium plugin. -->","yoast_head_json":{"title":"Poulet Cordon Bleu - App\u00e9tit Go","description":"Un supr\u00eame cordon bleu de poulet farci au jambon, fromage et sauce maison aux champignons accompagn\u00e9 d\u2019une pur\u00e9e de pommes de terre douces !","robots":{"index":"index","follow":"follow","max-snippet":"max-snippet:-1","max-image-preview":"max-image-preview:large","max-video-preview":"max-video-preview:-1"},"canonical":"https:\/\/staging-appetitgo.empowerdigitaldata.com\/en\/produit\/poulet-cordon-bleu-pret-a-manger-appetit-go\/","og_locale":"en_US","og_type":"article","og_title":"Poulet Cordon Bleu","og_description":"Un supr\u00eame cordon bleu de poulet farci au jambon, fromage et sauce maison aux champignons accompagn\u00e9 d\u2019une pur\u00e9e de pommes de terre douces !","og_url":"https:\/\/staging-appetitgo.empowerdigitaldata.com\/en\/produit\/poulet-cordon-bleu-pret-a-manger-appetit-go\/","og_site_name":"App\u00e9tit Go","article_modified_time":"2025-04-04T01:18:17+00:00","og_image":[{"width":800,"height":800,"url":"https:\/\/staging-appetitgo.empowerdigitaldata.com\/wp-content\/uploads\/2025\/03\/poulet-cordon-bleu-toutcuit.webp","type":"image\/webp"}],"twitter_card":"summary_large_image","twitter_misc":{"Price":"&#36;11.49","Availability":"In stock"},"schema":{"@context":"https:\/\/schema.org","@graph":[{"@type":"WebPage","@id":"https:\/\/staging-appetitgo.empowerdigitaldata.com\/en\/produit\/poulet-cordon-bleu-pret-a-manger-appetit-go\/","url":"https:\/\/staging-appetitgo.empowerdigitaldata.com\/en\/produit\/poulet-cordon-bleu-pret-a-manger-appetit-go\/","name":"Poulet Cordon Bleu - App\u00e9tit Go","isPartOf":{"@id":"https:\/\/staging-appetitgo.empowerdigitaldata.com\/en\/#website"},"primaryImageOfPage":{"@id":"https:\/\/staging-appetitgo.empowerdigitaldata.com\/en\/produit\/poulet-cordon-bleu-pret-a-manger-appetit-go\/#primaryimage"},"image":{"@id":"https:\/\/staging-appetitgo.empowerdigitaldata.com\/en\/produit\/poulet-cordon-bleu-pret-a-manger-appetit-go\/#primaryimage"},"thumbnailUrl":"https:\/\/staging-appetitgo.empowerdigitaldata.com\/wp-content\/uploads\/2025\/03\/poulet-cordon-bleu-toutcuit.webp","datePublished":"2024-07-31T14:26:48+00:00","dateModified":"2025-04-04T01:18:17+00:00","description":"Un supr\u00eame cordon bleu de poulet farci au jambon, fromage et sauce maison aux champignons accompagn\u00e9 d\u2019une pur\u00e9e de pommes de terre douces !","breadcrumb":{"@id":"https:\/\/staging-appetitgo.empowerdigitaldata.com\/en\/produit\/poulet-cordon-bleu-pret-a-manger-appetit-go\/#breadcrumb"},"inLanguage":"en-US","potentialAction":[{"@type":"ReadAction","target":["https:\/\/staging-appetitgo.empowerdigitaldata.com\/en\/produit\/poulet-cordon-bleu-pret-a-manger-appetit-go\/"]}]},{"@type":"ImageObject","inLanguage":"en-US","@id":"https:\/\/staging-appetitgo.empowerdigitaldata.com\/en\/produit\/poulet-cordon-bleu-pret-a-manger-appetit-go\/#primaryimage","url":"https:\/\/staging-appetitgo.empowerdigitaldata.com\/wp-content\/uploads\/2025\/03\/poulet-cordon-bleu-toutcuit.webp","contentUrl":"https:\/\/staging-appetitgo.empowerdigitaldata.com\/wp-content\/uploads\/2025\/03\/poulet-cordon-bleu-toutcuit.webp","width":800,"height":800},{"@type":"BreadcrumbList","@id":"https:\/\/staging-appetitgo.empowerdigitaldata.com\/en\/produit\/poulet-cordon-bleu-pret-a-manger-appetit-go\/#breadcrumb","itemListElement":[{"@type":"ListItem","position":1,"name":"Home","item":"https:\/\/staging-appetitgo.empowerdigitaldata.com\/en\/"},{"@type":"ListItem","position":2,"name":"Products","item":"https:\/\/staging-appetitgo.empowerdigitaldata.com\/en\/shop\/"},{"@type":"ListItem","position":3,"name":"Poulet Cordon Bleu"}]},{"@type":"WebSite","@id":"https:\/\/staging-appetitgo.empowerdigitaldata.com\/en\/#website","url":"https:\/\/staging-appetitgo.empowerdigitaldata.com\/en\/","name":"App\u00e9tit Go","description":"","publisher":{"@id":"https:\/\/staging-appetitgo.empowerdigitaldata.com\/en\/#organization"},"potentialAction":[{"@type":"SearchAction","target":{"@type":"EntryPoint","urlTemplate":"https:\/\/staging-appetitgo.empowerdigitaldata.com\/en\/?s={search_term_string}"},"query-input":{"@type":"PropertyValueSpecification","valueRequired":true,"valueName":"search_term_string"}}],"inLanguage":"en-US"},{"@type":"Organization","@id":"https:\/\/staging-appetitgo.empowerdigitaldata.com\/en\/#organization","name":"App\u00e9tit Go","url":"https:\/\/staging-appetitgo.empowerdigitaldata.com\/en\/","logo":{"@type":"ImageObject","inLanguage":"en-US","@id":"https:\/\/staging-appetitgo.empowerdigitaldata.com\/en\/#\/schema\/logo\/image\/","url":"https:\/\/staging-appetitgo.empowerdigitaldata.com\/wp-content\/uploads\/2024\/08\/Fleche-Appetit-go-4-e1724936335319.png","contentUrl":"https:\/\/staging-appetitgo.empowerdigitaldata.com\/wp-content\/uploads\/2024\/08\/Fleche-Appetit-go-4-e1724936335319.png","width":1006,"height":200,"caption":"App\u00e9tit Go"},"image":{"@id":"https:\/\/staging-appetitgo.empowerdigitaldata.com\/en\/#\/schema\/logo\/image\/"}}]},"product_price_amount":"11.49","product_price_currency":"CAD","og_availability":"instock","product_availability":"instock","product_retailer_item_id":"CCC5","product_condition":"new"},"_links":{"self":[{"href":"https:\/\/staging-appetitgo.empowerdigitaldata.com\/en\/wp-json\/wp\/v2\/product\/369","targetHints":{"allow":["GET"]}}],"collection":[{"href":"https:\/\/staging-appetitgo.empowerdigitaldata.com\/en\/wp-json\/wp\/v2\/product"}],"about":[{"href":"https:\/\/staging-appetitgo.empowerdigitaldata.com\/en\/wp-json\/wp\/v2\/types\/product"}],"version-history":[{"count":2,"href":"https:\/\/staging-appetitgo.empowerdigitaldata.com\/en\/wp-json\/wp\/v2\/product\/369\/revisions"}],"predecessor-version":[{"id":17252,"href":"https:\/\/staging-appetitgo.empowerdigitaldata.com\/en\/wp-json\/wp\/v2\/product\/369\/revisions\/17252"}],"wp:featuredmedia":[{"embeddable":true,"href":"https:\/\/staging-appetitgo.empowerdigitaldata.com\/en\/wp-json\/wp\/v2\/media\/17323"}],"wp:attachment":[{"href":"https:\/\/staging-appetitgo.empowerdigitaldata.com\/en\/wp-json\/wp\/v2\/media?parent=369"}],"wp:term":[{"taxonomy":"product_brand","embeddable":true,"href":"https:\/\/staging-appetitgo.empowerdigitaldata.com\/en\/wp-json\/wp\/v2\/product_brand?post=369"},{"taxonomy":"product_cat","embeddable":true,"href":"https:\/\/staging-appetitgo.empowerdigitaldata.com\/en\/wp-json\/wp\/v2\/product_cat?post=369"},{"taxonomy":"product_tag","embeddable":true,"href":"https:\/\/staging-appetitgo.empowerdigitaldata.com\/en\/wp-json\/wp\/v2\/product_tag?post=369"},{"taxonomy":"giftcard-category","embeddable":true,"href":"https:\/\/staging-appetitgo.empowerdigitaldata.com\/en\/wp-json\/wp\/v2\/giftcard-category?post=369"}],"curies":[{"name":"wp","href":"https:\/\/api.w.org\/{rel}","templated":true}]}}