{"id":314,"date":"2024-07-31T10:26:30","date_gmt":"2024-07-31T14:26:30","guid":{"rendered":"https:\/\/staging-appetitgo.empowerdigitaldata.com\/product\/penne-poulet-alfredo\/"},"modified":"2025-04-04T11:54:33","modified_gmt":"2025-04-04T15:54:33","slug":"penne-poulet-alfredo-repas-rapide-a-faire-livrer-a-votre-domicile-appetit-go","status":"publish","type":"product","link":"https:\/\/staging-appetitgo.empowerdigitaldata.com\/en\/produit\/penne-poulet-alfredo-repas-rapide-a-faire-livrer-a-votre-domicile-appetit-go\/","title":{"rendered":"Penne poulet Alfredo"},"content":{"rendered":"<p>D\u00e9couvrez nos d\u00e9licieuses <strong>penne poulet Alfredo<\/strong>. Ce plat savoureux se distingue par sa sauce Alfredo onctueuse. Pr\u00e9par\u00e9e avec du vin blanc et du parmesan, elle envo\u00fbte les papilles. De plus, nous ajoutons des morceaux tendres de poulet pour une exp\u00e9rience riche en saveurs. Les petits pois viennent \u00e9galement compl\u00e9ter ce m\u00e9lange avec leur douceur croquante.<\/p>\n<p>Facile \u00e0 r\u00e9chauffer, ce d\u00e9lice est pr\u00eat en quelques minutes. Ainsi, il convient parfaitement aux soir\u00e9es charg\u00e9es ou aux pauses d\u00e9jeuner. En choisissant notre repas, vous optez pour la qualit\u00e9 sans compromis. Chaque bouch\u00e9e promet un go\u00fbt authentique et r\u00e9confortant.<\/p>\n<p>De plus, notre plat est con\u00e7u pour plaire \u00e0 toute la famille. Que ce soit pour un repas tranquille ou un d\u00eener convivial, quoi qu&#8217;il arrive, il fera sensation. En somme, il est le choix parfait pour ceux qui recherchent la simplicit\u00e9 et le go\u00fbt.<\/p>\n<p>N\u2019attendez donc plus pour essayer ce d\u00e9licieux repas pr\u00eat-\u00e0-manger. Offrez-vous une pause gourmande tout en profitant d\u2019un plat qui ravira vos convives. Commandez d\u00e8s aujourd&#8217;hui et savourez ce d\u00e9lice \u00e0 la maison !<\/p>\n","protected":false},"excerpt":{"rendered":"<p>D\u00e9couvrez notre repas pr\u00eat-\u00e0-manger, une d\u00e9licieuse combinaison de sauce Alfredo maison, de poulet tendre et de petits pois. \u00c9galement, facile \u00e0 r\u00e9chauffer, ce plat savoureux est parfait pour des d\u00eeners rapides ou des soupers press\u00e9s. Un choix ainsi id\u00e9al pour toute la famille !<\/p>\n","protected":false},"featured_media":17432,"template":"","meta":{"_acf_changed":false,"_eb_attr":""},"product_brand":[],"product_cat":[20,16],"product_tag":[36,173],"giftcard-category":[],"class_list":{"0":"post-314","1":"product","2":"type-product","3":"status-publish","4":"has-post-thumbnail","6":"product_cat-pret-a-manger","7":"product_cat-epicerie","8":"product_tag-pates","9":"product_tag-tout-cuit","11":"first","12":"instock","13":"shipping-taxable","14":"purchasable","15":"product-type-simple"},"acf":[],"yoast_head":"<!-- This site is optimized with the Yoast SEO Premium plugin v24.8 (Yoast SEO v24.8.1) - https:\/\/yoast.com\/wordpress\/plugins\/seo\/ -->\n<title>Penne poulet Alfredo : Un d\u00e9licieux repas pr\u00eat-\u00e0-manger - App\u00e9tit Go<\/title>\n<meta name=\"description\" content=\"Savourez notre d\u00e9licieux Penne poulet Alfredo, une sauce onctueuse \u00e0 base de vin blanc et de parmesan, des petits pois et des morceaux de poulet !\" \/>\n<meta name=\"robots\" content=\"index, follow, max-snippet:-1, max-image-preview:large, max-video-preview:-1\" \/>\n<link rel=\"canonical\" href=\"https:\/\/staging-appetitgo.empowerdigitaldata.com\/en\/produit\/penne-poulet-alfredo-repas-rapide-a-faire-livrer-a-votre-domicile-appetit-go\/\" \/>\n<meta property=\"og:locale\" content=\"en_US\" \/>\n<meta property=\"og:type\" content=\"article\" \/>\n<meta property=\"og:title\" content=\"Penne poulet Alfredo\" \/>\n<meta property=\"og:description\" content=\"Savourez notre d\u00e9licieux Penne poulet Alfredo, une sauce onctueuse \u00e0 base de vin blanc et de parmesan, des petits pois et des morceaux de poulet !\" \/>\n<meta property=\"og:url\" content=\"https:\/\/staging-appetitgo.empowerdigitaldata.com\/en\/produit\/penne-poulet-alfredo-repas-rapide-a-faire-livrer-a-votre-domicile-appetit-go\/\" \/>\n<meta property=\"og:site_name\" content=\"App\u00e9tit Go\" \/>\n<meta property=\"article:modified_time\" content=\"2025-04-04T15:54:33+00:00\" \/>\n<meta property=\"og:image\" content=\"https:\/\/staging-appetitgo.empowerdigitaldata.com\/wp-content\/uploads\/2025\/03\/penne-alfredo-toutcuit.webp\" \/>\n\t<meta property=\"og:image:width\" content=\"800\" \/>\n\t<meta property=\"og:image:height\" content=\"800\" \/>\n\t<meta property=\"og:image:type\" content=\"image\/webp\" \/>\n<meta name=\"twitter:card\" content=\"summary_large_image\" \/>\n<meta name=\"twitter:label1\" content=\"Price\" \/>\n\t<meta name=\"twitter:data1\" content=\"&#036;9.49\" \/>\n\t<meta name=\"twitter:label2\" content=\"Availability\" \/>\n\t<meta name=\"twitter:data2\" content=\"In stock\" \/>\n<script type=\"application\/ld+json\" class=\"yoast-schema-graph\">{\"@context\":\"https:\/\/schema.org\",\"@graph\":[{\"@type\":\"WebPage\",\"@id\":\"https:\/\/staging-appetitgo.empowerdigitaldata.com\/en\/produit\/penne-poulet-alfredo-repas-rapide-a-faire-livrer-a-votre-domicile-appetit-go\/\",\"url\":\"https:\/\/staging-appetitgo.empowerdigitaldata.com\/en\/produit\/penne-poulet-alfredo-repas-rapide-a-faire-livrer-a-votre-domicile-appetit-go\/\",\"name\":\"Penne poulet Alfredo : Un d\u00e9licieux repas pr\u00eat-\u00e0-manger - App\u00e9tit Go\",\"isPartOf\":{\"@id\":\"https:\/\/staging-appetitgo.empowerdigitaldata.com\/en\/#website\"},\"primaryImageOfPage\":{\"@id\":\"https:\/\/staging-appetitgo.empowerdigitaldata.com\/en\/produit\/penne-poulet-alfredo-repas-rapide-a-faire-livrer-a-votre-domicile-appetit-go\/#primaryimage\"},\"image\":{\"@id\":\"https:\/\/staging-appetitgo.empowerdigitaldata.com\/en\/produit\/penne-poulet-alfredo-repas-rapide-a-faire-livrer-a-votre-domicile-appetit-go\/#primaryimage\"},\"thumbnailUrl\":\"https:\/\/staging-appetitgo.empowerdigitaldata.com\/wp-content\/uploads\/2025\/03\/penne-alfredo-toutcuit.webp\",\"datePublished\":\"2024-07-31T14:26:30+00:00\",\"dateModified\":\"2025-04-04T15:54:33+00:00\",\"description\":\"Savourez notre d\u00e9licieux Penne poulet Alfredo, une sauce onctueuse \u00e0 base de vin blanc et de parmesan, des petits pois et des morceaux de poulet !\",\"breadcrumb\":{\"@id\":\"https:\/\/staging-appetitgo.empowerdigitaldata.com\/en\/produit\/penne-poulet-alfredo-repas-rapide-a-faire-livrer-a-votre-domicile-appetit-go\/#breadcrumb\"},\"inLanguage\":\"en-US\",\"potentialAction\":[{\"@type\":\"ReadAction\",\"target\":[\"https:\/\/staging-appetitgo.empowerdigitaldata.com\/en\/produit\/penne-poulet-alfredo-repas-rapide-a-faire-livrer-a-votre-domicile-appetit-go\/\"]}]},{\"@type\":\"ImageObject\",\"inLanguage\":\"en-US\",\"@id\":\"https:\/\/staging-appetitgo.empowerdigitaldata.com\/en\/produit\/penne-poulet-alfredo-repas-rapide-a-faire-livrer-a-votre-domicile-appetit-go\/#primaryimage\",\"url\":\"https:\/\/staging-appetitgo.empowerdigitaldata.com\/wp-content\/uploads\/2025\/03\/penne-alfredo-toutcuit.webp\",\"contentUrl\":\"https:\/\/staging-appetitgo.empowerdigitaldata.com\/wp-content\/uploads\/2025\/03\/penne-alfredo-toutcuit.webp\",\"width\":800,\"height\":800},{\"@type\":\"BreadcrumbList\",\"@id\":\"https:\/\/staging-appetitgo.empowerdigitaldata.com\/en\/produit\/penne-poulet-alfredo-repas-rapide-a-faire-livrer-a-votre-domicile-appetit-go\/#breadcrumb\",\"itemListElement\":[{\"@type\":\"ListItem\",\"position\":1,\"name\":\"Home\",\"item\":\"https:\/\/staging-appetitgo.empowerdigitaldata.com\/en\/\"},{\"@type\":\"ListItem\",\"position\":2,\"name\":\"Products\",\"item\":\"https:\/\/staging-appetitgo.empowerdigitaldata.com\/en\/shop\/\"},{\"@type\":\"ListItem\",\"position\":3,\"name\":\"Penne poulet Alfredo\"}]},{\"@type\":\"WebSite\",\"@id\":\"https:\/\/staging-appetitgo.empowerdigitaldata.com\/en\/#website\",\"url\":\"https:\/\/staging-appetitgo.empowerdigitaldata.com\/en\/\",\"name\":\"App\u00e9tit Go\",\"description\":\"\",\"publisher\":{\"@id\":\"https:\/\/staging-appetitgo.empowerdigitaldata.com\/en\/#organization\"},\"potentialAction\":[{\"@type\":\"SearchAction\",\"target\":{\"@type\":\"EntryPoint\",\"urlTemplate\":\"https:\/\/staging-appetitgo.empowerdigitaldata.com\/en\/?s={search_term_string}\"},\"query-input\":{\"@type\":\"PropertyValueSpecification\",\"valueRequired\":true,\"valueName\":\"search_term_string\"}}],\"inLanguage\":\"en-US\"},{\"@type\":\"Organization\",\"@id\":\"https:\/\/staging-appetitgo.empowerdigitaldata.com\/en\/#organization\",\"name\":\"App\u00e9tit Go\",\"url\":\"https:\/\/staging-appetitgo.empowerdigitaldata.com\/en\/\",\"logo\":{\"@type\":\"ImageObject\",\"inLanguage\":\"en-US\",\"@id\":\"https:\/\/staging-appetitgo.empowerdigitaldata.com\/en\/#\/schema\/logo\/image\/\",\"url\":\"https:\/\/staging-appetitgo.empowerdigitaldata.com\/wp-content\/uploads\/2024\/08\/Fleche-Appetit-go-4-e1724936335319.png\",\"contentUrl\":\"https:\/\/staging-appetitgo.empowerdigitaldata.com\/wp-content\/uploads\/2024\/08\/Fleche-Appetit-go-4-e1724936335319.png\",\"width\":1006,\"height\":200,\"caption\":\"App\u00e9tit Go\"},\"image\":{\"@id\":\"https:\/\/staging-appetitgo.empowerdigitaldata.com\/en\/#\/schema\/logo\/image\/\"}}]}<\/script>\n<meta property=\"product:price:amount\" content=\"9.49\" \/>\n<meta property=\"product:price:currency\" content=\"CAD\" \/>\n<meta property=\"og:availability\" content=\"instock\" \/>\n<meta property=\"product:availability\" content=\"instock\" \/>\n<meta property=\"product:retailer_item_id\" content=\"AAA20\" \/>\n<meta property=\"product:condition\" content=\"new\" \/>\n<!-- \/ Yoast SEO Premium plugin. -->","yoast_head_json":{"title":"Penne poulet Alfredo : Un d\u00e9licieux repas pr\u00eat-\u00e0-manger - App\u00e9tit Go","description":"Savourez notre d\u00e9licieux Penne poulet Alfredo, une sauce onctueuse \u00e0 base de vin blanc et de parmesan, des petits pois et des morceaux de poulet !","robots":{"index":"index","follow":"follow","max-snippet":"max-snippet:-1","max-image-preview":"max-image-preview:large","max-video-preview":"max-video-preview:-1"},"canonical":"https:\/\/staging-appetitgo.empowerdigitaldata.com\/en\/produit\/penne-poulet-alfredo-repas-rapide-a-faire-livrer-a-votre-domicile-appetit-go\/","og_locale":"en_US","og_type":"article","og_title":"Penne poulet Alfredo","og_description":"Savourez notre d\u00e9licieux Penne poulet Alfredo, une sauce onctueuse \u00e0 base de vin blanc et de parmesan, des petits pois et des morceaux de poulet !","og_url":"https:\/\/staging-appetitgo.empowerdigitaldata.com\/en\/produit\/penne-poulet-alfredo-repas-rapide-a-faire-livrer-a-votre-domicile-appetit-go\/","og_site_name":"App\u00e9tit Go","article_modified_time":"2025-04-04T15:54:33+00:00","og_image":[{"width":800,"height":800,"url":"https:\/\/staging-appetitgo.empowerdigitaldata.com\/wp-content\/uploads\/2025\/03\/penne-alfredo-toutcuit.webp","type":"image\/webp"}],"twitter_card":"summary_large_image","twitter_misc":{"Price":"&#36;9.49","Availability":"In stock"},"schema":{"@context":"https:\/\/schema.org","@graph":[{"@type":"WebPage","@id":"https:\/\/staging-appetitgo.empowerdigitaldata.com\/en\/produit\/penne-poulet-alfredo-repas-rapide-a-faire-livrer-a-votre-domicile-appetit-go\/","url":"https:\/\/staging-appetitgo.empowerdigitaldata.com\/en\/produit\/penne-poulet-alfredo-repas-rapide-a-faire-livrer-a-votre-domicile-appetit-go\/","name":"Penne poulet Alfredo : Un d\u00e9licieux repas pr\u00eat-\u00e0-manger - App\u00e9tit Go","isPartOf":{"@id":"https:\/\/staging-appetitgo.empowerdigitaldata.com\/en\/#website"},"primaryImageOfPage":{"@id":"https:\/\/staging-appetitgo.empowerdigitaldata.com\/en\/produit\/penne-poulet-alfredo-repas-rapide-a-faire-livrer-a-votre-domicile-appetit-go\/#primaryimage"},"image":{"@id":"https:\/\/staging-appetitgo.empowerdigitaldata.com\/en\/produit\/penne-poulet-alfredo-repas-rapide-a-faire-livrer-a-votre-domicile-appetit-go\/#primaryimage"},"thumbnailUrl":"https:\/\/staging-appetitgo.empowerdigitaldata.com\/wp-content\/uploads\/2025\/03\/penne-alfredo-toutcuit.webp","datePublished":"2024-07-31T14:26:30+00:00","dateModified":"2025-04-04T15:54:33+00:00","description":"Savourez notre d\u00e9licieux Penne poulet Alfredo, une sauce onctueuse \u00e0 base de vin blanc et de parmesan, des petits pois et des morceaux de poulet !","breadcrumb":{"@id":"https:\/\/staging-appetitgo.empowerdigitaldata.com\/en\/produit\/penne-poulet-alfredo-repas-rapide-a-faire-livrer-a-votre-domicile-appetit-go\/#breadcrumb"},"inLanguage":"en-US","potentialAction":[{"@type":"ReadAction","target":["https:\/\/staging-appetitgo.empowerdigitaldata.com\/en\/produit\/penne-poulet-alfredo-repas-rapide-a-faire-livrer-a-votre-domicile-appetit-go\/"]}]},{"@type":"ImageObject","inLanguage":"en-US","@id":"https:\/\/staging-appetitgo.empowerdigitaldata.com\/en\/produit\/penne-poulet-alfredo-repas-rapide-a-faire-livrer-a-votre-domicile-appetit-go\/#primaryimage","url":"https:\/\/staging-appetitgo.empowerdigitaldata.com\/wp-content\/uploads\/2025\/03\/penne-alfredo-toutcuit.webp","contentUrl":"https:\/\/staging-appetitgo.empowerdigitaldata.com\/wp-content\/uploads\/2025\/03\/penne-alfredo-toutcuit.webp","width":800,"height":800},{"@type":"BreadcrumbList","@id":"https:\/\/staging-appetitgo.empowerdigitaldata.com\/en\/produit\/penne-poulet-alfredo-repas-rapide-a-faire-livrer-a-votre-domicile-appetit-go\/#breadcrumb","itemListElement":[{"@type":"ListItem","position":1,"name":"Home","item":"https:\/\/staging-appetitgo.empowerdigitaldata.com\/en\/"},{"@type":"ListItem","position":2,"name":"Products","item":"https:\/\/staging-appetitgo.empowerdigitaldata.com\/en\/shop\/"},{"@type":"ListItem","position":3,"name":"Penne poulet Alfredo"}]},{"@type":"WebSite","@id":"https:\/\/staging-appetitgo.empowerdigitaldata.com\/en\/#website","url":"https:\/\/staging-appetitgo.empowerdigitaldata.com\/en\/","name":"App\u00e9tit Go","description":"","publisher":{"@id":"https:\/\/staging-appetitgo.empowerdigitaldata.com\/en\/#organization"},"potentialAction":[{"@type":"SearchAction","target":{"@type":"EntryPoint","urlTemplate":"https:\/\/staging-appetitgo.empowerdigitaldata.com\/en\/?s={search_term_string}"},"query-input":{"@type":"PropertyValueSpecification","valueRequired":true,"valueName":"search_term_string"}}],"inLanguage":"en-US"},{"@type":"Organization","@id":"https:\/\/staging-appetitgo.empowerdigitaldata.com\/en\/#organization","name":"App\u00e9tit Go","url":"https:\/\/staging-appetitgo.empowerdigitaldata.com\/en\/","logo":{"@type":"ImageObject","inLanguage":"en-US","@id":"https:\/\/staging-appetitgo.empowerdigitaldata.com\/en\/#\/schema\/logo\/image\/","url":"https:\/\/staging-appetitgo.empowerdigitaldata.com\/wp-content\/uploads\/2024\/08\/Fleche-Appetit-go-4-e1724936335319.png","contentUrl":"https:\/\/staging-appetitgo.empowerdigitaldata.com\/wp-content\/uploads\/2024\/08\/Fleche-Appetit-go-4-e1724936335319.png","width":1006,"height":200,"caption":"App\u00e9tit Go"},"image":{"@id":"https:\/\/staging-appetitgo.empowerdigitaldata.com\/en\/#\/schema\/logo\/image\/"}}]},"product_price_amount":"9.49","product_price_currency":"CAD","og_availability":"instock","product_availability":"instock","product_retailer_item_id":"AAA20","product_condition":"new"},"_links":{"self":[{"href":"https:\/\/staging-appetitgo.empowerdigitaldata.com\/en\/wp-json\/wp\/v2\/product\/314","targetHints":{"allow":["GET"]}}],"collection":[{"href":"https:\/\/staging-appetitgo.empowerdigitaldata.com\/en\/wp-json\/wp\/v2\/product"}],"about":[{"href":"https:\/\/staging-appetitgo.empowerdigitaldata.com\/en\/wp-json\/wp\/v2\/types\/product"}],"version-history":[{"count":1,"href":"https:\/\/staging-appetitgo.empowerdigitaldata.com\/en\/wp-json\/wp\/v2\/product\/314\/revisions"}],"predecessor-version":[{"id":16906,"href":"https:\/\/staging-appetitgo.empowerdigitaldata.com\/en\/wp-json\/wp\/v2\/product\/314\/revisions\/16906"}],"wp:featuredmedia":[{"embeddable":true,"href":"https:\/\/staging-appetitgo.empowerdigitaldata.com\/en\/wp-json\/wp\/v2\/media\/17432"}],"wp:attachment":[{"href":"https:\/\/staging-appetitgo.empowerdigitaldata.com\/en\/wp-json\/wp\/v2\/media?parent=314"}],"wp:term":[{"taxonomy":"product_brand","embeddable":true,"href":"https:\/\/staging-appetitgo.empowerdigitaldata.com\/en\/wp-json\/wp\/v2\/product_brand?post=314"},{"taxonomy":"product_cat","embeddable":true,"href":"https:\/\/staging-appetitgo.empowerdigitaldata.com\/en\/wp-json\/wp\/v2\/product_cat?post=314"},{"taxonomy":"product_tag","embeddable":true,"href":"https:\/\/staging-appetitgo.empowerdigitaldata.com\/en\/wp-json\/wp\/v2\/product_tag?post=314"},{"taxonomy":"giftcard-category","embeddable":true,"href":"https:\/\/staging-appetitgo.empowerdigitaldata.com\/en\/wp-json\/wp\/v2\/giftcard-category?post=314"}],"curies":[{"name":"wp","href":"https:\/\/api.w.org\/{rel}","templated":true}]}}