{"id":291,"date":"2024-07-31T14:26:28","date_gmt":"2024-07-31T14:26:28","guid":{"rendered":"https:\/\/staging-appetitgo.empowerdigitaldata.com\/product\/polpette-et-gemelli-au-pesto\/"},"modified":"2025-04-03T21:35:57","modified_gmt":"2025-04-04T01:35:57","slug":"polpette-recette-gemelli-au-pesto-et-sauce-tomate-a-faire-livrer","status":"publish","type":"product","link":"https:\/\/staging-appetitgo.empowerdigitaldata.com\/en\/produit\/polpette-recette-gemelli-au-pesto-et-sauce-tomate-a-faire-livrer\/","title":{"rendered":"Polpette et gemelli au pesto"},"content":{"rendered":"<p>En collaboration avec <a href=\"https:\/\/www.instagram.com\/annecath.leclerc\/\" target=\"_blank\" rel=\"noopener noreferrer\">Anne-Catherine Leclerc<\/a>, nous vous proposons un d\u00e9licieux repas de polpettes, un v\u00e9ritable r\u00e9gal. Chaque bouch\u00e9e combine \u00e0 la perfection de la viande hach\u00e9e, avec des fines herbes fra\u00eeches et une g\u00e9n\u00e9reuse portion de parmesan r\u00e2p\u00e9. Nous fa\u00e7onnons cette mixture en petites boules, que nous enrobons l\u00e9g\u00e8rement dans une chapelure croustillante, offrant une texture tendre \u00e0 l&#8217;int\u00e9rieur et croustillante \u00e0 l&#8217;ext\u00e9rieur. Ces polpettes se dressent napp\u00e9es d&#8217;une savoureuse sauce tomate maison.<\/p>\n","protected":false},"excerpt":{"rendered":"<p>En collaboration avec Anne-Catherine Leclerc, nous vous proposons un d\u00e9licieux repas de polpettes, un v\u00e9ritable r\u00e9gal. Chaque bouch\u00e9e combine \u00e0 la perfection de la viande hach\u00e9e, avec des fines herbes fra\u00eeches et une g\u00e9n\u00e9reuse portion de parmesan r\u00e2p\u00e9. Nous fa\u00e7onnons cette mixture en petites boules, que nous enrobons l\u00e9g\u00e8rement dans une chapelure croustillante, offrant une [&hellip;]<\/p>\n","protected":false},"featured_media":3039,"template":"","meta":{"_acf_changed":false,"_eb_attr":""},"product_brand":[],"product_cat":[180,20,16],"product_tag":[36,173,23],"giftcard-category":[],"class_list":{"0":"post-291","1":"product","2":"type-product","3":"status-publish","4":"has-post-thumbnail","6":"product_cat-tout-cuit","7":"product_cat-pret-a-manger","8":"product_cat-epicerie","9":"product_tag-pates","10":"product_tag-tout-cuit","11":"product_tag-viande","13":"first","14":"instock","15":"shipping-taxable","16":"purchasable","17":"product-type-simple"},"acf":[],"yoast_head":"<!-- This site is optimized with the Yoast SEO Premium plugin v24.8 (Yoast SEO v24.8.1) - https:\/\/yoast.com\/wordpress\/plugins\/seo\/ -->\n<title>Polpette et gemelli au pesto - App\u00e9tit Go<\/title>\n<meta name=\"description\" content=\"Une recette de polpette \u00e0 faire livrer \u00e0 votre domicile en collaboration avec Anne Catherine. REPAS sans pr\u00e9paration \u00e0 faire livrer partout au Qu\u00e9bec.\" \/>\n<meta name=\"robots\" content=\"index, follow, max-snippet:-1, max-image-preview:large, max-video-preview:-1\" \/>\n<link rel=\"canonical\" href=\"https:\/\/staging-appetitgo.empowerdigitaldata.com\/en\/produit\/polpette-recette-gemelli-au-pesto-et-sauce-tomate-a-faire-livrer\/\" \/>\n<meta property=\"og:locale\" content=\"en_US\" \/>\n<meta property=\"og:type\" content=\"article\" \/>\n<meta property=\"og:title\" content=\"Polpette et gemelli au pesto\" \/>\n<meta property=\"og:description\" content=\"Une recette de polpette \u00e0 faire livrer \u00e0 votre domicile en collaboration avec Anne Catherine. REPAS sans pr\u00e9paration \u00e0 faire livrer partout au Qu\u00e9bec.\" \/>\n<meta property=\"og:url\" content=\"https:\/\/staging-appetitgo.empowerdigitaldata.com\/en\/produit\/polpette-recette-gemelli-au-pesto-et-sauce-tomate-a-faire-livrer\/\" \/>\n<meta property=\"og:site_name\" content=\"App\u00e9tit Go\" \/>\n<meta property=\"article:modified_time\" content=\"2025-04-04T01:35:57+00:00\" \/>\n<meta property=\"og:image\" content=\"https:\/\/staging-appetitgo.empowerdigitaldata.com\/wp-content\/uploads\/2024\/07\/polpette-repas-pret.png\" \/>\n\t<meta property=\"og:image:width\" content=\"800\" \/>\n\t<meta property=\"og:image:height\" content=\"800\" \/>\n\t<meta property=\"og:image:type\" content=\"image\/png\" \/>\n<meta name=\"twitter:card\" content=\"summary_large_image\" \/>\n<meta name=\"twitter:label1\" content=\"Price\" \/>\n\t<meta name=\"twitter:data1\" content=\"&#036;12.99\" \/>\n\t<meta name=\"twitter:label2\" content=\"Availability\" \/>\n\t<meta name=\"twitter:data2\" content=\"In stock\" \/>\n<script type=\"application\/ld+json\" class=\"yoast-schema-graph\">{\"@context\":\"https:\/\/schema.org\",\"@graph\":[{\"@type\":\"WebPage\",\"@id\":\"https:\/\/staging-appetitgo.empowerdigitaldata.com\/en\/produit\/polpette-recette-gemelli-au-pesto-et-sauce-tomate-a-faire-livrer\/\",\"url\":\"https:\/\/staging-appetitgo.empowerdigitaldata.com\/en\/produit\/polpette-recette-gemelli-au-pesto-et-sauce-tomate-a-faire-livrer\/\",\"name\":\"Polpette et gemelli au pesto - App\u00e9tit Go\",\"isPartOf\":{\"@id\":\"https:\/\/staging-appetitgo.empowerdigitaldata.com\/en\/#website\"},\"primaryImageOfPage\":{\"@id\":\"https:\/\/staging-appetitgo.empowerdigitaldata.com\/en\/produit\/polpette-recette-gemelli-au-pesto-et-sauce-tomate-a-faire-livrer\/#primaryimage\"},\"image\":{\"@id\":\"https:\/\/staging-appetitgo.empowerdigitaldata.com\/en\/produit\/polpette-recette-gemelli-au-pesto-et-sauce-tomate-a-faire-livrer\/#primaryimage\"},\"thumbnailUrl\":\"https:\/\/staging-appetitgo.empowerdigitaldata.com\/wp-content\/uploads\/2024\/07\/polpette-repas-pret.png\",\"datePublished\":\"2024-07-31T14:26:28+00:00\",\"dateModified\":\"2025-04-04T01:35:57+00:00\",\"description\":\"Une recette de polpette \u00e0 faire livrer \u00e0 votre domicile en collaboration avec Anne Catherine. REPAS sans pr\u00e9paration \u00e0 faire livrer partout au Qu\u00e9bec.\",\"breadcrumb\":{\"@id\":\"https:\/\/staging-appetitgo.empowerdigitaldata.com\/en\/produit\/polpette-recette-gemelli-au-pesto-et-sauce-tomate-a-faire-livrer\/#breadcrumb\"},\"inLanguage\":\"en-US\",\"potentialAction\":[{\"@type\":\"ReadAction\",\"target\":[\"https:\/\/staging-appetitgo.empowerdigitaldata.com\/en\/produit\/polpette-recette-gemelli-au-pesto-et-sauce-tomate-a-faire-livrer\/\"]}]},{\"@type\":\"ImageObject\",\"inLanguage\":\"en-US\",\"@id\":\"https:\/\/staging-appetitgo.empowerdigitaldata.com\/en\/produit\/polpette-recette-gemelli-au-pesto-et-sauce-tomate-a-faire-livrer\/#primaryimage\",\"url\":\"https:\/\/staging-appetitgo.empowerdigitaldata.com\/wp-content\/uploads\/2024\/07\/polpette-repas-pret.png\",\"contentUrl\":\"https:\/\/staging-appetitgo.empowerdigitaldata.com\/wp-content\/uploads\/2024\/07\/polpette-repas-pret.png\",\"width\":800,\"height\":800},{\"@type\":\"BreadcrumbList\",\"@id\":\"https:\/\/staging-appetitgo.empowerdigitaldata.com\/en\/produit\/polpette-recette-gemelli-au-pesto-et-sauce-tomate-a-faire-livrer\/#breadcrumb\",\"itemListElement\":[{\"@type\":\"ListItem\",\"position\":1,\"name\":\"Home\",\"item\":\"https:\/\/staging-appetitgo.empowerdigitaldata.com\/en\/\"},{\"@type\":\"ListItem\",\"position\":2,\"name\":\"Products\",\"item\":\"https:\/\/staging-appetitgo.empowerdigitaldata.com\/en\/shop\/\"},{\"@type\":\"ListItem\",\"position\":3,\"name\":\"Polpette et gemelli au pesto\"}]},{\"@type\":\"WebSite\",\"@id\":\"https:\/\/staging-appetitgo.empowerdigitaldata.com\/en\/#website\",\"url\":\"https:\/\/staging-appetitgo.empowerdigitaldata.com\/en\/\",\"name\":\"App\u00e9tit Go\",\"description\":\"\",\"publisher\":{\"@id\":\"https:\/\/staging-appetitgo.empowerdigitaldata.com\/en\/#organization\"},\"potentialAction\":[{\"@type\":\"SearchAction\",\"target\":{\"@type\":\"EntryPoint\",\"urlTemplate\":\"https:\/\/staging-appetitgo.empowerdigitaldata.com\/en\/?s={search_term_string}\"},\"query-input\":{\"@type\":\"PropertyValueSpecification\",\"valueRequired\":true,\"valueName\":\"search_term_string\"}}],\"inLanguage\":\"en-US\"},{\"@type\":\"Organization\",\"@id\":\"https:\/\/staging-appetitgo.empowerdigitaldata.com\/en\/#organization\",\"name\":\"App\u00e9tit Go\",\"url\":\"https:\/\/staging-appetitgo.empowerdigitaldata.com\/en\/\",\"logo\":{\"@type\":\"ImageObject\",\"inLanguage\":\"en-US\",\"@id\":\"https:\/\/staging-appetitgo.empowerdigitaldata.com\/en\/#\/schema\/logo\/image\/\",\"url\":\"https:\/\/staging-appetitgo.empowerdigitaldata.com\/wp-content\/uploads\/2024\/08\/Fleche-Appetit-go-4-e1724936335319.png\",\"contentUrl\":\"https:\/\/staging-appetitgo.empowerdigitaldata.com\/wp-content\/uploads\/2024\/08\/Fleche-Appetit-go-4-e1724936335319.png\",\"width\":1006,\"height\":200,\"caption\":\"App\u00e9tit Go\"},\"image\":{\"@id\":\"https:\/\/staging-appetitgo.empowerdigitaldata.com\/en\/#\/schema\/logo\/image\/\"}}]}<\/script>\n<meta property=\"product:price:amount\" content=\"12.99\" \/>\n<meta property=\"product:price:currency\" content=\"CAD\" \/>\n<meta property=\"og:availability\" content=\"instock\" \/>\n<meta property=\"product:availability\" content=\"instock\" \/>\n<meta property=\"product:retailer_item_id\" content=\"DDD15\" \/>\n<meta property=\"product:condition\" content=\"new\" \/>\n<!-- \/ Yoast SEO Premium plugin. -->","yoast_head_json":{"title":"Polpette et gemelli au pesto - App\u00e9tit Go","description":"Une recette de polpette \u00e0 faire livrer \u00e0 votre domicile en collaboration avec Anne Catherine. REPAS sans pr\u00e9paration \u00e0 faire livrer partout au Qu\u00e9bec.","robots":{"index":"index","follow":"follow","max-snippet":"max-snippet:-1","max-image-preview":"max-image-preview:large","max-video-preview":"max-video-preview:-1"},"canonical":"https:\/\/staging-appetitgo.empowerdigitaldata.com\/en\/produit\/polpette-recette-gemelli-au-pesto-et-sauce-tomate-a-faire-livrer\/","og_locale":"en_US","og_type":"article","og_title":"Polpette et gemelli au pesto","og_description":"Une recette de polpette \u00e0 faire livrer \u00e0 votre domicile en collaboration avec Anne Catherine. REPAS sans pr\u00e9paration \u00e0 faire livrer partout au Qu\u00e9bec.","og_url":"https:\/\/staging-appetitgo.empowerdigitaldata.com\/en\/produit\/polpette-recette-gemelli-au-pesto-et-sauce-tomate-a-faire-livrer\/","og_site_name":"App\u00e9tit Go","article_modified_time":"2025-04-04T01:35:57+00:00","og_image":[{"width":800,"height":800,"url":"https:\/\/staging-appetitgo.empowerdigitaldata.com\/wp-content\/uploads\/2024\/07\/polpette-repas-pret.png","type":"image\/png"}],"twitter_card":"summary_large_image","twitter_misc":{"Price":"&#36;12.99","Availability":"In stock"},"schema":{"@context":"https:\/\/schema.org","@graph":[{"@type":"WebPage","@id":"https:\/\/staging-appetitgo.empowerdigitaldata.com\/en\/produit\/polpette-recette-gemelli-au-pesto-et-sauce-tomate-a-faire-livrer\/","url":"https:\/\/staging-appetitgo.empowerdigitaldata.com\/en\/produit\/polpette-recette-gemelli-au-pesto-et-sauce-tomate-a-faire-livrer\/","name":"Polpette et gemelli au pesto - App\u00e9tit Go","isPartOf":{"@id":"https:\/\/staging-appetitgo.empowerdigitaldata.com\/en\/#website"},"primaryImageOfPage":{"@id":"https:\/\/staging-appetitgo.empowerdigitaldata.com\/en\/produit\/polpette-recette-gemelli-au-pesto-et-sauce-tomate-a-faire-livrer\/#primaryimage"},"image":{"@id":"https:\/\/staging-appetitgo.empowerdigitaldata.com\/en\/produit\/polpette-recette-gemelli-au-pesto-et-sauce-tomate-a-faire-livrer\/#primaryimage"},"thumbnailUrl":"https:\/\/staging-appetitgo.empowerdigitaldata.com\/wp-content\/uploads\/2024\/07\/polpette-repas-pret.png","datePublished":"2024-07-31T14:26:28+00:00","dateModified":"2025-04-04T01:35:57+00:00","description":"Une recette de polpette \u00e0 faire livrer \u00e0 votre domicile en collaboration avec Anne Catherine. REPAS sans pr\u00e9paration \u00e0 faire livrer partout au Qu\u00e9bec.","breadcrumb":{"@id":"https:\/\/staging-appetitgo.empowerdigitaldata.com\/en\/produit\/polpette-recette-gemelli-au-pesto-et-sauce-tomate-a-faire-livrer\/#breadcrumb"},"inLanguage":"en-US","potentialAction":[{"@type":"ReadAction","target":["https:\/\/staging-appetitgo.empowerdigitaldata.com\/en\/produit\/polpette-recette-gemelli-au-pesto-et-sauce-tomate-a-faire-livrer\/"]}]},{"@type":"ImageObject","inLanguage":"en-US","@id":"https:\/\/staging-appetitgo.empowerdigitaldata.com\/en\/produit\/polpette-recette-gemelli-au-pesto-et-sauce-tomate-a-faire-livrer\/#primaryimage","url":"https:\/\/staging-appetitgo.empowerdigitaldata.com\/wp-content\/uploads\/2024\/07\/polpette-repas-pret.png","contentUrl":"https:\/\/staging-appetitgo.empowerdigitaldata.com\/wp-content\/uploads\/2024\/07\/polpette-repas-pret.png","width":800,"height":800},{"@type":"BreadcrumbList","@id":"https:\/\/staging-appetitgo.empowerdigitaldata.com\/en\/produit\/polpette-recette-gemelli-au-pesto-et-sauce-tomate-a-faire-livrer\/#breadcrumb","itemListElement":[{"@type":"ListItem","position":1,"name":"Home","item":"https:\/\/staging-appetitgo.empowerdigitaldata.com\/en\/"},{"@type":"ListItem","position":2,"name":"Products","item":"https:\/\/staging-appetitgo.empowerdigitaldata.com\/en\/shop\/"},{"@type":"ListItem","position":3,"name":"Polpette et gemelli au pesto"}]},{"@type":"WebSite","@id":"https:\/\/staging-appetitgo.empowerdigitaldata.com\/en\/#website","url":"https:\/\/staging-appetitgo.empowerdigitaldata.com\/en\/","name":"App\u00e9tit Go","description":"","publisher":{"@id":"https:\/\/staging-appetitgo.empowerdigitaldata.com\/en\/#organization"},"potentialAction":[{"@type":"SearchAction","target":{"@type":"EntryPoint","urlTemplate":"https:\/\/staging-appetitgo.empowerdigitaldata.com\/en\/?s={search_term_string}"},"query-input":{"@type":"PropertyValueSpecification","valueRequired":true,"valueName":"search_term_string"}}],"inLanguage":"en-US"},{"@type":"Organization","@id":"https:\/\/staging-appetitgo.empowerdigitaldata.com\/en\/#organization","name":"App\u00e9tit Go","url":"https:\/\/staging-appetitgo.empowerdigitaldata.com\/en\/","logo":{"@type":"ImageObject","inLanguage":"en-US","@id":"https:\/\/staging-appetitgo.empowerdigitaldata.com\/en\/#\/schema\/logo\/image\/","url":"https:\/\/staging-appetitgo.empowerdigitaldata.com\/wp-content\/uploads\/2024\/08\/Fleche-Appetit-go-4-e1724936335319.png","contentUrl":"https:\/\/staging-appetitgo.empowerdigitaldata.com\/wp-content\/uploads\/2024\/08\/Fleche-Appetit-go-4-e1724936335319.png","width":1006,"height":200,"caption":"App\u00e9tit Go"},"image":{"@id":"https:\/\/staging-appetitgo.empowerdigitaldata.com\/en\/#\/schema\/logo\/image\/"}}]},"product_price_amount":"12.99","product_price_currency":"CAD","og_availability":"instock","product_availability":"instock","product_retailer_item_id":"DDD15","product_condition":"new"},"_links":{"self":[{"href":"https:\/\/staging-appetitgo.empowerdigitaldata.com\/en\/wp-json\/wp\/v2\/product\/291","targetHints":{"allow":["GET"]}}],"collection":[{"href":"https:\/\/staging-appetitgo.empowerdigitaldata.com\/en\/wp-json\/wp\/v2\/product"}],"about":[{"href":"https:\/\/staging-appetitgo.empowerdigitaldata.com\/en\/wp-json\/wp\/v2\/types\/product"}],"version-history":[{"count":1,"href":"https:\/\/staging-appetitgo.empowerdigitaldata.com\/en\/wp-json\/wp\/v2\/product\/291\/revisions"}],"predecessor-version":[{"id":17995,"href":"https:\/\/staging-appetitgo.empowerdigitaldata.com\/en\/wp-json\/wp\/v2\/product\/291\/revisions\/17995"}],"wp:featuredmedia":[{"embeddable":true,"href":"https:\/\/staging-appetitgo.empowerdigitaldata.com\/en\/wp-json\/wp\/v2\/media\/3039"}],"wp:attachment":[{"href":"https:\/\/staging-appetitgo.empowerdigitaldata.com\/en\/wp-json\/wp\/v2\/media?parent=291"}],"wp:term":[{"taxonomy":"product_brand","embeddable":true,"href":"https:\/\/staging-appetitgo.empowerdigitaldata.com\/en\/wp-json\/wp\/v2\/product_brand?post=291"},{"taxonomy":"product_cat","embeddable":true,"href":"https:\/\/staging-appetitgo.empowerdigitaldata.com\/en\/wp-json\/wp\/v2\/product_cat?post=291"},{"taxonomy":"product_tag","embeddable":true,"href":"https:\/\/staging-appetitgo.empowerdigitaldata.com\/en\/wp-json\/wp\/v2\/product_tag?post=291"},{"taxonomy":"giftcard-category","embeddable":true,"href":"https:\/\/staging-appetitgo.empowerdigitaldata.com\/en\/wp-json\/wp\/v2\/giftcard-category?post=291"}],"curies":[{"name":"wp","href":"https:\/\/api.w.org\/{rel}","templated":true}]}}