{"id":280,"date":"2024-07-31T10:26:27","date_gmt":"2024-07-31T14:26:27","guid":{"rendered":"https:\/\/staging-appetitgo.empowerdigitaldata.com\/product\/la-mere-poule-puree-de-porc\/"},"modified":"2025-04-03T08:10:44","modified_gmt":"2025-04-03T12:10:44","slug":"puree-de-porc-la-mere-poule","status":"publish","type":"product","link":"https:\/\/staging-appetitgo.empowerdigitaldata.com\/en\/produit\/puree-de-porc-la-mere-poule\/","title":{"rendered":"Pur\u00e9e de porc &#8211; La M\u00e8re Poule"},"content":{"rendered":"<p>En collaboration avec <a title=\"La M\u00e8re Poule - Pur\u00e9e de porc\" href=\"https:\/\/lamerepoule.ca\/puree-bebe\/puree-de-porc\/\" target=\"_blank\" rel=\"noopener\"><strong>La M\u00e8re Poule<\/strong><\/a>, App\u00e9tit Go vous propose une d\u00e9licieuse pur\u00e9e de porc, parfaite pour les b\u00e9b\u00e9s d\u00e8s 6 mois. Pr\u00e9par\u00e9e avec des ingr\u00e9dients de haute qualit\u00e9, d\u00e9couvrez une pur\u00e9e parfaite pour les parents soucieux de l&#8217;alimentation de leur enfant.\u00a0 Favorisez une croissance saine avec \u00e0 chaque pot.<\/p>\n<p>Cette pur\u00e9e est particuli\u00e8rement riche en fer, un min\u00e9ral crucial pour le d\u00e9veloppement de b\u00e9b\u00e9. En effet, le fer joue un r\u00f4le cl\u00e9 dans la fabrication de l\u2019ATP, qui fournit l\u2019\u00e9nergie n\u00e9cessaire au bon fonctionnement du corps.\u00a0 Offrez ce v\u00e9ritable carburant pour votre petit.<\/p>\n<p>Aussi, optez pour ce produit surgel\u00e9. Il se conserve facilement et m\u00eame se pr\u00e9pare rapidement, ce qui est id\u00e9al pour les repas press\u00e9s. Chaque emballage contient six petits pots de 59 mL, parfaits pour les portions adapt\u00e9es \u00e0 votre b\u00e9b\u00e9.<\/p>\n<p>Offrez \u00e0 votre enfant une alimentation \u00e9quilibr\u00e9e et savoureuse, contribuant ainsi \u00e0 son bien-\u00eatre tout en \u00e9veillant ses papilles. C&#8217;est pourquoi n\u2019h\u00e9sitez plus ! Choisissez cette pur\u00e9e de porc pour faire d\u00e9couvrir de nouvelles saveurs \u00e0 votre b\u00e9b\u00e9 tout en lui apportant les nutriments essentiels.<\/p>\n","protected":false},"excerpt":{"rendered":"<p>Sp\u00e9cialement con\u00e7ue pour les b\u00e9b\u00e9s de 6 mois et plus, d\u00e9couvrez cette pur\u00e9e savoureuse, pr\u00e9par\u00e9e avec des ingr\u00e9dients de qualit\u00e9. Riche en fer, elle favorise ainsi la croissance et fournit \u00e9galement l&#8217;\u00e9nergie essentielle au bon d\u00e9veloppement. Offrez \u00e0 votre b\u00e9b\u00e9 une alimentation saine et d\u00e9licieuse!<\/p>\n","protected":false},"featured_media":17393,"template":"","meta":{"_acf_changed":false,"_eb_attr":""},"product_brand":[],"product_cat":[16,90],"product_tag":[178,23],"giftcard-category":[],"class_list":{"0":"post-280","1":"product","2":"type-product","3":"status-publish","4":"has-post-thumbnail","6":"product_cat-epicerie","7":"product_cat-produits-pour-bebes","8":"product_tag-la-mere-poule","9":"product_tag-viande","11":"first","12":"instock","13":"shipping-taxable","14":"purchasable","15":"product-type-simple"},"acf":[],"yoast_head":"<!-- This site is optimized with the Yoast SEO Premium plugin v24.8 (Yoast SEO v24.8.1) - https:\/\/yoast.com\/wordpress\/plugins\/seo\/ -->\n<title>Pur\u00e9e de porc - La M\u00e8re Poule - App\u00e9tit Go<\/title>\n<meta name=\"description\" content=\"App\u00e9tit Go vous offre une pur\u00e9e pour b\u00e9b\u00e9 au porc id\u00e9al pour l&#039;int\u00e9gration des aliments de vos b\u00e9b\u00e9s. App\u00e9titgo.ca est votre \u00e9picerie en ligne.\" \/>\n<meta name=\"robots\" content=\"index, follow, max-snippet:-1, max-image-preview:large, max-video-preview:-1\" \/>\n<link rel=\"canonical\" href=\"https:\/\/staging-appetitgo.empowerdigitaldata.com\/en\/produit\/puree-de-porc-la-mere-poule\/\" \/>\n<meta property=\"og:locale\" content=\"en_US\" \/>\n<meta property=\"og:type\" content=\"article\" \/>\n<meta property=\"og:title\" content=\"Pur\u00e9e de porc - La M\u00e8re Poule\" \/>\n<meta property=\"og:description\" content=\"App\u00e9tit Go vous offre une pur\u00e9e pour b\u00e9b\u00e9 au porc id\u00e9al pour l&#039;int\u00e9gration des aliments de vos b\u00e9b\u00e9s. App\u00e9titgo.ca est votre \u00e9picerie en ligne.\" \/>\n<meta property=\"og:url\" content=\"https:\/\/staging-appetitgo.empowerdigitaldata.com\/en\/produit\/puree-de-porc-la-mere-poule\/\" \/>\n<meta property=\"og:site_name\" content=\"App\u00e9tit Go\" \/>\n<meta property=\"article:modified_time\" content=\"2025-04-03T12:10:44+00:00\" \/>\n<meta property=\"og:image\" content=\"https:\/\/staging-appetitgo.empowerdigitaldata.com\/wp-content\/uploads\/2025\/03\/136.webp\" \/>\n\t<meta property=\"og:image:width\" content=\"800\" \/>\n\t<meta property=\"og:image:height\" content=\"800\" \/>\n\t<meta property=\"og:image:type\" content=\"image\/webp\" \/>\n<meta name=\"twitter:card\" content=\"summary_large_image\" \/>\n<meta name=\"twitter:label1\" content=\"Price\" \/>\n\t<meta name=\"twitter:data1\" content=\"&#036;12.99\" \/>\n\t<meta name=\"twitter:label2\" content=\"Availability\" \/>\n\t<meta name=\"twitter:data2\" content=\"In stock\" \/>\n<script type=\"application\/ld+json\" class=\"yoast-schema-graph\">{\"@context\":\"https:\/\/schema.org\",\"@graph\":[{\"@type\":\"WebPage\",\"@id\":\"https:\/\/staging-appetitgo.empowerdigitaldata.com\/en\/produit\/puree-de-porc-la-mere-poule\/\",\"url\":\"https:\/\/staging-appetitgo.empowerdigitaldata.com\/en\/produit\/puree-de-porc-la-mere-poule\/\",\"name\":\"Pur\u00e9e de porc - La M\u00e8re Poule - App\u00e9tit Go\",\"isPartOf\":{\"@id\":\"https:\/\/staging-appetitgo.empowerdigitaldata.com\/en\/#website\"},\"primaryImageOfPage\":{\"@id\":\"https:\/\/staging-appetitgo.empowerdigitaldata.com\/en\/produit\/puree-de-porc-la-mere-poule\/#primaryimage\"},\"image\":{\"@id\":\"https:\/\/staging-appetitgo.empowerdigitaldata.com\/en\/produit\/puree-de-porc-la-mere-poule\/#primaryimage\"},\"thumbnailUrl\":\"https:\/\/staging-appetitgo.empowerdigitaldata.com\/wp-content\/uploads\/2025\/03\/136.webp\",\"datePublished\":\"2024-07-31T14:26:27+00:00\",\"dateModified\":\"2025-04-03T12:10:44+00:00\",\"description\":\"App\u00e9tit Go vous offre une pur\u00e9e pour b\u00e9b\u00e9 au porc id\u00e9al pour l'int\u00e9gration des aliments de vos b\u00e9b\u00e9s. App\u00e9titgo.ca est votre \u00e9picerie en ligne.\",\"breadcrumb\":{\"@id\":\"https:\/\/staging-appetitgo.empowerdigitaldata.com\/en\/produit\/puree-de-porc-la-mere-poule\/#breadcrumb\"},\"inLanguage\":\"en-US\",\"potentialAction\":[{\"@type\":\"ReadAction\",\"target\":[\"https:\/\/staging-appetitgo.empowerdigitaldata.com\/en\/produit\/puree-de-porc-la-mere-poule\/\"]}]},{\"@type\":\"ImageObject\",\"inLanguage\":\"en-US\",\"@id\":\"https:\/\/staging-appetitgo.empowerdigitaldata.com\/en\/produit\/puree-de-porc-la-mere-poule\/#primaryimage\",\"url\":\"https:\/\/staging-appetitgo.empowerdigitaldata.com\/wp-content\/uploads\/2025\/03\/136.webp\",\"contentUrl\":\"https:\/\/staging-appetitgo.empowerdigitaldata.com\/wp-content\/uploads\/2025\/03\/136.webp\",\"width\":800,\"height\":800},{\"@type\":\"BreadcrumbList\",\"@id\":\"https:\/\/staging-appetitgo.empowerdigitaldata.com\/en\/produit\/puree-de-porc-la-mere-poule\/#breadcrumb\",\"itemListElement\":[{\"@type\":\"ListItem\",\"position\":1,\"name\":\"Home\",\"item\":\"https:\/\/staging-appetitgo.empowerdigitaldata.com\/en\/\"},{\"@type\":\"ListItem\",\"position\":2,\"name\":\"Products\",\"item\":\"https:\/\/staging-appetitgo.empowerdigitaldata.com\/en\/shop\/\"},{\"@type\":\"ListItem\",\"position\":3,\"name\":\"Pur\u00e9e de porc &#8211; La M\u00e8re Poule\"}]},{\"@type\":\"WebSite\",\"@id\":\"https:\/\/staging-appetitgo.empowerdigitaldata.com\/en\/#website\",\"url\":\"https:\/\/staging-appetitgo.empowerdigitaldata.com\/en\/\",\"name\":\"App\u00e9tit Go\",\"description\":\"\",\"publisher\":{\"@id\":\"https:\/\/staging-appetitgo.empowerdigitaldata.com\/en\/#organization\"},\"potentialAction\":[{\"@type\":\"SearchAction\",\"target\":{\"@type\":\"EntryPoint\",\"urlTemplate\":\"https:\/\/staging-appetitgo.empowerdigitaldata.com\/en\/?s={search_term_string}\"},\"query-input\":{\"@type\":\"PropertyValueSpecification\",\"valueRequired\":true,\"valueName\":\"search_term_string\"}}],\"inLanguage\":\"en-US\"},{\"@type\":\"Organization\",\"@id\":\"https:\/\/staging-appetitgo.empowerdigitaldata.com\/en\/#organization\",\"name\":\"App\u00e9tit Go\",\"url\":\"https:\/\/staging-appetitgo.empowerdigitaldata.com\/en\/\",\"logo\":{\"@type\":\"ImageObject\",\"inLanguage\":\"en-US\",\"@id\":\"https:\/\/staging-appetitgo.empowerdigitaldata.com\/en\/#\/schema\/logo\/image\/\",\"url\":\"https:\/\/staging-appetitgo.empowerdigitaldata.com\/wp-content\/uploads\/2024\/08\/Fleche-Appetit-go-4-e1724936335319.png\",\"contentUrl\":\"https:\/\/staging-appetitgo.empowerdigitaldata.com\/wp-content\/uploads\/2024\/08\/Fleche-Appetit-go-4-e1724936335319.png\",\"width\":1006,\"height\":200,\"caption\":\"App\u00e9tit Go\"},\"image\":{\"@id\":\"https:\/\/staging-appetitgo.empowerdigitaldata.com\/en\/#\/schema\/logo\/image\/\"}}]}<\/script>\n<meta property=\"product:price:amount\" content=\"12.99\" \/>\n<meta property=\"product:price:currency\" content=\"CAD\" \/>\n<meta property=\"og:availability\" content=\"instock\" \/>\n<meta property=\"product:availability\" content=\"instock\" \/>\n<meta property=\"product:retailer_item_id\" content=\"ZZZ002\" \/>\n<meta property=\"product:condition\" content=\"new\" \/>\n<!-- \/ Yoast SEO Premium plugin. -->","yoast_head_json":{"title":"Pur\u00e9e de porc - La M\u00e8re Poule - App\u00e9tit Go","description":"App\u00e9tit Go vous offre une pur\u00e9e pour b\u00e9b\u00e9 au porc id\u00e9al pour l'int\u00e9gration des aliments de vos b\u00e9b\u00e9s. App\u00e9titgo.ca est votre \u00e9picerie en ligne.","robots":{"index":"index","follow":"follow","max-snippet":"max-snippet:-1","max-image-preview":"max-image-preview:large","max-video-preview":"max-video-preview:-1"},"canonical":"https:\/\/staging-appetitgo.empowerdigitaldata.com\/en\/produit\/puree-de-porc-la-mere-poule\/","og_locale":"en_US","og_type":"article","og_title":"Pur\u00e9e de porc - La M\u00e8re Poule","og_description":"App\u00e9tit Go vous offre une pur\u00e9e pour b\u00e9b\u00e9 au porc id\u00e9al pour l'int\u00e9gration des aliments de vos b\u00e9b\u00e9s. App\u00e9titgo.ca est votre \u00e9picerie en ligne.","og_url":"https:\/\/staging-appetitgo.empowerdigitaldata.com\/en\/produit\/puree-de-porc-la-mere-poule\/","og_site_name":"App\u00e9tit Go","article_modified_time":"2025-04-03T12:10:44+00:00","og_image":[{"width":800,"height":800,"url":"https:\/\/staging-appetitgo.empowerdigitaldata.com\/wp-content\/uploads\/2025\/03\/136.webp","type":"image\/webp"}],"twitter_card":"summary_large_image","twitter_misc":{"Price":"&#36;12.99","Availability":"In stock"},"schema":{"@context":"https:\/\/schema.org","@graph":[{"@type":"WebPage","@id":"https:\/\/staging-appetitgo.empowerdigitaldata.com\/en\/produit\/puree-de-porc-la-mere-poule\/","url":"https:\/\/staging-appetitgo.empowerdigitaldata.com\/en\/produit\/puree-de-porc-la-mere-poule\/","name":"Pur\u00e9e de porc - La M\u00e8re Poule - App\u00e9tit Go","isPartOf":{"@id":"https:\/\/staging-appetitgo.empowerdigitaldata.com\/en\/#website"},"primaryImageOfPage":{"@id":"https:\/\/staging-appetitgo.empowerdigitaldata.com\/en\/produit\/puree-de-porc-la-mere-poule\/#primaryimage"},"image":{"@id":"https:\/\/staging-appetitgo.empowerdigitaldata.com\/en\/produit\/puree-de-porc-la-mere-poule\/#primaryimage"},"thumbnailUrl":"https:\/\/staging-appetitgo.empowerdigitaldata.com\/wp-content\/uploads\/2025\/03\/136.webp","datePublished":"2024-07-31T14:26:27+00:00","dateModified":"2025-04-03T12:10:44+00:00","description":"App\u00e9tit Go vous offre une pur\u00e9e pour b\u00e9b\u00e9 au porc id\u00e9al pour l'int\u00e9gration des aliments de vos b\u00e9b\u00e9s. App\u00e9titgo.ca est votre \u00e9picerie en ligne.","breadcrumb":{"@id":"https:\/\/staging-appetitgo.empowerdigitaldata.com\/en\/produit\/puree-de-porc-la-mere-poule\/#breadcrumb"},"inLanguage":"en-US","potentialAction":[{"@type":"ReadAction","target":["https:\/\/staging-appetitgo.empowerdigitaldata.com\/en\/produit\/puree-de-porc-la-mere-poule\/"]}]},{"@type":"ImageObject","inLanguage":"en-US","@id":"https:\/\/staging-appetitgo.empowerdigitaldata.com\/en\/produit\/puree-de-porc-la-mere-poule\/#primaryimage","url":"https:\/\/staging-appetitgo.empowerdigitaldata.com\/wp-content\/uploads\/2025\/03\/136.webp","contentUrl":"https:\/\/staging-appetitgo.empowerdigitaldata.com\/wp-content\/uploads\/2025\/03\/136.webp","width":800,"height":800},{"@type":"BreadcrumbList","@id":"https:\/\/staging-appetitgo.empowerdigitaldata.com\/en\/produit\/puree-de-porc-la-mere-poule\/#breadcrumb","itemListElement":[{"@type":"ListItem","position":1,"name":"Home","item":"https:\/\/staging-appetitgo.empowerdigitaldata.com\/en\/"},{"@type":"ListItem","position":2,"name":"Products","item":"https:\/\/staging-appetitgo.empowerdigitaldata.com\/en\/shop\/"},{"@type":"ListItem","position":3,"name":"Pur\u00e9e de porc &#8211; La M\u00e8re Poule"}]},{"@type":"WebSite","@id":"https:\/\/staging-appetitgo.empowerdigitaldata.com\/en\/#website","url":"https:\/\/staging-appetitgo.empowerdigitaldata.com\/en\/","name":"App\u00e9tit Go","description":"","publisher":{"@id":"https:\/\/staging-appetitgo.empowerdigitaldata.com\/en\/#organization"},"potentialAction":[{"@type":"SearchAction","target":{"@type":"EntryPoint","urlTemplate":"https:\/\/staging-appetitgo.empowerdigitaldata.com\/en\/?s={search_term_string}"},"query-input":{"@type":"PropertyValueSpecification","valueRequired":true,"valueName":"search_term_string"}}],"inLanguage":"en-US"},{"@type":"Organization","@id":"https:\/\/staging-appetitgo.empowerdigitaldata.com\/en\/#organization","name":"App\u00e9tit Go","url":"https:\/\/staging-appetitgo.empowerdigitaldata.com\/en\/","logo":{"@type":"ImageObject","inLanguage":"en-US","@id":"https:\/\/staging-appetitgo.empowerdigitaldata.com\/en\/#\/schema\/logo\/image\/","url":"https:\/\/staging-appetitgo.empowerdigitaldata.com\/wp-content\/uploads\/2024\/08\/Fleche-Appetit-go-4-e1724936335319.png","contentUrl":"https:\/\/staging-appetitgo.empowerdigitaldata.com\/wp-content\/uploads\/2024\/08\/Fleche-Appetit-go-4-e1724936335319.png","width":1006,"height":200,"caption":"App\u00e9tit Go"},"image":{"@id":"https:\/\/staging-appetitgo.empowerdigitaldata.com\/en\/#\/schema\/logo\/image\/"}}]},"product_price_amount":"12.99","product_price_currency":"CAD","og_availability":"instock","product_availability":"instock","product_retailer_item_id":"ZZZ002","product_condition":"new"},"_links":{"self":[{"href":"https:\/\/staging-appetitgo.empowerdigitaldata.com\/en\/wp-json\/wp\/v2\/product\/280","targetHints":{"allow":["GET"]}}],"collection":[{"href":"https:\/\/staging-appetitgo.empowerdigitaldata.com\/en\/wp-json\/wp\/v2\/product"}],"about":[{"href":"https:\/\/staging-appetitgo.empowerdigitaldata.com\/en\/wp-json\/wp\/v2\/types\/product"}],"version-history":[{"count":1,"href":"https:\/\/staging-appetitgo.empowerdigitaldata.com\/en\/wp-json\/wp\/v2\/product\/280\/revisions"}],"predecessor-version":[{"id":15310,"href":"https:\/\/staging-appetitgo.empowerdigitaldata.com\/en\/wp-json\/wp\/v2\/product\/280\/revisions\/15310"}],"wp:featuredmedia":[{"embeddable":true,"href":"https:\/\/staging-appetitgo.empowerdigitaldata.com\/en\/wp-json\/wp\/v2\/media\/17393"}],"wp:attachment":[{"href":"https:\/\/staging-appetitgo.empowerdigitaldata.com\/en\/wp-json\/wp\/v2\/media?parent=280"}],"wp:term":[{"taxonomy":"product_brand","embeddable":true,"href":"https:\/\/staging-appetitgo.empowerdigitaldata.com\/en\/wp-json\/wp\/v2\/product_brand?post=280"},{"taxonomy":"product_cat","embeddable":true,"href":"https:\/\/staging-appetitgo.empowerdigitaldata.com\/en\/wp-json\/wp\/v2\/product_cat?post=280"},{"taxonomy":"product_tag","embeddable":true,"href":"https:\/\/staging-appetitgo.empowerdigitaldata.com\/en\/wp-json\/wp\/v2\/product_tag?post=280"},{"taxonomy":"giftcard-category","embeddable":true,"href":"https:\/\/staging-appetitgo.empowerdigitaldata.com\/en\/wp-json\/wp\/v2\/giftcard-category?post=280"}],"curies":[{"name":"wp","href":"https:\/\/api.w.org\/{rel}","templated":true}]}}