{"id":14583,"date":"2025-02-11T10:27:22","date_gmt":"2025-02-11T15:27:22","guid":{"rendered":"https:\/\/staging-appetitgo.empowerdigitaldata.com\/?post_type=product&#038;p=14583"},"modified":"2025-04-03T22:19:58","modified_gmt":"2025-04-04T02:19:58","slug":"sauce-teriyaki-fitcook","status":"publish","type":"product","link":"https:\/\/staging-appetitgo.empowerdigitaldata.com\/en\/produit\/sauce-teriyaki-fitcook\/","title":{"rendered":"Sauce Teriyaki &#8211; Fitcook"},"content":{"rendered":"<h3 data-start=\"101\" data-end=\"178\"><span style=\"font-size: 14pt\"><strong data-start=\"105\" data-end=\"176\">Konnichiwa! D\u00e9couvrez la sauce teriyaki FitCook sans sucre ajout\u00e9 !<\/strong><\/span><\/h3>\n<p data-start=\"180\" data-end=\"663\"><span style=\"font-size: 10pt\">En collaboration avec <strong data-start=\"202\" data-end=\"213\">FitCook<\/strong>, laissez-vous surprendre par cette <strong data-start=\"249\" data-end=\"279\">sauce teriyaki authentique<\/strong>, un v\u00e9ritable coup de katana gustatif d\u2019inspiration japonaise. <strong data-start=\"343\" data-end=\"364\">Sans sucre ajout\u00e9<\/strong>, elle peut \u00eatre utilis\u00e9e en <strong data-start=\"393\" data-end=\"415\">cuisson \u00e0 la po\u00eale<\/strong>, en <strong data-start=\"420\" data-end=\"432\">marinade<\/strong> ou directement dans l\u2019assiette pour une explosion de saveurs. Que vous l\u2019utilisiez pour vos <strong data-start=\"525\" data-end=\"545\">viandes grill\u00e9es<\/strong>, <strong data-start=\"547\" data-end=\"555\">tofu<\/strong>, <strong data-start=\"557\" data-end=\"567\">sushis<\/strong>, ou m\u00eame en <strong data-start=\"580\" data-end=\"593\">trempette<\/strong>, elle ajoutera une <strong data-start=\"613\" data-end=\"636\">touche sucr\u00e9e-sal\u00e9e<\/strong> qui enrichira vos plats.<\/span><\/p>\n<p data-start=\"665\" data-end=\"885\"><span style=\"font-size: 10pt\">De plus, cette sauce est <strong data-start=\"690\" data-end=\"699\">vegan<\/strong>, <strong data-start=\"701\" data-end=\"716\">sans gluten<\/strong>, et parfaitement compatible avec une alimentation <strong data-start=\"767\" data-end=\"775\">keto<\/strong>. Elle offre ainsi une mani\u00e8re saine et savoureuse de transformer vos recettes en de v\u00e9ritables chefs-d&#8217;\u0153uvre.<\/span><\/p>\n<h3 data-start=\"690\" data-end=\"746\"><span style=\"font-size: 12pt\"><strong data-start=\"694\" data-end=\"746\">Envie de varier les plaisirs ? D\u00e9couvrez aussi :<\/strong><\/span><\/h3>\n<ul data-start=\"748\" data-end=\"1168\">\n<li data-start=\"748\" data-end=\"852\"><span style=\"font-size: 10pt\"><strong data-start=\"750\" data-end=\"775\">Sauce Piri Piri \u2013 pour une touche \u00e9pic\u00e9e et audacieuse<\/strong><\/span><\/li>\n<li data-start=\"853\" data-end=\"987\"><span style=\"font-size: 10pt\"><strong data-start=\"855\" data-end=\"881\">Sauce moutarde et miel<\/strong> \u2013 une alliance gourmande entre douceur et caract\u00e8re, parfaite pour les <strong data-start=\"953\" data-end=\"964\">viandes<\/strong> et <strong data-start=\"968\" data-end=\"984\">vinaigrettes<\/strong>.<\/span><\/li>\n<li data-start=\"988\" data-end=\"1078\"><span style=\"font-size: 10pt\"><strong data-start=\"990\" data-end=\"1008\">Sauce chili foux tha\u00ef <\/strong>\u2013 un \u00e9quilibre parfait entre douceur et piquant, pour un go\u00fbt inoubliable.<\/span><\/li>\n<li data-start=\"1079\" data-end=\"1168\"><span style=\"font-size: 10pt\"><strong data-start=\"1081\" data-end=\"1094\">Sauce BBQ<\/strong> \u2013 un classique revisit\u00e9, id\u00e9al pour vos <strong data-start=\"1135\" data-end=\"1148\">grillades<\/strong> et <strong data-start=\"1152\" data-end=\"1165\">marinades<\/strong>.<\/span><\/li>\n<\/ul>\n<h3 data-start=\"1175\" data-end=\"1220\"><span style=\"font-size: 12pt\"><strong data-start=\"1179\" data-end=\"1220\">Pourquoi choisir les sauces FitCook ?<\/strong><\/span><\/h3>\n<p data-start=\"1222\" data-end=\"1441\"><span style=\"font-size: 10pt\">Parce qu&#8217;elles sont <strong data-start=\"1242\" data-end=\"1257\">d\u00e9licieuses<\/strong>, <strong data-start=\"1259\" data-end=\"1273\">naturelles<\/strong> et con\u00e7ues pour un <strong data-start=\"1293\" data-end=\"1318\">mode de vie \u00e9quilibr\u00e9<\/strong>. Profitez de <strong data-start=\"1332\" data-end=\"1355\">produits de qualit\u00e9<\/strong>, tout en vous offrant une <strong data-start=\"1382\" data-end=\"1406\">explosion de saveurs<\/strong>, sans compromis sur votre sant\u00e9.<\/span><\/p>\n","protected":false},"excerpt":{"rendered":"<p>En collaboration avec <strong data-start=\"202\" data-end=\"213\">FitCook<\/strong>, laissez-vous surprendre par cette <strong data-start=\"249\" data-end=\"279\">sauce teriyaki authentique<\/strong>, un v\u00e9ritable coup de katana gustatif d\u2019inspiration japonaise.<\/p>\n","protected":false},"featured_media":14573,"template":"","meta":{"_acf_changed":false,"_eb_attr":""},"product_brand":[],"product_cat":[16],"product_tag":[175,155,166],"giftcard-category":[],"class_list":{"0":"post-14583","1":"product","2":"type-product","3":"status-publish","4":"has-post-thumbnail","6":"product_cat-epicerie","7":"product_tag-fitcook","8":"product_tag-sans-gluten","9":"product_tag-sauce","11":"first","12":"instock","13":"shipping-taxable","14":"purchasable","15":"product-type-simple"},"acf":[],"yoast_head":"<!-- This site is optimized with the Yoast SEO Premium plugin v24.8 (Yoast SEO v24.8.1) - https:\/\/yoast.com\/wordpress\/plugins\/seo\/ -->\n<title>Sauce Teriyaki - Fitcook - App\u00e9tit Go<\/title>\n<meta name=\"description\" content=\"D\u00e9couvrez la sauce Teriyaki sans sucre ajout\u00e9, sans gluten, vegan et keto de FitCook, en collaboration avec App\u00e9tit Go. Livraison rapide \u00e0 domicile\" \/>\n<meta name=\"robots\" content=\"index, follow, max-snippet:-1, max-image-preview:large, max-video-preview:-1\" \/>\n<link rel=\"canonical\" href=\"https:\/\/staging-appetitgo.empowerdigitaldata.com\/en\/produit\/sauce-teriyaki-fitcook\/\" \/>\n<meta property=\"og:locale\" content=\"en_US\" \/>\n<meta property=\"og:type\" content=\"article\" \/>\n<meta property=\"og:title\" content=\"Sauce Teriyaki - Fitcook\" \/>\n<meta property=\"og:description\" content=\"D\u00e9couvrez la sauce Teriyaki sans sucre ajout\u00e9, sans gluten, vegan et keto de FitCook, en collaboration avec App\u00e9tit Go. Livraison rapide \u00e0 domicile\" \/>\n<meta property=\"og:url\" content=\"https:\/\/staging-appetitgo.empowerdigitaldata.com\/en\/produit\/sauce-teriyaki-fitcook\/\" \/>\n<meta property=\"og:site_name\" content=\"App\u00e9tit Go\" \/>\n<meta property=\"article:modified_time\" content=\"2025-04-04T02:19:58+00:00\" \/>\n<meta property=\"og:image\" content=\"https:\/\/staging-appetitgo.empowerdigitaldata.com\/wp-content\/uploads\/2025\/02\/Sauce-Teriyaki-fitcook-appetit-go.webp\" \/>\n\t<meta property=\"og:image:width\" content=\"960\" \/>\n\t<meta property=\"og:image:height\" content=\"960\" \/>\n\t<meta property=\"og:image:type\" content=\"image\/webp\" \/>\n<meta name=\"twitter:card\" content=\"summary_large_image\" \/>\n<meta name=\"twitter:label1\" content=\"Price\" \/>\n\t<meta name=\"twitter:data1\" content=\"&#036;10.99\" \/>\n\t<meta name=\"twitter:label2\" content=\"Availability\" \/>\n\t<meta name=\"twitter:data2\" content=\"In stock\" \/>\n<script type=\"application\/ld+json\" class=\"yoast-schema-graph\">{\"@context\":\"https:\/\/schema.org\",\"@graph\":[{\"@type\":\"WebPage\",\"@id\":\"https:\/\/staging-appetitgo.empowerdigitaldata.com\/en\/produit\/sauce-teriyaki-fitcook\/\",\"url\":\"https:\/\/staging-appetitgo.empowerdigitaldata.com\/en\/produit\/sauce-teriyaki-fitcook\/\",\"name\":\"Sauce Teriyaki - Fitcook - App\u00e9tit Go\",\"isPartOf\":{\"@id\":\"https:\/\/staging-appetitgo.empowerdigitaldata.com\/en\/#website\"},\"primaryImageOfPage\":{\"@id\":\"https:\/\/staging-appetitgo.empowerdigitaldata.com\/en\/produit\/sauce-teriyaki-fitcook\/#primaryimage\"},\"image\":{\"@id\":\"https:\/\/staging-appetitgo.empowerdigitaldata.com\/en\/produit\/sauce-teriyaki-fitcook\/#primaryimage\"},\"thumbnailUrl\":\"https:\/\/staging-appetitgo.empowerdigitaldata.com\/wp-content\/uploads\/2025\/02\/Sauce-Teriyaki-fitcook-appetit-go.webp\",\"datePublished\":\"2025-02-11T15:27:22+00:00\",\"dateModified\":\"2025-04-04T02:19:58+00:00\",\"description\":\"D\u00e9couvrez la sauce Teriyaki sans sucre ajout\u00e9, sans gluten, vegan et keto de FitCook, en collaboration avec App\u00e9tit Go. Livraison rapide \u00e0 domicile\",\"breadcrumb\":{\"@id\":\"https:\/\/staging-appetitgo.empowerdigitaldata.com\/en\/produit\/sauce-teriyaki-fitcook\/#breadcrumb\"},\"inLanguage\":\"en-US\",\"potentialAction\":[{\"@type\":\"ReadAction\",\"target\":[\"https:\/\/staging-appetitgo.empowerdigitaldata.com\/en\/produit\/sauce-teriyaki-fitcook\/\"]}]},{\"@type\":\"ImageObject\",\"inLanguage\":\"en-US\",\"@id\":\"https:\/\/staging-appetitgo.empowerdigitaldata.com\/en\/produit\/sauce-teriyaki-fitcook\/#primaryimage\",\"url\":\"https:\/\/staging-appetitgo.empowerdigitaldata.com\/wp-content\/uploads\/2025\/02\/Sauce-Teriyaki-fitcook-appetit-go.webp\",\"contentUrl\":\"https:\/\/staging-appetitgo.empowerdigitaldata.com\/wp-content\/uploads\/2025\/02\/Sauce-Teriyaki-fitcook-appetit-go.webp\",\"width\":960,\"height\":960,\"caption\":\"Sauce teriyaki de fitcook\"},{\"@type\":\"BreadcrumbList\",\"@id\":\"https:\/\/staging-appetitgo.empowerdigitaldata.com\/en\/produit\/sauce-teriyaki-fitcook\/#breadcrumb\",\"itemListElement\":[{\"@type\":\"ListItem\",\"position\":1,\"name\":\"Home\",\"item\":\"https:\/\/staging-appetitgo.empowerdigitaldata.com\/en\/\"},{\"@type\":\"ListItem\",\"position\":2,\"name\":\"Products\",\"item\":\"https:\/\/staging-appetitgo.empowerdigitaldata.com\/en\/shop\/\"},{\"@type\":\"ListItem\",\"position\":3,\"name\":\"Sauce Teriyaki &#8211; Fitcook\"}]},{\"@type\":\"WebSite\",\"@id\":\"https:\/\/staging-appetitgo.empowerdigitaldata.com\/en\/#website\",\"url\":\"https:\/\/staging-appetitgo.empowerdigitaldata.com\/en\/\",\"name\":\"App\u00e9tit Go\",\"description\":\"\",\"publisher\":{\"@id\":\"https:\/\/staging-appetitgo.empowerdigitaldata.com\/en\/#organization\"},\"potentialAction\":[{\"@type\":\"SearchAction\",\"target\":{\"@type\":\"EntryPoint\",\"urlTemplate\":\"https:\/\/staging-appetitgo.empowerdigitaldata.com\/en\/?s={search_term_string}\"},\"query-input\":{\"@type\":\"PropertyValueSpecification\",\"valueRequired\":true,\"valueName\":\"search_term_string\"}}],\"inLanguage\":\"en-US\"},{\"@type\":\"Organization\",\"@id\":\"https:\/\/staging-appetitgo.empowerdigitaldata.com\/en\/#organization\",\"name\":\"App\u00e9tit Go\",\"url\":\"https:\/\/staging-appetitgo.empowerdigitaldata.com\/en\/\",\"logo\":{\"@type\":\"ImageObject\",\"inLanguage\":\"en-US\",\"@id\":\"https:\/\/staging-appetitgo.empowerdigitaldata.com\/en\/#\/schema\/logo\/image\/\",\"url\":\"https:\/\/staging-appetitgo.empowerdigitaldata.com\/wp-content\/uploads\/2024\/08\/Fleche-Appetit-go-4-e1724936335319.png\",\"contentUrl\":\"https:\/\/staging-appetitgo.empowerdigitaldata.com\/wp-content\/uploads\/2024\/08\/Fleche-Appetit-go-4-e1724936335319.png\",\"width\":1006,\"height\":200,\"caption\":\"App\u00e9tit Go\"},\"image\":{\"@id\":\"https:\/\/staging-appetitgo.empowerdigitaldata.com\/en\/#\/schema\/logo\/image\/\"}}]}<\/script>\n<meta property=\"product:price:amount\" content=\"10.99\" \/>\n<meta property=\"product:price:currency\" content=\"CAD\" \/>\n<meta property=\"og:availability\" content=\"instock\" \/>\n<meta property=\"product:availability\" content=\"instock\" \/>\n<meta property=\"product:retailer_item_id\" content=\"EEE008\" \/>\n<meta property=\"product:condition\" content=\"new\" \/>\n<!-- \/ Yoast SEO Premium plugin. -->","yoast_head_json":{"title":"Sauce Teriyaki - Fitcook - App\u00e9tit Go","description":"D\u00e9couvrez la sauce Teriyaki sans sucre ajout\u00e9, sans gluten, vegan et keto de FitCook, en collaboration avec App\u00e9tit Go. Livraison rapide \u00e0 domicile","robots":{"index":"index","follow":"follow","max-snippet":"max-snippet:-1","max-image-preview":"max-image-preview:large","max-video-preview":"max-video-preview:-1"},"canonical":"https:\/\/staging-appetitgo.empowerdigitaldata.com\/en\/produit\/sauce-teriyaki-fitcook\/","og_locale":"en_US","og_type":"article","og_title":"Sauce Teriyaki - Fitcook","og_description":"D\u00e9couvrez la sauce Teriyaki sans sucre ajout\u00e9, sans gluten, vegan et keto de FitCook, en collaboration avec App\u00e9tit Go. Livraison rapide \u00e0 domicile","og_url":"https:\/\/staging-appetitgo.empowerdigitaldata.com\/en\/produit\/sauce-teriyaki-fitcook\/","og_site_name":"App\u00e9tit Go","article_modified_time":"2025-04-04T02:19:58+00:00","og_image":[{"width":960,"height":960,"url":"https:\/\/staging-appetitgo.empowerdigitaldata.com\/wp-content\/uploads\/2025\/02\/Sauce-Teriyaki-fitcook-appetit-go.webp","type":"image\/webp"}],"twitter_card":"summary_large_image","twitter_misc":{"Price":"&#36;10.99","Availability":"In stock"},"schema":{"@context":"https:\/\/schema.org","@graph":[{"@type":"WebPage","@id":"https:\/\/staging-appetitgo.empowerdigitaldata.com\/en\/produit\/sauce-teriyaki-fitcook\/","url":"https:\/\/staging-appetitgo.empowerdigitaldata.com\/en\/produit\/sauce-teriyaki-fitcook\/","name":"Sauce Teriyaki - Fitcook - App\u00e9tit Go","isPartOf":{"@id":"https:\/\/staging-appetitgo.empowerdigitaldata.com\/en\/#website"},"primaryImageOfPage":{"@id":"https:\/\/staging-appetitgo.empowerdigitaldata.com\/en\/produit\/sauce-teriyaki-fitcook\/#primaryimage"},"image":{"@id":"https:\/\/staging-appetitgo.empowerdigitaldata.com\/en\/produit\/sauce-teriyaki-fitcook\/#primaryimage"},"thumbnailUrl":"https:\/\/staging-appetitgo.empowerdigitaldata.com\/wp-content\/uploads\/2025\/02\/Sauce-Teriyaki-fitcook-appetit-go.webp","datePublished":"2025-02-11T15:27:22+00:00","dateModified":"2025-04-04T02:19:58+00:00","description":"D\u00e9couvrez la sauce Teriyaki sans sucre ajout\u00e9, sans gluten, vegan et keto de FitCook, en collaboration avec App\u00e9tit Go. Livraison rapide \u00e0 domicile","breadcrumb":{"@id":"https:\/\/staging-appetitgo.empowerdigitaldata.com\/en\/produit\/sauce-teriyaki-fitcook\/#breadcrumb"},"inLanguage":"en-US","potentialAction":[{"@type":"ReadAction","target":["https:\/\/staging-appetitgo.empowerdigitaldata.com\/en\/produit\/sauce-teriyaki-fitcook\/"]}]},{"@type":"ImageObject","inLanguage":"en-US","@id":"https:\/\/staging-appetitgo.empowerdigitaldata.com\/en\/produit\/sauce-teriyaki-fitcook\/#primaryimage","url":"https:\/\/staging-appetitgo.empowerdigitaldata.com\/wp-content\/uploads\/2025\/02\/Sauce-Teriyaki-fitcook-appetit-go.webp","contentUrl":"https:\/\/staging-appetitgo.empowerdigitaldata.com\/wp-content\/uploads\/2025\/02\/Sauce-Teriyaki-fitcook-appetit-go.webp","width":960,"height":960,"caption":"Sauce teriyaki de fitcook"},{"@type":"BreadcrumbList","@id":"https:\/\/staging-appetitgo.empowerdigitaldata.com\/en\/produit\/sauce-teriyaki-fitcook\/#breadcrumb","itemListElement":[{"@type":"ListItem","position":1,"name":"Home","item":"https:\/\/staging-appetitgo.empowerdigitaldata.com\/en\/"},{"@type":"ListItem","position":2,"name":"Products","item":"https:\/\/staging-appetitgo.empowerdigitaldata.com\/en\/shop\/"},{"@type":"ListItem","position":3,"name":"Sauce Teriyaki &#8211; Fitcook"}]},{"@type":"WebSite","@id":"https:\/\/staging-appetitgo.empowerdigitaldata.com\/en\/#website","url":"https:\/\/staging-appetitgo.empowerdigitaldata.com\/en\/","name":"App\u00e9tit Go","description":"","publisher":{"@id":"https:\/\/staging-appetitgo.empowerdigitaldata.com\/en\/#organization"},"potentialAction":[{"@type":"SearchAction","target":{"@type":"EntryPoint","urlTemplate":"https:\/\/staging-appetitgo.empowerdigitaldata.com\/en\/?s={search_term_string}"},"query-input":{"@type":"PropertyValueSpecification","valueRequired":true,"valueName":"search_term_string"}}],"inLanguage":"en-US"},{"@type":"Organization","@id":"https:\/\/staging-appetitgo.empowerdigitaldata.com\/en\/#organization","name":"App\u00e9tit Go","url":"https:\/\/staging-appetitgo.empowerdigitaldata.com\/en\/","logo":{"@type":"ImageObject","inLanguage":"en-US","@id":"https:\/\/staging-appetitgo.empowerdigitaldata.com\/en\/#\/schema\/logo\/image\/","url":"https:\/\/staging-appetitgo.empowerdigitaldata.com\/wp-content\/uploads\/2024\/08\/Fleche-Appetit-go-4-e1724936335319.png","contentUrl":"https:\/\/staging-appetitgo.empowerdigitaldata.com\/wp-content\/uploads\/2024\/08\/Fleche-Appetit-go-4-e1724936335319.png","width":1006,"height":200,"caption":"App\u00e9tit Go"},"image":{"@id":"https:\/\/staging-appetitgo.empowerdigitaldata.com\/en\/#\/schema\/logo\/image\/"}}]},"product_price_amount":"10.99","product_price_currency":"CAD","og_availability":"instock","product_availability":"instock","product_retailer_item_id":"EEE008","product_condition":"new"},"_links":{"self":[{"href":"https:\/\/staging-appetitgo.empowerdigitaldata.com\/en\/wp-json\/wp\/v2\/product\/14583","targetHints":{"allow":["GET"]}}],"collection":[{"href":"https:\/\/staging-appetitgo.empowerdigitaldata.com\/en\/wp-json\/wp\/v2\/product"}],"about":[{"href":"https:\/\/staging-appetitgo.empowerdigitaldata.com\/en\/wp-json\/wp\/v2\/types\/product"}],"version-history":[{"count":1,"href":"https:\/\/staging-appetitgo.empowerdigitaldata.com\/en\/wp-json\/wp\/v2\/product\/14583\/revisions"}],"predecessor-version":[{"id":17987,"href":"https:\/\/staging-appetitgo.empowerdigitaldata.com\/en\/wp-json\/wp\/v2\/product\/14583\/revisions\/17987"}],"wp:featuredmedia":[{"embeddable":true,"href":"https:\/\/staging-appetitgo.empowerdigitaldata.com\/en\/wp-json\/wp\/v2\/media\/14573"}],"wp:attachment":[{"href":"https:\/\/staging-appetitgo.empowerdigitaldata.com\/en\/wp-json\/wp\/v2\/media?parent=14583"}],"wp:term":[{"taxonomy":"product_brand","embeddable":true,"href":"https:\/\/staging-appetitgo.empowerdigitaldata.com\/en\/wp-json\/wp\/v2\/product_brand?post=14583"},{"taxonomy":"product_cat","embeddable":true,"href":"https:\/\/staging-appetitgo.empowerdigitaldata.com\/en\/wp-json\/wp\/v2\/product_cat?post=14583"},{"taxonomy":"product_tag","embeddable":true,"href":"https:\/\/staging-appetitgo.empowerdigitaldata.com\/en\/wp-json\/wp\/v2\/product_tag?post=14583"},{"taxonomy":"giftcard-category","embeddable":true,"href":"https:\/\/staging-appetitgo.empowerdigitaldata.com\/en\/wp-json\/wp\/v2\/giftcard-category?post=14583"}],"curies":[{"name":"wp","href":"https:\/\/api.w.org\/{rel}","templated":true}]}}