{"id":14531,"date":"2025-02-11T08:05:58","date_gmt":"2025-02-11T13:05:58","guid":{"rendered":"https:\/\/staging-appetitgo.empowerdigitaldata.com\/?post_type=product&#038;p=14531"},"modified":"2025-03-28T11:47:39","modified_gmt":"2025-03-28T15:47:39","slug":"sauce-moutarde-au-miel-fitcook","status":"publish","type":"product","link":"https:\/\/staging-appetitgo.empowerdigitaldata.com\/en\/produit\/sauce-moutarde-au-miel-fitcook\/","title":{"rendered":"Sauce Moutarde au miel &#8211; Fitcook"},"content":{"rendered":"<p data-start=\"71\" data-end=\"179\"><strong data-start=\"71\" data-end=\"177\">Apportez une touche de douceur et de caract\u00e8re \u00e0 vos plats avec la sauce moutarde au miel FitCook !<\/strong><\/p>\n<p data-start=\"181\" data-end=\"577\">En collaboration avec <strong data-start=\"203\" data-end=\"214\">FitCook<\/strong>, d\u00e9couvrez une <strong data-start=\"230\" data-end=\"263\">sauce gourmande et \u00e9quilibr\u00e9e<\/strong>, alliant la richesse de la moutarde \u00e0 la douceur du miel, le tout <strong data-start=\"330\" data-end=\"351\">sans sucre ajout\u00e9<\/strong>. Id\u00e9ale pour accompagner vos <strong data-start=\"381\" data-end=\"430\">viandes, poissons, salades ou l\u00e9gumes grill\u00e9s<\/strong>, elle sublime vos plats avec une saveur \u00e0 la fois douce et relev\u00e9e. En plus, elle est <strong data-start=\"517\" data-end=\"573\">sans gluten et compatible avec une alimentation keto<\/strong> !<\/p>\n<p data-start=\"579\" data-end=\"848\"><strong data-start=\"582\" data-end=\"634\">Envie de varier les plaisirs ? D\u00e9couvrez aussi :<\/strong><\/p>\n<ul>\n<li data-start=\"579\" data-end=\"848\"><strong data-start=\"639\" data-end=\"664\">Sauce chili foux tha\u00ef<\/strong> \u2013 un \u00e9quilibre parfait entre douceur et piquant<\/li>\n<li data-start=\"579\" data-end=\"848\"><strong data-start=\"717\" data-end=\"736\">Sauce Piri Piri<\/strong> \u2013 pour une touche \u00e9pic\u00e9e et audacieuse<\/li>\n<li data-start=\"579\" data-end=\"848\"><strong data-start=\"780\" data-end=\"798\">Sauce teriyaki<\/strong> \u2013 une note asiatique pour sublimer vos recettes<\/li>\n<li data-start=\"579\" data-end=\"848\"><strong data-start=\"855\" data-end=\"868\">Sauce BBQ<\/strong> \u2013 un classique revisit\u00e9, id\u00e9al pour les grillades et marinades<\/li>\n<\/ul>\n<p data-start=\"850\" data-end=\"1148\">Avec <strong data-start=\"855\" data-end=\"866\">FitCook<\/strong>, profitez de sauces savoureuses qui respectent vos choix alimentaires. Que ce soit pour rehausser une vinaigrette, mariner une viande ou donner une touche gourmande \u00e0 un plat v\u00e9g\u00e9tarien, cette <strong data-start=\"1060\" data-end=\"1086\">sauce moutarde au miel<\/strong> est l\u2019ingr\u00e9dient parfait pour des repas sains et d\u00e9licieux.<\/p>\n<p data-start=\"1150\" data-end=\"1372\"><strong data-start=\"1153\" data-end=\"1194\">Pourquoi choisir les sauces FitCook ?<\/strong><br data-start=\"1194\" data-end=\"1197\" \/>Parce qu\u2019elles sont <strong data-start=\"1217\" data-end=\"1285\">d\u00e9licieuses, naturelles et con\u00e7ues pour un mode de vie \u00e9quilibr\u00e9<\/strong>. Offrez-vous une explosion de saveurs <strong data-start=\"1324\" data-end=\"1369\">sans compromis sur la qualit\u00e9 et la sant\u00e9<\/strong>.<\/p>\n<p data-start=\"1374\" data-end=\"1469\"><strong data-start=\"1377\" data-end=\"1467\">Testez la sauce moutarde au miel FitCook et ajoutez une touche gourmande \u00e0 vos repas !<\/strong><\/p>\n","protected":false},"excerpt":{"rendered":"<p>En collaboration avec <strong data-start=\"203\" data-end=\"214\">FitCook<\/strong>, d\u00e9couvrez une <strong data-start=\"230\" data-end=\"263\">sauce gourmande et \u00e9quilibr\u00e9e<\/strong>, alliant la richesse de la moutarde \u00e0 la douceur du miel, le tout <strong data-start=\"330\" data-end=\"351\">sans sucre ajout\u00e9<\/strong>. Id\u00e9ale pour accompagner vos <strong data-start=\"381\" data-end=\"430\">viandes, poissons, salades ou l\u00e9gumes grill\u00e9s<\/strong>, elle sublime vos plats avec une saveur \u00e0 la fois douce et relev\u00e9e. En plus, elle est <strong data-start=\"517\" data-end=\"573\">sans gluten et compatible avec une alimentation keto<\/strong> !<\/p>\n","protected":false},"featured_media":14536,"template":"","meta":{"_acf_changed":false,"_eb_attr":""},"product_brand":[],"product_cat":[16],"product_tag":[175,155,166],"giftcard-category":[],"class_list":{"0":"post-14531","1":"product","2":"type-product","3":"status-publish","4":"has-post-thumbnail","6":"product_cat-epicerie","7":"product_tag-fitcook","8":"product_tag-sans-gluten","9":"product_tag-sauce","11":"first","12":"instock","13":"shipping-taxable","14":"purchasable","15":"product-type-simple"},"acf":[],"yoast_head":"<!-- This site is optimized with the Yoast SEO Premium plugin v24.8 (Yoast SEO v24.8.1) - https:\/\/yoast.com\/wordpress\/plugins\/seo\/ -->\n<title>Sauce Moutarde au miel - Fitcook - App\u00e9tit Go<\/title>\n<meta name=\"description\" content=\"D\u00e9couvrez la sauce moutarde au miel sans sucre ajout\u00e9, sans gluten et keto de FitCook, en collaboration avec App\u00e9tit Go. Livraison rapide\" \/>\n<meta name=\"robots\" content=\"index, follow, max-snippet:-1, max-image-preview:large, max-video-preview:-1\" \/>\n<link rel=\"canonical\" href=\"https:\/\/staging-appetitgo.empowerdigitaldata.com\/en\/produit\/sauce-moutarde-au-miel-fitcook\/\" \/>\n<meta property=\"og:locale\" content=\"en_US\" \/>\n<meta property=\"og:type\" content=\"article\" \/>\n<meta property=\"og:title\" content=\"Sauce Moutarde au miel - Fitcook\" \/>\n<meta property=\"og:description\" content=\"D\u00e9couvrez la sauce moutarde au miel sans sucre ajout\u00e9, sans gluten et keto de FitCook, en collaboration avec App\u00e9tit Go. Livraison rapide\" \/>\n<meta property=\"og:url\" content=\"https:\/\/staging-appetitgo.empowerdigitaldata.com\/en\/produit\/sauce-moutarde-au-miel-fitcook\/\" \/>\n<meta property=\"og:site_name\" content=\"App\u00e9tit Go\" \/>\n<meta property=\"article:modified_time\" content=\"2025-03-28T15:47:39+00:00\" \/>\n<meta property=\"og:image\" content=\"https:\/\/staging-appetitgo.empowerdigitaldata.com\/wp-content\/uploads\/2025\/02\/Sauce-fitcook-miel-appetit-go.webp\" \/>\n\t<meta property=\"og:image:width\" content=\"960\" \/>\n\t<meta property=\"og:image:height\" content=\"960\" \/>\n\t<meta property=\"og:image:type\" content=\"image\/webp\" \/>\n<meta name=\"twitter:card\" content=\"summary_large_image\" \/>\n<meta name=\"twitter:label1\" content=\"Price\" \/>\n\t<meta name=\"twitter:data1\" content=\"&#036;10.99\" \/>\n\t<meta name=\"twitter:label2\" content=\"Availability\" \/>\n\t<meta name=\"twitter:data2\" content=\"In stock\" \/>\n<script type=\"application\/ld+json\" class=\"yoast-schema-graph\">{\"@context\":\"https:\/\/schema.org\",\"@graph\":[{\"@type\":\"WebPage\",\"@id\":\"https:\/\/staging-appetitgo.empowerdigitaldata.com\/en\/produit\/sauce-moutarde-au-miel-fitcook\/\",\"url\":\"https:\/\/staging-appetitgo.empowerdigitaldata.com\/en\/produit\/sauce-moutarde-au-miel-fitcook\/\",\"name\":\"Sauce Moutarde au miel - Fitcook - App\u00e9tit Go\",\"isPartOf\":{\"@id\":\"https:\/\/staging-appetitgo.empowerdigitaldata.com\/en\/#website\"},\"primaryImageOfPage\":{\"@id\":\"https:\/\/staging-appetitgo.empowerdigitaldata.com\/en\/produit\/sauce-moutarde-au-miel-fitcook\/#primaryimage\"},\"image\":{\"@id\":\"https:\/\/staging-appetitgo.empowerdigitaldata.com\/en\/produit\/sauce-moutarde-au-miel-fitcook\/#primaryimage\"},\"thumbnailUrl\":\"https:\/\/staging-appetitgo.empowerdigitaldata.com\/wp-content\/uploads\/2025\/02\/Sauce-fitcook-miel-appetit-go.webp\",\"datePublished\":\"2025-02-11T13:05:58+00:00\",\"dateModified\":\"2025-03-28T15:47:39+00:00\",\"description\":\"D\u00e9couvrez la sauce moutarde au miel sans sucre ajout\u00e9, sans gluten et keto de FitCook, en collaboration avec App\u00e9tit Go. Livraison rapide\",\"breadcrumb\":{\"@id\":\"https:\/\/staging-appetitgo.empowerdigitaldata.com\/en\/produit\/sauce-moutarde-au-miel-fitcook\/#breadcrumb\"},\"inLanguage\":\"en-US\",\"potentialAction\":[{\"@type\":\"ReadAction\",\"target\":[\"https:\/\/staging-appetitgo.empowerdigitaldata.com\/en\/produit\/sauce-moutarde-au-miel-fitcook\/\"]}]},{\"@type\":\"ImageObject\",\"inLanguage\":\"en-US\",\"@id\":\"https:\/\/staging-appetitgo.empowerdigitaldata.com\/en\/produit\/sauce-moutarde-au-miel-fitcook\/#primaryimage\",\"url\":\"https:\/\/staging-appetitgo.empowerdigitaldata.com\/wp-content\/uploads\/2025\/02\/Sauce-fitcook-miel-appetit-go.webp\",\"contentUrl\":\"https:\/\/staging-appetitgo.empowerdigitaldata.com\/wp-content\/uploads\/2025\/02\/Sauce-fitcook-miel-appetit-go.webp\",\"width\":960,\"height\":960,\"caption\":\"Sauce de fitcook au miel pour vos repas sant\u00e9\"},{\"@type\":\"BreadcrumbList\",\"@id\":\"https:\/\/staging-appetitgo.empowerdigitaldata.com\/en\/produit\/sauce-moutarde-au-miel-fitcook\/#breadcrumb\",\"itemListElement\":[{\"@type\":\"ListItem\",\"position\":1,\"name\":\"Home\",\"item\":\"https:\/\/staging-appetitgo.empowerdigitaldata.com\/en\/\"},{\"@type\":\"ListItem\",\"position\":2,\"name\":\"Products\",\"item\":\"https:\/\/staging-appetitgo.empowerdigitaldata.com\/en\/shop\/\"},{\"@type\":\"ListItem\",\"position\":3,\"name\":\"Sauce Moutarde au miel &#8211; Fitcook\"}]},{\"@type\":\"WebSite\",\"@id\":\"https:\/\/staging-appetitgo.empowerdigitaldata.com\/en\/#website\",\"url\":\"https:\/\/staging-appetitgo.empowerdigitaldata.com\/en\/\",\"name\":\"App\u00e9tit Go\",\"description\":\"\",\"publisher\":{\"@id\":\"https:\/\/staging-appetitgo.empowerdigitaldata.com\/en\/#organization\"},\"potentialAction\":[{\"@type\":\"SearchAction\",\"target\":{\"@type\":\"EntryPoint\",\"urlTemplate\":\"https:\/\/staging-appetitgo.empowerdigitaldata.com\/en\/?s={search_term_string}\"},\"query-input\":{\"@type\":\"PropertyValueSpecification\",\"valueRequired\":true,\"valueName\":\"search_term_string\"}}],\"inLanguage\":\"en-US\"},{\"@type\":\"Organization\",\"@id\":\"https:\/\/staging-appetitgo.empowerdigitaldata.com\/en\/#organization\",\"name\":\"App\u00e9tit Go\",\"url\":\"https:\/\/staging-appetitgo.empowerdigitaldata.com\/en\/\",\"logo\":{\"@type\":\"ImageObject\",\"inLanguage\":\"en-US\",\"@id\":\"https:\/\/staging-appetitgo.empowerdigitaldata.com\/en\/#\/schema\/logo\/image\/\",\"url\":\"https:\/\/staging-appetitgo.empowerdigitaldata.com\/wp-content\/uploads\/2024\/08\/Fleche-Appetit-go-4-e1724936335319.png\",\"contentUrl\":\"https:\/\/staging-appetitgo.empowerdigitaldata.com\/wp-content\/uploads\/2024\/08\/Fleche-Appetit-go-4-e1724936335319.png\",\"width\":1006,\"height\":200,\"caption\":\"App\u00e9tit Go\"},\"image\":{\"@id\":\"https:\/\/staging-appetitgo.empowerdigitaldata.com\/en\/#\/schema\/logo\/image\/\"}}]}<\/script>\n<meta property=\"product:price:amount\" content=\"10.99\" \/>\n<meta property=\"product:price:currency\" content=\"CAD\" \/>\n<meta property=\"og:availability\" content=\"instock\" \/>\n<meta property=\"product:availability\" content=\"instock\" \/>\n<meta property=\"product:retailer_item_id\" content=\"EEE009\" \/>\n<meta property=\"product:condition\" content=\"new\" \/>\n<!-- \/ Yoast SEO Premium plugin. -->","yoast_head_json":{"title":"Sauce Moutarde au miel - Fitcook - App\u00e9tit Go","description":"D\u00e9couvrez la sauce moutarde au miel sans sucre ajout\u00e9, sans gluten et keto de FitCook, en collaboration avec App\u00e9tit Go. Livraison rapide","robots":{"index":"index","follow":"follow","max-snippet":"max-snippet:-1","max-image-preview":"max-image-preview:large","max-video-preview":"max-video-preview:-1"},"canonical":"https:\/\/staging-appetitgo.empowerdigitaldata.com\/en\/produit\/sauce-moutarde-au-miel-fitcook\/","og_locale":"en_US","og_type":"article","og_title":"Sauce Moutarde au miel - Fitcook","og_description":"D\u00e9couvrez la sauce moutarde au miel sans sucre ajout\u00e9, sans gluten et keto de FitCook, en collaboration avec App\u00e9tit Go. Livraison rapide","og_url":"https:\/\/staging-appetitgo.empowerdigitaldata.com\/en\/produit\/sauce-moutarde-au-miel-fitcook\/","og_site_name":"App\u00e9tit Go","article_modified_time":"2025-03-28T15:47:39+00:00","og_image":[{"width":960,"height":960,"url":"https:\/\/staging-appetitgo.empowerdigitaldata.com\/wp-content\/uploads\/2025\/02\/Sauce-fitcook-miel-appetit-go.webp","type":"image\/webp"}],"twitter_card":"summary_large_image","twitter_misc":{"Price":"&#36;10.99","Availability":"In stock"},"schema":{"@context":"https:\/\/schema.org","@graph":[{"@type":"WebPage","@id":"https:\/\/staging-appetitgo.empowerdigitaldata.com\/en\/produit\/sauce-moutarde-au-miel-fitcook\/","url":"https:\/\/staging-appetitgo.empowerdigitaldata.com\/en\/produit\/sauce-moutarde-au-miel-fitcook\/","name":"Sauce Moutarde au miel - Fitcook - App\u00e9tit Go","isPartOf":{"@id":"https:\/\/staging-appetitgo.empowerdigitaldata.com\/en\/#website"},"primaryImageOfPage":{"@id":"https:\/\/staging-appetitgo.empowerdigitaldata.com\/en\/produit\/sauce-moutarde-au-miel-fitcook\/#primaryimage"},"image":{"@id":"https:\/\/staging-appetitgo.empowerdigitaldata.com\/en\/produit\/sauce-moutarde-au-miel-fitcook\/#primaryimage"},"thumbnailUrl":"https:\/\/staging-appetitgo.empowerdigitaldata.com\/wp-content\/uploads\/2025\/02\/Sauce-fitcook-miel-appetit-go.webp","datePublished":"2025-02-11T13:05:58+00:00","dateModified":"2025-03-28T15:47:39+00:00","description":"D\u00e9couvrez la sauce moutarde au miel sans sucre ajout\u00e9, sans gluten et keto de FitCook, en collaboration avec App\u00e9tit Go. Livraison rapide","breadcrumb":{"@id":"https:\/\/staging-appetitgo.empowerdigitaldata.com\/en\/produit\/sauce-moutarde-au-miel-fitcook\/#breadcrumb"},"inLanguage":"en-US","potentialAction":[{"@type":"ReadAction","target":["https:\/\/staging-appetitgo.empowerdigitaldata.com\/en\/produit\/sauce-moutarde-au-miel-fitcook\/"]}]},{"@type":"ImageObject","inLanguage":"en-US","@id":"https:\/\/staging-appetitgo.empowerdigitaldata.com\/en\/produit\/sauce-moutarde-au-miel-fitcook\/#primaryimage","url":"https:\/\/staging-appetitgo.empowerdigitaldata.com\/wp-content\/uploads\/2025\/02\/Sauce-fitcook-miel-appetit-go.webp","contentUrl":"https:\/\/staging-appetitgo.empowerdigitaldata.com\/wp-content\/uploads\/2025\/02\/Sauce-fitcook-miel-appetit-go.webp","width":960,"height":960,"caption":"Sauce de fitcook au miel pour vos repas sant\u00e9"},{"@type":"BreadcrumbList","@id":"https:\/\/staging-appetitgo.empowerdigitaldata.com\/en\/produit\/sauce-moutarde-au-miel-fitcook\/#breadcrumb","itemListElement":[{"@type":"ListItem","position":1,"name":"Home","item":"https:\/\/staging-appetitgo.empowerdigitaldata.com\/en\/"},{"@type":"ListItem","position":2,"name":"Products","item":"https:\/\/staging-appetitgo.empowerdigitaldata.com\/en\/shop\/"},{"@type":"ListItem","position":3,"name":"Sauce Moutarde au miel &#8211; Fitcook"}]},{"@type":"WebSite","@id":"https:\/\/staging-appetitgo.empowerdigitaldata.com\/en\/#website","url":"https:\/\/staging-appetitgo.empowerdigitaldata.com\/en\/","name":"App\u00e9tit Go","description":"","publisher":{"@id":"https:\/\/staging-appetitgo.empowerdigitaldata.com\/en\/#organization"},"potentialAction":[{"@type":"SearchAction","target":{"@type":"EntryPoint","urlTemplate":"https:\/\/staging-appetitgo.empowerdigitaldata.com\/en\/?s={search_term_string}"},"query-input":{"@type":"PropertyValueSpecification","valueRequired":true,"valueName":"search_term_string"}}],"inLanguage":"en-US"},{"@type":"Organization","@id":"https:\/\/staging-appetitgo.empowerdigitaldata.com\/en\/#organization","name":"App\u00e9tit Go","url":"https:\/\/staging-appetitgo.empowerdigitaldata.com\/en\/","logo":{"@type":"ImageObject","inLanguage":"en-US","@id":"https:\/\/staging-appetitgo.empowerdigitaldata.com\/en\/#\/schema\/logo\/image\/","url":"https:\/\/staging-appetitgo.empowerdigitaldata.com\/wp-content\/uploads\/2024\/08\/Fleche-Appetit-go-4-e1724936335319.png","contentUrl":"https:\/\/staging-appetitgo.empowerdigitaldata.com\/wp-content\/uploads\/2024\/08\/Fleche-Appetit-go-4-e1724936335319.png","width":1006,"height":200,"caption":"App\u00e9tit Go"},"image":{"@id":"https:\/\/staging-appetitgo.empowerdigitaldata.com\/en\/#\/schema\/logo\/image\/"}}]},"product_price_amount":"10.99","product_price_currency":"CAD","og_availability":"instock","product_availability":"instock","product_retailer_item_id":"EEE009","product_condition":"new"},"_links":{"self":[{"href":"https:\/\/staging-appetitgo.empowerdigitaldata.com\/en\/wp-json\/wp\/v2\/product\/14531","targetHints":{"allow":["GET"]}}],"collection":[{"href":"https:\/\/staging-appetitgo.empowerdigitaldata.com\/en\/wp-json\/wp\/v2\/product"}],"about":[{"href":"https:\/\/staging-appetitgo.empowerdigitaldata.com\/en\/wp-json\/wp\/v2\/types\/product"}],"version-history":[{"count":1,"href":"https:\/\/staging-appetitgo.empowerdigitaldata.com\/en\/wp-json\/wp\/v2\/product\/14531\/revisions"}],"predecessor-version":[{"id":17988,"href":"https:\/\/staging-appetitgo.empowerdigitaldata.com\/en\/wp-json\/wp\/v2\/product\/14531\/revisions\/17988"}],"wp:featuredmedia":[{"embeddable":true,"href":"https:\/\/staging-appetitgo.empowerdigitaldata.com\/en\/wp-json\/wp\/v2\/media\/14536"}],"wp:attachment":[{"href":"https:\/\/staging-appetitgo.empowerdigitaldata.com\/en\/wp-json\/wp\/v2\/media?parent=14531"}],"wp:term":[{"taxonomy":"product_brand","embeddable":true,"href":"https:\/\/staging-appetitgo.empowerdigitaldata.com\/en\/wp-json\/wp\/v2\/product_brand?post=14531"},{"taxonomy":"product_cat","embeddable":true,"href":"https:\/\/staging-appetitgo.empowerdigitaldata.com\/en\/wp-json\/wp\/v2\/product_cat?post=14531"},{"taxonomy":"product_tag","embeddable":true,"href":"https:\/\/staging-appetitgo.empowerdigitaldata.com\/en\/wp-json\/wp\/v2\/product_tag?post=14531"},{"taxonomy":"giftcard-category","embeddable":true,"href":"https:\/\/staging-appetitgo.empowerdigitaldata.com\/en\/wp-json\/wp\/v2\/giftcard-category?post=14531"}],"curies":[{"name":"wp","href":"https:\/\/api.w.org\/{rel}","templated":true}]}}