{"id":14501,"date":"2025-02-10T17:58:24","date_gmt":"2025-02-10T22:58:24","guid":{"rendered":"https:\/\/staging-appetitgo.empowerdigitaldata.com\/?post_type=product&#038;p=14501"},"modified":"2025-03-20T15:31:25","modified_gmt":"2025-03-20T19:31:25","slug":"sauce-piri-piri-la-fogo-fitcook","status":"publish","type":"product","link":"https:\/\/staging-appetitgo.empowerdigitaldata.com\/en\/produit\/sauce-piri-piri-la-fogo-fitcook\/","title":{"rendered":"Sauce Piri-Piri &#8211; Fitcook"},"content":{"rendered":"<h3 data-start=\"77\" data-end=\"155\"><span style=\"font-size: 12pt\"><strong data-start=\"81\" data-end=\"155\">Ajoutez du piquant \u00e0 vos repas avec la sauce Style Piri Piri FitCook !<\/strong><\/span><\/h3>\n<p data-start=\"157\" data-end=\"683\"><span style=\"font-size: 10pt\">En collaboration avec <strong data-start=\"179\" data-end=\"190\">FitCook<\/strong>, d\u00e9couvrez une sauce relev\u00e9e qui rehaussera toutes vos recettes. Inspir\u00e9e des saveurs portugaises, cette <strong data-start=\"296\" data-end=\"333\">sauce Piri Piri sans sucre ajout\u00e9<\/strong> est parfaite pour les <strong data-start=\"356\" data-end=\"389\">amateurs de sensations fortes<\/strong>. Que ce soit pour vos <strong data-start=\"412\" data-end=\"431\">poulets grill\u00e9s<\/strong>, <strong data-start=\"433\" data-end=\"450\">fruits de mer<\/strong>, <strong data-start=\"452\" data-end=\"463\">l\u00e9gumes<\/strong> ou m\u00eame en <strong data-start=\"475\" data-end=\"487\">marinade<\/strong>, elle apporte <strong data-start=\"502\" data-end=\"525\">juste ce qu&#8217;il faut<\/strong> de chaleur et de caract\u00e8re pour sublimer vos plats. De plus, elle est <strong data-start=\"596\" data-end=\"605\">vegan<\/strong>, <strong data-start=\"607\" data-end=\"622\">sans gluten<\/strong> et parfaitement compatible avec une alimentation <strong data-start=\"672\" data-end=\"680\">keto<\/strong>.<\/span><\/p>\n<h3 data-start=\"690\" data-end=\"746\"><span style=\"font-size: 12pt\"><strong data-start=\"694\" data-end=\"746\">Envie de varier les plaisirs ? D\u00e9couvrez aussi :<\/strong><\/span><\/h3>\n<ul data-start=\"748\" data-end=\"1168\">\n<li data-start=\"748\" data-end=\"852\"><span style=\"font-size: 10pt\"><strong data-start=\"750\" data-end=\"775\">Sauce chili foux tha\u00ef<\/strong> \u2013 un \u00e9quilibre parfait entre douceur et piquant, pour un go\u00fbt inoubliable.<\/span><\/li>\n<li data-start=\"853\" data-end=\"987\"><span style=\"font-size: 10pt\"><strong data-start=\"855\" data-end=\"881\">Sauce moutarde et miel<\/strong> \u2013 une alliance gourmande entre douceur et caract\u00e8re.<\/span><\/li>\n<li data-start=\"988\" data-end=\"1078\"><span style=\"font-size: 10pt\"><strong data-start=\"990\" data-end=\"1008\">Sauce teriyaki<\/strong> \u2013 une touche asiatique pour sublimer vos plats de mani\u00e8re d\u00e9licate.<\/span><\/li>\n<li data-start=\"1079\" data-end=\"1168\"><span style=\"font-size: 10pt\"><strong data-start=\"1081\" data-end=\"1094\">Sauce BBQ<\/strong> \u2013 un classique revisit\u00e9, id\u00e9al pour vos <strong data-start=\"1135\" data-end=\"1148\">grillades<\/strong> et <strong data-start=\"1152\" data-end=\"1165\">marinades<\/strong>.<\/span><\/li>\n<\/ul>\n<h3 data-start=\"1175\" data-end=\"1220\"><span style=\"font-size: 12pt\"><strong data-start=\"1179\" data-end=\"1220\">Pourquoi choisir les sauces FitCook ?<\/strong><\/span><\/h3>\n<p data-start=\"1222\" data-end=\"1441\"><span style=\"font-size: 10pt\">Parce qu&#8217;elles sont <strong data-start=\"1242\" data-end=\"1257\">d\u00e9licieuses<\/strong>, <strong data-start=\"1259\" data-end=\"1273\">naturelles<\/strong> et con\u00e7ues pour un <strong data-start=\"1293\" data-end=\"1318\">mode de vie \u00e9quilibr\u00e9<\/strong>. Profitez de <strong data-start=\"1332\" data-end=\"1355\">produits de qualit\u00e9<\/strong>, tout en vous offrant une <strong data-start=\"1382\" data-end=\"1406\">explosion de saveurs<\/strong>, sans compromis sur votre sant\u00e9.<\/span><\/p>\n<p data-start=\"1222\" data-end=\"1441\"><span style=\"font-size: 10pt\">Osez le go\u00fbt et faites de vos repas une <strong data-start=\"1562\" data-end=\"1598\">exp\u00e9rience relev\u00e9e et savoureuse<\/strong> gr\u00e2ce \u00e0 la <strong data-start=\"1610\" data-end=\"1643\">sauce Style Piri Piri FitCook<\/strong>.<\/span><\/p>\n","protected":false},"excerpt":{"rendered":"<p>En collaboration avec <strong data-start=\"208\" data-end=\"219\">FitCook<\/strong>, d\u00e9couvrez une sauce relev\u00e9e qui rehaussera toutes vos recettes. Inspir\u00e9e des saveurs portugaises, cette <strong data-start=\"325\" data-end=\"362\">sauce Piri Piri sans sucre ajout\u00e9<\/strong> est parfaite pour les amateurs de sensations fortes. Id\u00e9ale pour les <strong data-start=\"432\" data-end=\"495\">poulets grill\u00e9s, fruits de mer, l\u00e9gumes ou m\u00eame en marinade<\/strong>, elle apporte juste ce qu\u2019il faut de chaleur et de caract\u00e8re \u00e0 vos plats. En plus, elle est <strong data-start=\"588\" data-end=\"651\">vegan, sans gluten et compatible avec une alimentation keto<\/strong> !<\/p>\n","protected":false},"featured_media":14510,"template":"","meta":{"_acf_changed":false,"_eb_attr":""},"product_brand":[],"product_cat":[16],"product_tag":[175,155,166],"giftcard-category":[],"class_list":{"0":"post-14501","1":"product","2":"type-product","3":"status-publish","4":"has-post-thumbnail","6":"product_cat-epicerie","7":"product_tag-fitcook","8":"product_tag-sans-gluten","9":"product_tag-sauce","11":"first","12":"instock","13":"shipping-taxable","14":"purchasable","15":"product-type-simple"},"acf":[],"yoast_head":"<!-- This site is optimized with the Yoast SEO Premium plugin v24.8 (Yoast SEO v24.8.1) - https:\/\/yoast.com\/wordpress\/plugins\/seo\/ -->\n<title>Sauce Piri-Piri - Fitcook - App\u00e9tit Go<\/title>\n<meta name=\"description\" content=\"D\u00e9couvrez la sauce au Fogo style Piri Piri sans sucre ajout\u00e9, sans gluten, vegan et keto de FitCook, en collaboration avec App\u00e9tit Go. 30$ de r\u00e9duction\" \/>\n<meta name=\"robots\" content=\"index, follow, max-snippet:-1, max-image-preview:large, max-video-preview:-1\" \/>\n<link rel=\"canonical\" href=\"https:\/\/staging-appetitgo.empowerdigitaldata.com\/en\/produit\/sauce-piri-piri-la-fogo-fitcook\/\" \/>\n<meta property=\"og:locale\" content=\"en_US\" \/>\n<meta property=\"og:type\" content=\"article\" \/>\n<meta property=\"og:title\" content=\"Sauce Piri-Piri - Fitcook\" \/>\n<meta property=\"og:description\" content=\"D\u00e9couvrez la sauce au Fogo style Piri Piri sans sucre ajout\u00e9, sans gluten, vegan et keto de FitCook, en collaboration avec App\u00e9tit Go. 30$ de r\u00e9duction\" \/>\n<meta property=\"og:url\" content=\"https:\/\/staging-appetitgo.empowerdigitaldata.com\/en\/produit\/sauce-piri-piri-la-fogo-fitcook\/\" \/>\n<meta property=\"og:site_name\" content=\"App\u00e9tit Go\" \/>\n<meta property=\"article:modified_time\" content=\"2025-03-20T19:31:25+00:00\" \/>\n<meta property=\"og:image\" content=\"https:\/\/staging-appetitgo.empowerdigitaldata.com\/wp-content\/uploads\/2025\/02\/fuego-sauce-fitcook.webp\" \/>\n\t<meta property=\"og:image:width\" content=\"960\" \/>\n\t<meta property=\"og:image:height\" content=\"960\" \/>\n\t<meta property=\"og:image:type\" content=\"image\/webp\" \/>\n<meta name=\"twitter:card\" content=\"summary_large_image\" \/>\n<meta name=\"twitter:label1\" content=\"Price\" \/>\n\t<meta name=\"twitter:data1\" content=\"&#036;10.99\" \/>\n\t<meta name=\"twitter:label2\" content=\"Availability\" \/>\n\t<meta name=\"twitter:data2\" content=\"In stock\" \/>\n<script type=\"application\/ld+json\" class=\"yoast-schema-graph\">{\"@context\":\"https:\/\/schema.org\",\"@graph\":[{\"@type\":\"WebPage\",\"@id\":\"https:\/\/staging-appetitgo.empowerdigitaldata.com\/en\/produit\/sauce-piri-piri-la-fogo-fitcook\/\",\"url\":\"https:\/\/staging-appetitgo.empowerdigitaldata.com\/en\/produit\/sauce-piri-piri-la-fogo-fitcook\/\",\"name\":\"Sauce Piri-Piri - Fitcook - App\u00e9tit Go\",\"isPartOf\":{\"@id\":\"https:\/\/staging-appetitgo.empowerdigitaldata.com\/en\/#website\"},\"primaryImageOfPage\":{\"@id\":\"https:\/\/staging-appetitgo.empowerdigitaldata.com\/en\/produit\/sauce-piri-piri-la-fogo-fitcook\/#primaryimage\"},\"image\":{\"@id\":\"https:\/\/staging-appetitgo.empowerdigitaldata.com\/en\/produit\/sauce-piri-piri-la-fogo-fitcook\/#primaryimage\"},\"thumbnailUrl\":\"https:\/\/staging-appetitgo.empowerdigitaldata.com\/wp-content\/uploads\/2025\/02\/fuego-sauce-fitcook.webp\",\"datePublished\":\"2025-02-10T22:58:24+00:00\",\"dateModified\":\"2025-03-20T19:31:25+00:00\",\"description\":\"D\u00e9couvrez la sauce au Fogo style Piri Piri sans sucre ajout\u00e9, sans gluten, vegan et keto de FitCook, en collaboration avec App\u00e9tit Go. 30$ de r\u00e9duction\",\"breadcrumb\":{\"@id\":\"https:\/\/staging-appetitgo.empowerdigitaldata.com\/en\/produit\/sauce-piri-piri-la-fogo-fitcook\/#breadcrumb\"},\"inLanguage\":\"en-US\",\"potentialAction\":[{\"@type\":\"ReadAction\",\"target\":[\"https:\/\/staging-appetitgo.empowerdigitaldata.com\/en\/produit\/sauce-piri-piri-la-fogo-fitcook\/\"]}]},{\"@type\":\"ImageObject\",\"inLanguage\":\"en-US\",\"@id\":\"https:\/\/staging-appetitgo.empowerdigitaldata.com\/en\/produit\/sauce-piri-piri-la-fogo-fitcook\/#primaryimage\",\"url\":\"https:\/\/staging-appetitgo.empowerdigitaldata.com\/wp-content\/uploads\/2025\/02\/fuego-sauce-fitcook.webp\",\"contentUrl\":\"https:\/\/staging-appetitgo.empowerdigitaldata.com\/wp-content\/uploads\/2025\/02\/fuego-sauce-fitcook.webp\",\"width\":960,\"height\":960,\"caption\":\"Sauce Fofo style piri piri du Fitcook pour notre boutique en ligne App\u00e9tit Go\"},{\"@type\":\"BreadcrumbList\",\"@id\":\"https:\/\/staging-appetitgo.empowerdigitaldata.com\/en\/produit\/sauce-piri-piri-la-fogo-fitcook\/#breadcrumb\",\"itemListElement\":[{\"@type\":\"ListItem\",\"position\":1,\"name\":\"Home\",\"item\":\"https:\/\/staging-appetitgo.empowerdigitaldata.com\/en\/\"},{\"@type\":\"ListItem\",\"position\":2,\"name\":\"Products\",\"item\":\"https:\/\/staging-appetitgo.empowerdigitaldata.com\/en\/shop\/\"},{\"@type\":\"ListItem\",\"position\":3,\"name\":\"Sauce Piri-Piri &#8211; Fitcook\"}]},{\"@type\":\"WebSite\",\"@id\":\"https:\/\/staging-appetitgo.empowerdigitaldata.com\/en\/#website\",\"url\":\"https:\/\/staging-appetitgo.empowerdigitaldata.com\/en\/\",\"name\":\"App\u00e9tit Go\",\"description\":\"\",\"publisher\":{\"@id\":\"https:\/\/staging-appetitgo.empowerdigitaldata.com\/en\/#organization\"},\"potentialAction\":[{\"@type\":\"SearchAction\",\"target\":{\"@type\":\"EntryPoint\",\"urlTemplate\":\"https:\/\/staging-appetitgo.empowerdigitaldata.com\/en\/?s={search_term_string}\"},\"query-input\":{\"@type\":\"PropertyValueSpecification\",\"valueRequired\":true,\"valueName\":\"search_term_string\"}}],\"inLanguage\":\"en-US\"},{\"@type\":\"Organization\",\"@id\":\"https:\/\/staging-appetitgo.empowerdigitaldata.com\/en\/#organization\",\"name\":\"App\u00e9tit Go\",\"url\":\"https:\/\/staging-appetitgo.empowerdigitaldata.com\/en\/\",\"logo\":{\"@type\":\"ImageObject\",\"inLanguage\":\"en-US\",\"@id\":\"https:\/\/staging-appetitgo.empowerdigitaldata.com\/en\/#\/schema\/logo\/image\/\",\"url\":\"https:\/\/staging-appetitgo.empowerdigitaldata.com\/wp-content\/uploads\/2024\/08\/Fleche-Appetit-go-4-e1724936335319.png\",\"contentUrl\":\"https:\/\/staging-appetitgo.empowerdigitaldata.com\/wp-content\/uploads\/2024\/08\/Fleche-Appetit-go-4-e1724936335319.png\",\"width\":1006,\"height\":200,\"caption\":\"App\u00e9tit Go\"},\"image\":{\"@id\":\"https:\/\/staging-appetitgo.empowerdigitaldata.com\/en\/#\/schema\/logo\/image\/\"}}]}<\/script>\n<meta property=\"product:price:amount\" content=\"10.99\" \/>\n<meta property=\"product:price:currency\" content=\"CAD\" \/>\n<meta property=\"og:availability\" content=\"instock\" \/>\n<meta property=\"product:availability\" content=\"instock\" \/>\n<meta property=\"product:retailer_item_id\" content=\"EEE010\" \/>\n<meta property=\"product:condition\" content=\"new\" \/>\n<!-- \/ Yoast SEO Premium plugin. -->","yoast_head_json":{"title":"Sauce Piri-Piri - Fitcook - App\u00e9tit Go","description":"D\u00e9couvrez la sauce au Fogo style Piri Piri sans sucre ajout\u00e9, sans gluten, vegan et keto de FitCook, en collaboration avec App\u00e9tit Go. 30$ de r\u00e9duction","robots":{"index":"index","follow":"follow","max-snippet":"max-snippet:-1","max-image-preview":"max-image-preview:large","max-video-preview":"max-video-preview:-1"},"canonical":"https:\/\/staging-appetitgo.empowerdigitaldata.com\/en\/produit\/sauce-piri-piri-la-fogo-fitcook\/","og_locale":"en_US","og_type":"article","og_title":"Sauce Piri-Piri - Fitcook","og_description":"D\u00e9couvrez la sauce au Fogo style Piri Piri sans sucre ajout\u00e9, sans gluten, vegan et keto de FitCook, en collaboration avec App\u00e9tit Go. 30$ de r\u00e9duction","og_url":"https:\/\/staging-appetitgo.empowerdigitaldata.com\/en\/produit\/sauce-piri-piri-la-fogo-fitcook\/","og_site_name":"App\u00e9tit Go","article_modified_time":"2025-03-20T19:31:25+00:00","og_image":[{"width":960,"height":960,"url":"https:\/\/staging-appetitgo.empowerdigitaldata.com\/wp-content\/uploads\/2025\/02\/fuego-sauce-fitcook.webp","type":"image\/webp"}],"twitter_card":"summary_large_image","twitter_misc":{"Price":"&#36;10.99","Availability":"In stock"},"schema":{"@context":"https:\/\/schema.org","@graph":[{"@type":"WebPage","@id":"https:\/\/staging-appetitgo.empowerdigitaldata.com\/en\/produit\/sauce-piri-piri-la-fogo-fitcook\/","url":"https:\/\/staging-appetitgo.empowerdigitaldata.com\/en\/produit\/sauce-piri-piri-la-fogo-fitcook\/","name":"Sauce Piri-Piri - Fitcook - App\u00e9tit Go","isPartOf":{"@id":"https:\/\/staging-appetitgo.empowerdigitaldata.com\/en\/#website"},"primaryImageOfPage":{"@id":"https:\/\/staging-appetitgo.empowerdigitaldata.com\/en\/produit\/sauce-piri-piri-la-fogo-fitcook\/#primaryimage"},"image":{"@id":"https:\/\/staging-appetitgo.empowerdigitaldata.com\/en\/produit\/sauce-piri-piri-la-fogo-fitcook\/#primaryimage"},"thumbnailUrl":"https:\/\/staging-appetitgo.empowerdigitaldata.com\/wp-content\/uploads\/2025\/02\/fuego-sauce-fitcook.webp","datePublished":"2025-02-10T22:58:24+00:00","dateModified":"2025-03-20T19:31:25+00:00","description":"D\u00e9couvrez la sauce au Fogo style Piri Piri sans sucre ajout\u00e9, sans gluten, vegan et keto de FitCook, en collaboration avec App\u00e9tit Go. 30$ de r\u00e9duction","breadcrumb":{"@id":"https:\/\/staging-appetitgo.empowerdigitaldata.com\/en\/produit\/sauce-piri-piri-la-fogo-fitcook\/#breadcrumb"},"inLanguage":"en-US","potentialAction":[{"@type":"ReadAction","target":["https:\/\/staging-appetitgo.empowerdigitaldata.com\/en\/produit\/sauce-piri-piri-la-fogo-fitcook\/"]}]},{"@type":"ImageObject","inLanguage":"en-US","@id":"https:\/\/staging-appetitgo.empowerdigitaldata.com\/en\/produit\/sauce-piri-piri-la-fogo-fitcook\/#primaryimage","url":"https:\/\/staging-appetitgo.empowerdigitaldata.com\/wp-content\/uploads\/2025\/02\/fuego-sauce-fitcook.webp","contentUrl":"https:\/\/staging-appetitgo.empowerdigitaldata.com\/wp-content\/uploads\/2025\/02\/fuego-sauce-fitcook.webp","width":960,"height":960,"caption":"Sauce Fofo style piri piri du Fitcook pour notre boutique en ligne App\u00e9tit Go"},{"@type":"BreadcrumbList","@id":"https:\/\/staging-appetitgo.empowerdigitaldata.com\/en\/produit\/sauce-piri-piri-la-fogo-fitcook\/#breadcrumb","itemListElement":[{"@type":"ListItem","position":1,"name":"Home","item":"https:\/\/staging-appetitgo.empowerdigitaldata.com\/en\/"},{"@type":"ListItem","position":2,"name":"Products","item":"https:\/\/staging-appetitgo.empowerdigitaldata.com\/en\/shop\/"},{"@type":"ListItem","position":3,"name":"Sauce Piri-Piri &#8211; Fitcook"}]},{"@type":"WebSite","@id":"https:\/\/staging-appetitgo.empowerdigitaldata.com\/en\/#website","url":"https:\/\/staging-appetitgo.empowerdigitaldata.com\/en\/","name":"App\u00e9tit Go","description":"","publisher":{"@id":"https:\/\/staging-appetitgo.empowerdigitaldata.com\/en\/#organization"},"potentialAction":[{"@type":"SearchAction","target":{"@type":"EntryPoint","urlTemplate":"https:\/\/staging-appetitgo.empowerdigitaldata.com\/en\/?s={search_term_string}"},"query-input":{"@type":"PropertyValueSpecification","valueRequired":true,"valueName":"search_term_string"}}],"inLanguage":"en-US"},{"@type":"Organization","@id":"https:\/\/staging-appetitgo.empowerdigitaldata.com\/en\/#organization","name":"App\u00e9tit Go","url":"https:\/\/staging-appetitgo.empowerdigitaldata.com\/en\/","logo":{"@type":"ImageObject","inLanguage":"en-US","@id":"https:\/\/staging-appetitgo.empowerdigitaldata.com\/en\/#\/schema\/logo\/image\/","url":"https:\/\/staging-appetitgo.empowerdigitaldata.com\/wp-content\/uploads\/2024\/08\/Fleche-Appetit-go-4-e1724936335319.png","contentUrl":"https:\/\/staging-appetitgo.empowerdigitaldata.com\/wp-content\/uploads\/2024\/08\/Fleche-Appetit-go-4-e1724936335319.png","width":1006,"height":200,"caption":"App\u00e9tit Go"},"image":{"@id":"https:\/\/staging-appetitgo.empowerdigitaldata.com\/en\/#\/schema\/logo\/image\/"}}]},"product_price_amount":"10.99","product_price_currency":"CAD","og_availability":"instock","product_availability":"instock","product_retailer_item_id":"EEE010","product_condition":"new"},"_links":{"self":[{"href":"https:\/\/staging-appetitgo.empowerdigitaldata.com\/en\/wp-json\/wp\/v2\/product\/14501","targetHints":{"allow":["GET"]}}],"collection":[{"href":"https:\/\/staging-appetitgo.empowerdigitaldata.com\/en\/wp-json\/wp\/v2\/product"}],"about":[{"href":"https:\/\/staging-appetitgo.empowerdigitaldata.com\/en\/wp-json\/wp\/v2\/types\/product"}],"version-history":[{"count":1,"href":"https:\/\/staging-appetitgo.empowerdigitaldata.com\/en\/wp-json\/wp\/v2\/product\/14501\/revisions"}],"predecessor-version":[{"id":17989,"href":"https:\/\/staging-appetitgo.empowerdigitaldata.com\/en\/wp-json\/wp\/v2\/product\/14501\/revisions\/17989"}],"wp:featuredmedia":[{"embeddable":true,"href":"https:\/\/staging-appetitgo.empowerdigitaldata.com\/en\/wp-json\/wp\/v2\/media\/14510"}],"wp:attachment":[{"href":"https:\/\/staging-appetitgo.empowerdigitaldata.com\/en\/wp-json\/wp\/v2\/media?parent=14501"}],"wp:term":[{"taxonomy":"product_brand","embeddable":true,"href":"https:\/\/staging-appetitgo.empowerdigitaldata.com\/en\/wp-json\/wp\/v2\/product_brand?post=14501"},{"taxonomy":"product_cat","embeddable":true,"href":"https:\/\/staging-appetitgo.empowerdigitaldata.com\/en\/wp-json\/wp\/v2\/product_cat?post=14501"},{"taxonomy":"product_tag","embeddable":true,"href":"https:\/\/staging-appetitgo.empowerdigitaldata.com\/en\/wp-json\/wp\/v2\/product_tag?post=14501"},{"taxonomy":"giftcard-category","embeddable":true,"href":"https:\/\/staging-appetitgo.empowerdigitaldata.com\/en\/wp-json\/wp\/v2\/giftcard-category?post=14501"}],"curies":[{"name":"wp","href":"https:\/\/api.w.org\/{rel}","templated":true}]}}