{"id":14496,"date":"2025-02-10T17:50:40","date_gmt":"2025-02-10T22:50:40","guid":{"rendered":"https:\/\/staging-appetitgo.empowerdigitaldata.com\/?post_type=product&#038;p=14496"},"modified":"2025-03-27T11:03:16","modified_gmt":"2025-03-27T15:03:16","slug":"sauce-chili-doux-thai-fitcook","status":"publish","type":"product","link":"https:\/\/staging-appetitgo.empowerdigitaldata.com\/en\/produit\/sauce-chili-doux-thai-fitcook\/","title":{"rendered":"Sauce Chili Doux Tha\u00ef &#8211; Fitcook"},"content":{"rendered":"<h3 data-start=\"68\" data-end=\"163\"><strong data-start=\"72\" data-end=\"163\">Ajoutez une touche sucr\u00e9e et \u00e9pic\u00e9e \u00e0 vos repas avec la sauce chili doux tha\u00ef FitCook !<\/strong><\/h3>\n<p data-start=\"165\" data-end=\"699\">En collaboration avec <strong data-start=\"187\" data-end=\"198\">FitCook<\/strong>, d\u00e9couvrez une <strong data-start=\"214\" data-end=\"234\">sauce \u00e9quilibr\u00e9e<\/strong> qui rehausse vos recettes avec sa <strong data-start=\"269\" data-end=\"311\">douceur subtile et son piquant d\u00e9licat<\/strong>. Inspir\u00e9e des saveurs tha\u00eflandaises, cette sauce <strong data-start=\"361\" data-end=\"382\">sans sucre ajout\u00e9<\/strong> est id\u00e9ale pour ceux qui aiment un go\u00fbt sucr\u00e9 et \u00e9pic\u00e9. Parfaite pour vos <strong data-start=\"457\" data-end=\"477\">viandes grill\u00e9es<\/strong>, <strong data-start=\"479\" data-end=\"487\">tofu<\/strong>, <strong data-start=\"489\" data-end=\"507\">l\u00e9gumes saut\u00e9s<\/strong> ou m\u00eame en <strong data-start=\"519\" data-end=\"531\">marinade<\/strong>, elle apporte un <strong data-start=\"549\" data-end=\"570\">\u00e9quilibre parfait<\/strong> entre douceur et chaleur \u00e0 vos plats. De plus, elle est <strong data-start=\"627\" data-end=\"636\">vegan<\/strong>, <strong data-start=\"638\" data-end=\"653\">sans gluten<\/strong> et parfaitement adapt\u00e9e aux r\u00e9gimes <strong data-start=\"690\" data-end=\"698\">keto<\/strong>.<\/p>\n<h3 data-start=\"690\" data-end=\"746\"><strong data-start=\"694\" data-end=\"746\">Envie de varier les plaisirs ? D\u00e9couvrez aussi :<\/strong><\/h3>\n<ul data-start=\"748\" data-end=\"1168\">\n<li data-start=\"748\" data-end=\"852\"><strong data-start=\"750\" data-end=\"775\">Sauce Piri Piri \u2013 pour une touche \u00e9pic\u00e9e et audacieuse<\/strong><\/li>\n<li data-start=\"853\" data-end=\"987\"><strong data-start=\"855\" data-end=\"881\">Sauce moutarde et miel<\/strong> \u2013 une alliance gourmande entre douceur et caract\u00e8re, parfaite pour les <strong data-start=\"953\" data-end=\"964\">viandes<\/strong> et <strong data-start=\"968\" data-end=\"984\">vinaigrettes<\/strong>.<\/li>\n<li data-start=\"988\" data-end=\"1078\"><strong data-start=\"990\" data-end=\"1008\">Sauce teriyaki<\/strong> \u2013 une touche asiatique pour sublimer vos plats de mani\u00e8re d\u00e9licate.<\/li>\n<li data-start=\"1079\" data-end=\"1168\"><strong data-start=\"1081\" data-end=\"1094\">Sauce BBQ<\/strong> \u2013 un classique revisit\u00e9, id\u00e9al pour vos <strong data-start=\"1135\" data-end=\"1148\">grillades<\/strong> et <strong data-start=\"1152\" data-end=\"1165\">marinades<\/strong>.<\/li>\n<\/ul>\n<h3 data-start=\"1175\" data-end=\"1220\"><strong data-start=\"1179\" data-end=\"1220\">Pourquoi choisir les sauces FitCook ?<\/strong><\/h3>\n<p data-start=\"1222\" data-end=\"1441\">Parce qu&#8217;elles sont <strong data-start=\"1242\" data-end=\"1257\">d\u00e9licieuses<\/strong>, <strong data-start=\"1259\" data-end=\"1273\">naturelles<\/strong> et con\u00e7ues pour un <strong data-start=\"1293\" data-end=\"1318\">mode de vie \u00e9quilibr\u00e9<\/strong>. Profitez de <strong data-start=\"1332\" data-end=\"1355\">produits de qualit\u00e9<\/strong>, tout en vous offrant une <strong data-start=\"1382\" data-end=\"1406\">explosion de saveurs<\/strong>, sans compromis sur votre sant\u00e9.<\/p>\n","protected":false},"excerpt":{"rendered":"<p>En collaboration avec <strong data-start=\"187\" data-end=\"198\">FitCook<\/strong>, d\u00e9couvrez une <strong data-start=\"214\" data-end=\"234\">sauce \u00e9quilibr\u00e9e<\/strong> qui rehausse vos recettes avec sa <strong data-start=\"269\" data-end=\"311\">douceur subtile et son piquant d\u00e9licat<\/strong>.<\/p>\n","protected":false},"featured_media":14499,"template":"","meta":{"_acf_changed":false,"_eb_attr":""},"product_brand":[],"product_cat":[16],"product_tag":[175,155,166],"giftcard-category":[],"class_list":{"0":"post-14496","1":"product","2":"type-product","3":"status-publish","4":"has-post-thumbnail","6":"product_cat-epicerie","7":"product_tag-fitcook","8":"product_tag-sans-gluten","9":"product_tag-sauce","11":"first","12":"instock","13":"shipping-taxable","14":"purchasable","15":"product-type-simple"},"acf":[],"yoast_head":"<!-- This site is optimized with the Yoast SEO Premium plugin v24.8 (Yoast SEO v24.8.1) - https:\/\/yoast.com\/wordpress\/plugins\/seo\/ -->\n<title>Sauce Chili Doux Tha\u00ef - Fitcook - App\u00e9tit Go<\/title>\n<meta name=\"description\" content=\"D\u00e9couvrez la sauce au CHILI DOUX THA\u00cf sans sucre ajout\u00e9, sans gluten, vegan et keto de FitCook, en collaboration avec App\u00e9tit Go. Livraison rapide\" \/>\n<meta name=\"robots\" content=\"index, follow, max-snippet:-1, max-image-preview:large, max-video-preview:-1\" \/>\n<link rel=\"canonical\" href=\"https:\/\/staging-appetitgo.empowerdigitaldata.com\/en\/produit\/sauce-chili-doux-thai-fitcook\/\" \/>\n<meta property=\"og:locale\" content=\"en_US\" \/>\n<meta property=\"og:type\" content=\"article\" \/>\n<meta property=\"og:title\" content=\"Sauce Chili Doux Tha\u00ef - Fitcook\" \/>\n<meta property=\"og:description\" content=\"D\u00e9couvrez la sauce au CHILI DOUX THA\u00cf sans sucre ajout\u00e9, sans gluten, vegan et keto de FitCook, en collaboration avec App\u00e9tit Go. Livraison rapide\" \/>\n<meta property=\"og:url\" content=\"https:\/\/staging-appetitgo.empowerdigitaldata.com\/en\/produit\/sauce-chili-doux-thai-fitcook\/\" \/>\n<meta property=\"og:site_name\" content=\"App\u00e9tit Go\" \/>\n<meta property=\"article:modified_time\" content=\"2025-03-27T15:03:16+00:00\" \/>\n<meta property=\"og:image\" content=\"https:\/\/staging-appetitgo.empowerdigitaldata.com\/wp-content\/uploads\/2025\/02\/LABANGKOK.webp\" \/>\n\t<meta property=\"og:image:width\" content=\"960\" \/>\n\t<meta property=\"og:image:height\" content=\"960\" \/>\n\t<meta property=\"og:image:type\" content=\"image\/webp\" \/>\n<meta name=\"twitter:card\" content=\"summary_large_image\" \/>\n<meta name=\"twitter:label1\" content=\"Price\" \/>\n\t<meta name=\"twitter:data1\" content=\"&#036;10.99\" \/>\n\t<meta name=\"twitter:label2\" content=\"Availability\" \/>\n\t<meta name=\"twitter:data2\" content=\"In stock\" \/>\n<script type=\"application\/ld+json\" class=\"yoast-schema-graph\">{\"@context\":\"https:\/\/schema.org\",\"@graph\":[{\"@type\":\"WebPage\",\"@id\":\"https:\/\/staging-appetitgo.empowerdigitaldata.com\/en\/produit\/sauce-chili-doux-thai-fitcook\/\",\"url\":\"https:\/\/staging-appetitgo.empowerdigitaldata.com\/en\/produit\/sauce-chili-doux-thai-fitcook\/\",\"name\":\"Sauce Chili Doux Tha\u00ef - Fitcook - App\u00e9tit Go\",\"isPartOf\":{\"@id\":\"https:\/\/staging-appetitgo.empowerdigitaldata.com\/en\/#website\"},\"primaryImageOfPage\":{\"@id\":\"https:\/\/staging-appetitgo.empowerdigitaldata.com\/en\/produit\/sauce-chili-doux-thai-fitcook\/#primaryimage\"},\"image\":{\"@id\":\"https:\/\/staging-appetitgo.empowerdigitaldata.com\/en\/produit\/sauce-chili-doux-thai-fitcook\/#primaryimage\"},\"thumbnailUrl\":\"https:\/\/staging-appetitgo.empowerdigitaldata.com\/wp-content\/uploads\/2025\/02\/LABANGKOK.webp\",\"datePublished\":\"2025-02-10T22:50:40+00:00\",\"dateModified\":\"2025-03-27T15:03:16+00:00\",\"description\":\"D\u00e9couvrez la sauce au CHILI DOUX THA\u00cf sans sucre ajout\u00e9, sans gluten, vegan et keto de FitCook, en collaboration avec App\u00e9tit Go. Livraison rapide\",\"breadcrumb\":{\"@id\":\"https:\/\/staging-appetitgo.empowerdigitaldata.com\/en\/produit\/sauce-chili-doux-thai-fitcook\/#breadcrumb\"},\"inLanguage\":\"en-US\",\"potentialAction\":[{\"@type\":\"ReadAction\",\"target\":[\"https:\/\/staging-appetitgo.empowerdigitaldata.com\/en\/produit\/sauce-chili-doux-thai-fitcook\/\"]}]},{\"@type\":\"ImageObject\",\"inLanguage\":\"en-US\",\"@id\":\"https:\/\/staging-appetitgo.empowerdigitaldata.com\/en\/produit\/sauce-chili-doux-thai-fitcook\/#primaryimage\",\"url\":\"https:\/\/staging-appetitgo.empowerdigitaldata.com\/wp-content\/uploads\/2025\/02\/LABANGKOK.webp\",\"contentUrl\":\"https:\/\/staging-appetitgo.empowerdigitaldata.com\/wp-content\/uploads\/2025\/02\/LABANGKOK.webp\",\"width\":960,\"height\":960,\"caption\":\"Sauce pour les saut\u00e9s et autres au chili douc de fitcook sur le site App\u00e9tit Go\"},{\"@type\":\"BreadcrumbList\",\"@id\":\"https:\/\/staging-appetitgo.empowerdigitaldata.com\/en\/produit\/sauce-chili-doux-thai-fitcook\/#breadcrumb\",\"itemListElement\":[{\"@type\":\"ListItem\",\"position\":1,\"name\":\"Home\",\"item\":\"https:\/\/staging-appetitgo.empowerdigitaldata.com\/en\/\"},{\"@type\":\"ListItem\",\"position\":2,\"name\":\"Products\",\"item\":\"https:\/\/staging-appetitgo.empowerdigitaldata.com\/en\/shop\/\"},{\"@type\":\"ListItem\",\"position\":3,\"name\":\"Sauce Chili Doux Tha\u00ef &#8211; Fitcook\"}]},{\"@type\":\"WebSite\",\"@id\":\"https:\/\/staging-appetitgo.empowerdigitaldata.com\/en\/#website\",\"url\":\"https:\/\/staging-appetitgo.empowerdigitaldata.com\/en\/\",\"name\":\"App\u00e9tit Go\",\"description\":\"\",\"publisher\":{\"@id\":\"https:\/\/staging-appetitgo.empowerdigitaldata.com\/en\/#organization\"},\"potentialAction\":[{\"@type\":\"SearchAction\",\"target\":{\"@type\":\"EntryPoint\",\"urlTemplate\":\"https:\/\/staging-appetitgo.empowerdigitaldata.com\/en\/?s={search_term_string}\"},\"query-input\":{\"@type\":\"PropertyValueSpecification\",\"valueRequired\":true,\"valueName\":\"search_term_string\"}}],\"inLanguage\":\"en-US\"},{\"@type\":\"Organization\",\"@id\":\"https:\/\/staging-appetitgo.empowerdigitaldata.com\/en\/#organization\",\"name\":\"App\u00e9tit Go\",\"url\":\"https:\/\/staging-appetitgo.empowerdigitaldata.com\/en\/\",\"logo\":{\"@type\":\"ImageObject\",\"inLanguage\":\"en-US\",\"@id\":\"https:\/\/staging-appetitgo.empowerdigitaldata.com\/en\/#\/schema\/logo\/image\/\",\"url\":\"https:\/\/staging-appetitgo.empowerdigitaldata.com\/wp-content\/uploads\/2024\/08\/Fleche-Appetit-go-4-e1724936335319.png\",\"contentUrl\":\"https:\/\/staging-appetitgo.empowerdigitaldata.com\/wp-content\/uploads\/2024\/08\/Fleche-Appetit-go-4-e1724936335319.png\",\"width\":1006,\"height\":200,\"caption\":\"App\u00e9tit Go\"},\"image\":{\"@id\":\"https:\/\/staging-appetitgo.empowerdigitaldata.com\/en\/#\/schema\/logo\/image\/\"}}]}<\/script>\n<meta property=\"product:price:amount\" content=\"10.99\" \/>\n<meta property=\"product:price:currency\" content=\"CAD\" \/>\n<meta property=\"og:availability\" content=\"instock\" \/>\n<meta property=\"product:availability\" content=\"instock\" \/>\n<meta property=\"product:retailer_item_id\" content=\"EEE007\" \/>\n<meta property=\"product:condition\" content=\"new\" \/>\n<!-- \/ Yoast SEO Premium plugin. -->","yoast_head_json":{"title":"Sauce Chili Doux Tha\u00ef - Fitcook - App\u00e9tit Go","description":"D\u00e9couvrez la sauce au CHILI DOUX THA\u00cf sans sucre ajout\u00e9, sans gluten, vegan et keto de FitCook, en collaboration avec App\u00e9tit Go. Livraison rapide","robots":{"index":"index","follow":"follow","max-snippet":"max-snippet:-1","max-image-preview":"max-image-preview:large","max-video-preview":"max-video-preview:-1"},"canonical":"https:\/\/staging-appetitgo.empowerdigitaldata.com\/en\/produit\/sauce-chili-doux-thai-fitcook\/","og_locale":"en_US","og_type":"article","og_title":"Sauce Chili Doux Tha\u00ef - Fitcook","og_description":"D\u00e9couvrez la sauce au CHILI DOUX THA\u00cf sans sucre ajout\u00e9, sans gluten, vegan et keto de FitCook, en collaboration avec App\u00e9tit Go. Livraison rapide","og_url":"https:\/\/staging-appetitgo.empowerdigitaldata.com\/en\/produit\/sauce-chili-doux-thai-fitcook\/","og_site_name":"App\u00e9tit Go","article_modified_time":"2025-03-27T15:03:16+00:00","og_image":[{"width":960,"height":960,"url":"https:\/\/staging-appetitgo.empowerdigitaldata.com\/wp-content\/uploads\/2025\/02\/LABANGKOK.webp","type":"image\/webp"}],"twitter_card":"summary_large_image","twitter_misc":{"Price":"&#36;10.99","Availability":"In stock"},"schema":{"@context":"https:\/\/schema.org","@graph":[{"@type":"WebPage","@id":"https:\/\/staging-appetitgo.empowerdigitaldata.com\/en\/produit\/sauce-chili-doux-thai-fitcook\/","url":"https:\/\/staging-appetitgo.empowerdigitaldata.com\/en\/produit\/sauce-chili-doux-thai-fitcook\/","name":"Sauce Chili Doux Tha\u00ef - Fitcook - App\u00e9tit Go","isPartOf":{"@id":"https:\/\/staging-appetitgo.empowerdigitaldata.com\/en\/#website"},"primaryImageOfPage":{"@id":"https:\/\/staging-appetitgo.empowerdigitaldata.com\/en\/produit\/sauce-chili-doux-thai-fitcook\/#primaryimage"},"image":{"@id":"https:\/\/staging-appetitgo.empowerdigitaldata.com\/en\/produit\/sauce-chili-doux-thai-fitcook\/#primaryimage"},"thumbnailUrl":"https:\/\/staging-appetitgo.empowerdigitaldata.com\/wp-content\/uploads\/2025\/02\/LABANGKOK.webp","datePublished":"2025-02-10T22:50:40+00:00","dateModified":"2025-03-27T15:03:16+00:00","description":"D\u00e9couvrez la sauce au CHILI DOUX THA\u00cf sans sucre ajout\u00e9, sans gluten, vegan et keto de FitCook, en collaboration avec App\u00e9tit Go. Livraison rapide","breadcrumb":{"@id":"https:\/\/staging-appetitgo.empowerdigitaldata.com\/en\/produit\/sauce-chili-doux-thai-fitcook\/#breadcrumb"},"inLanguage":"en-US","potentialAction":[{"@type":"ReadAction","target":["https:\/\/staging-appetitgo.empowerdigitaldata.com\/en\/produit\/sauce-chili-doux-thai-fitcook\/"]}]},{"@type":"ImageObject","inLanguage":"en-US","@id":"https:\/\/staging-appetitgo.empowerdigitaldata.com\/en\/produit\/sauce-chili-doux-thai-fitcook\/#primaryimage","url":"https:\/\/staging-appetitgo.empowerdigitaldata.com\/wp-content\/uploads\/2025\/02\/LABANGKOK.webp","contentUrl":"https:\/\/staging-appetitgo.empowerdigitaldata.com\/wp-content\/uploads\/2025\/02\/LABANGKOK.webp","width":960,"height":960,"caption":"Sauce pour les saut\u00e9s et autres au chili douc de fitcook sur le site App\u00e9tit Go"},{"@type":"BreadcrumbList","@id":"https:\/\/staging-appetitgo.empowerdigitaldata.com\/en\/produit\/sauce-chili-doux-thai-fitcook\/#breadcrumb","itemListElement":[{"@type":"ListItem","position":1,"name":"Home","item":"https:\/\/staging-appetitgo.empowerdigitaldata.com\/en\/"},{"@type":"ListItem","position":2,"name":"Products","item":"https:\/\/staging-appetitgo.empowerdigitaldata.com\/en\/shop\/"},{"@type":"ListItem","position":3,"name":"Sauce Chili Doux Tha\u00ef &#8211; Fitcook"}]},{"@type":"WebSite","@id":"https:\/\/staging-appetitgo.empowerdigitaldata.com\/en\/#website","url":"https:\/\/staging-appetitgo.empowerdigitaldata.com\/en\/","name":"App\u00e9tit Go","description":"","publisher":{"@id":"https:\/\/staging-appetitgo.empowerdigitaldata.com\/en\/#organization"},"potentialAction":[{"@type":"SearchAction","target":{"@type":"EntryPoint","urlTemplate":"https:\/\/staging-appetitgo.empowerdigitaldata.com\/en\/?s={search_term_string}"},"query-input":{"@type":"PropertyValueSpecification","valueRequired":true,"valueName":"search_term_string"}}],"inLanguage":"en-US"},{"@type":"Organization","@id":"https:\/\/staging-appetitgo.empowerdigitaldata.com\/en\/#organization","name":"App\u00e9tit Go","url":"https:\/\/staging-appetitgo.empowerdigitaldata.com\/en\/","logo":{"@type":"ImageObject","inLanguage":"en-US","@id":"https:\/\/staging-appetitgo.empowerdigitaldata.com\/en\/#\/schema\/logo\/image\/","url":"https:\/\/staging-appetitgo.empowerdigitaldata.com\/wp-content\/uploads\/2024\/08\/Fleche-Appetit-go-4-e1724936335319.png","contentUrl":"https:\/\/staging-appetitgo.empowerdigitaldata.com\/wp-content\/uploads\/2024\/08\/Fleche-Appetit-go-4-e1724936335319.png","width":1006,"height":200,"caption":"App\u00e9tit Go"},"image":{"@id":"https:\/\/staging-appetitgo.empowerdigitaldata.com\/en\/#\/schema\/logo\/image\/"}}]},"product_price_amount":"10.99","product_price_currency":"CAD","og_availability":"instock","product_availability":"instock","product_retailer_item_id":"EEE007","product_condition":"new"},"_links":{"self":[{"href":"https:\/\/staging-appetitgo.empowerdigitaldata.com\/en\/wp-json\/wp\/v2\/product\/14496","targetHints":{"allow":["GET"]}}],"collection":[{"href":"https:\/\/staging-appetitgo.empowerdigitaldata.com\/en\/wp-json\/wp\/v2\/product"}],"about":[{"href":"https:\/\/staging-appetitgo.empowerdigitaldata.com\/en\/wp-json\/wp\/v2\/types\/product"}],"version-history":[{"count":1,"href":"https:\/\/staging-appetitgo.empowerdigitaldata.com\/en\/wp-json\/wp\/v2\/product\/14496\/revisions"}],"predecessor-version":[{"id":17990,"href":"https:\/\/staging-appetitgo.empowerdigitaldata.com\/en\/wp-json\/wp\/v2\/product\/14496\/revisions\/17990"}],"wp:featuredmedia":[{"embeddable":true,"href":"https:\/\/staging-appetitgo.empowerdigitaldata.com\/en\/wp-json\/wp\/v2\/media\/14499"}],"wp:attachment":[{"href":"https:\/\/staging-appetitgo.empowerdigitaldata.com\/en\/wp-json\/wp\/v2\/media?parent=14496"}],"wp:term":[{"taxonomy":"product_brand","embeddable":true,"href":"https:\/\/staging-appetitgo.empowerdigitaldata.com\/en\/wp-json\/wp\/v2\/product_brand?post=14496"},{"taxonomy":"product_cat","embeddable":true,"href":"https:\/\/staging-appetitgo.empowerdigitaldata.com\/en\/wp-json\/wp\/v2\/product_cat?post=14496"},{"taxonomy":"product_tag","embeddable":true,"href":"https:\/\/staging-appetitgo.empowerdigitaldata.com\/en\/wp-json\/wp\/v2\/product_tag?post=14496"},{"taxonomy":"giftcard-category","embeddable":true,"href":"https:\/\/staging-appetitgo.empowerdigitaldata.com\/en\/wp-json\/wp\/v2\/giftcard-category?post=14496"}],"curies":[{"name":"wp","href":"https:\/\/api.w.org\/{rel}","templated":true}]}}