{"id":11830,"date":"2025-01-20T16:15:53","date_gmt":"2025-01-20T21:15:53","guid":{"rendered":"https:\/\/staging-appetitgo.empowerdigitaldata.com\/?post_type=product&#038;p=11830"},"modified":"2025-04-10T10:06:02","modified_gmt":"2025-04-10T14:06:02","slug":"ramen-au-poulet-epice","status":"publish","type":"product","link":"https:\/\/staging-appetitgo.empowerdigitaldata.com\/en\/produit\/ramen-au-poulet-epice\/","title":{"rendered":"Ramen au poulet \u00e9pic\u00e9"},"content":{"rendered":"<p>Plongez dans l&#8217;univers des saveurs \u00e9pic\u00e9es et riches avec notre ramen Szechuan. Inspir\u00e9 des d\u00e9licieux ar\u00f4mes de la cuisine chinoise, ce ramen est pr\u00eat en quelques minutes seulement, sans aucune pr\u00e9paration compliqu\u00e9e. Il suffit de le chauffer au micro-ondes ou dans une simple casserole, et vous obtiendrez un plat savoureux qui \u00e9veillera vos papilles.<\/p>\n<p><strong>Un M\u00e9lange Parfait de Saveurs Szechuan<\/strong><\/p>\n<p>Notre ramen Szechuan est une explosion de saveurs authentiques, avec :<\/p>\n<ul>\n<li>Un bouillon riche au s\u00e9same et au poulet, cr\u00e9meux et savoureux<\/li>\n<li>De l&#8217;huile piment\u00e9e \u00e9pic\u00e9e qui rel\u00e8ve le go\u00fbt avec juste ce qu\u2019il faut de piquant<\/li>\n<li>Du poulet hach\u00e9 assaisonn\u00e9 pour une texture tendre et savoureuse<\/li>\n<li>Du ma\u00efs doux et des oignons verts croquants pour un contraste parfait<\/li>\n<li>Des graines de s\u00e9same pour ajouter une touche de croquant et de parfum<\/li>\n<\/ul>\n<p>Chaque bouch\u00e9e est un voyage gustatif qui vous plonge dans l\u2019intensit\u00e9 et la chaleur des saveurs Szechuan.<\/p>\n<p><strong>Emballage Pratique et Fra\u00eecheur Garantie<\/strong><\/p>\n<p>Nos ramen Szechuan sont soigneusement emball\u00e9s sous vide dans une bo\u00eete sp\u00e9cialement con\u00e7ue pour pr\u00e9server toute leur fra\u00eecheur et leurs ar\u00f4mes. Ce packaging individuel garantit une qualit\u00e9 optimale \u00e0 chaque portion, pr\u00eate \u00e0 \u00eatre d\u00e9gust\u00e9e \u00e0 tout moment.<\/p>\n<p><strong>Un Repas Savoureux en Quelques Minutes<\/strong><\/p>\n<p>Que vous soyez press\u00e9 ou que vous cherchiez simplement un plat d\u00e9licieux et \u00e9pic\u00e9, le ramen Szechuan est la solution id\u00e9ale. Facile \u00e0 pr\u00e9parer, il vous offrira une exp\u00e9rience culinaire rapide, mais sans compromis sur la qualit\u00e9.<\/p>\n","protected":false},"excerpt":{"rendered":"<p>Plongez dans l&#8217;univers des saveurs \u00e9pic\u00e9es et riches avec notre ramen Szechuan. Inspir\u00e9 des d\u00e9licieux ar\u00f4mes de la cuisine chinoise, ce ramen est pr\u00eat en quelques minutes seulement, sans aucune pr\u00e9paration compliqu\u00e9e. Il suffit de le chauffer au micro-ondes ou dans une simple casserole, et vous obtiendrez un plat savoureux qui \u00e9veillera vos papilles.<\/p>\n","protected":false},"featured_media":17317,"template":"","meta":{"_acf_changed":false,"_eb_attr":""},"product_brand":[],"product_cat":[163,20,16],"product_tag":[176,165,23],"giftcard-category":[],"class_list":{"0":"post-11830","1":"product","2":"type-product","3":"status-publish","4":"has-post-thumbnail","6":"product_cat-soupe-bouillon-fondue","7":"product_cat-pret-a-manger","8":"product_cat-epicerie","9":"product_tag-crafty-ramen","10":"product_tag-soupe","11":"product_tag-viande","13":"first","14":"instock","15":"shipping-taxable","16":"purchasable","17":"product-type-simple"},"acf":[],"yoast_head":"<!-- This site is optimized with the Yoast SEO Premium plugin v24.8 (Yoast SEO v24.8.1) - https:\/\/yoast.com\/wordpress\/plugins\/seo\/ -->\n<title>Ramen au poulet \u00e9pic\u00e9 - App\u00e9tit Go<\/title>\n<meta name=\"description\" content=\"Soupe ramen au poulet \u00e9pic\u00e9 \u00e0 se faire livrer \u00e0 votre domicile avec appetitgo.ca. Livraison rapide et gratuit en haut de 140$\" \/>\n<meta name=\"robots\" content=\"index, follow, max-snippet:-1, max-image-preview:large, max-video-preview:-1\" \/>\n<link rel=\"canonical\" href=\"https:\/\/staging-appetitgo.empowerdigitaldata.com\/en\/produit\/ramen-au-poulet-epice\/\" \/>\n<meta property=\"og:locale\" content=\"en_US\" \/>\n<meta property=\"og:type\" content=\"article\" \/>\n<meta property=\"og:title\" content=\"Ramen au poulet \u00e9pic\u00e9\" \/>\n<meta property=\"og:description\" content=\"Soupe ramen au poulet \u00e9pic\u00e9 \u00e0 se faire livrer \u00e0 votre domicile avec appetitgo.ca. Livraison rapide et gratuit en haut de 140$\" \/>\n<meta property=\"og:url\" content=\"https:\/\/staging-appetitgo.empowerdigitaldata.com\/en\/produit\/ramen-au-poulet-epice\/\" \/>\n<meta property=\"og:site_name\" content=\"App\u00e9tit Go\" \/>\n<meta property=\"article:modified_time\" content=\"2025-04-10T14:06:02+00:00\" \/>\n<meta property=\"og:image\" content=\"https:\/\/staging-appetitgo.empowerdigitaldata.com\/wp-content\/uploads\/2025\/03\/ramen-soup-appetitgo.webp\" \/>\n\t<meta property=\"og:image:width\" content=\"800\" \/>\n\t<meta property=\"og:image:height\" content=\"800\" \/>\n\t<meta property=\"og:image:type\" content=\"image\/webp\" \/>\n<meta name=\"twitter:card\" content=\"summary_large_image\" \/>\n<meta name=\"twitter:label1\" content=\"Price\" \/>\n\t<meta name=\"twitter:data1\" content=\"&#036;13.99\" \/>\n\t<meta name=\"twitter:label2\" content=\"Availability\" \/>\n\t<meta name=\"twitter:data2\" content=\"In stock\" \/>\n<script type=\"application\/ld+json\" class=\"yoast-schema-graph\">{\"@context\":\"https:\/\/schema.org\",\"@graph\":[{\"@type\":\"WebPage\",\"@id\":\"https:\/\/staging-appetitgo.empowerdigitaldata.com\/en\/produit\/ramen-au-poulet-epice\/\",\"url\":\"https:\/\/staging-appetitgo.empowerdigitaldata.com\/en\/produit\/ramen-au-poulet-epice\/\",\"name\":\"Ramen au poulet \u00e9pic\u00e9 - App\u00e9tit Go\",\"isPartOf\":{\"@id\":\"https:\/\/staging-appetitgo.empowerdigitaldata.com\/en\/#website\"},\"primaryImageOfPage\":{\"@id\":\"https:\/\/staging-appetitgo.empowerdigitaldata.com\/en\/produit\/ramen-au-poulet-epice\/#primaryimage\"},\"image\":{\"@id\":\"https:\/\/staging-appetitgo.empowerdigitaldata.com\/en\/produit\/ramen-au-poulet-epice\/#primaryimage\"},\"thumbnailUrl\":\"https:\/\/staging-appetitgo.empowerdigitaldata.com\/wp-content\/uploads\/2025\/03\/ramen-soup-appetitgo.webp\",\"datePublished\":\"2025-01-20T21:15:53+00:00\",\"dateModified\":\"2025-04-10T14:06:02+00:00\",\"description\":\"Soupe ramen au poulet \u00e9pic\u00e9 \u00e0 se faire livrer \u00e0 votre domicile avec appetitgo.ca. Livraison rapide et gratuit en haut de 140$\",\"breadcrumb\":{\"@id\":\"https:\/\/staging-appetitgo.empowerdigitaldata.com\/en\/produit\/ramen-au-poulet-epice\/#breadcrumb\"},\"inLanguage\":\"en-US\",\"potentialAction\":[{\"@type\":\"ReadAction\",\"target\":[\"https:\/\/staging-appetitgo.empowerdigitaldata.com\/en\/produit\/ramen-au-poulet-epice\/\"]}]},{\"@type\":\"ImageObject\",\"inLanguage\":\"en-US\",\"@id\":\"https:\/\/staging-appetitgo.empowerdigitaldata.com\/en\/produit\/ramen-au-poulet-epice\/#primaryimage\",\"url\":\"https:\/\/staging-appetitgo.empowerdigitaldata.com\/wp-content\/uploads\/2025\/03\/ramen-soup-appetitgo.webp\",\"contentUrl\":\"https:\/\/staging-appetitgo.empowerdigitaldata.com\/wp-content\/uploads\/2025\/03\/ramen-soup-appetitgo.webp\",\"width\":800,\"height\":800,\"caption\":\"Soupe ramen \u00e0 faire livrer \u00e0 votre domicile\"},{\"@type\":\"BreadcrumbList\",\"@id\":\"https:\/\/staging-appetitgo.empowerdigitaldata.com\/en\/produit\/ramen-au-poulet-epice\/#breadcrumb\",\"itemListElement\":[{\"@type\":\"ListItem\",\"position\":1,\"name\":\"Home\",\"item\":\"https:\/\/staging-appetitgo.empowerdigitaldata.com\/en\/\"},{\"@type\":\"ListItem\",\"position\":2,\"name\":\"Products\",\"item\":\"https:\/\/staging-appetitgo.empowerdigitaldata.com\/en\/shop\/\"},{\"@type\":\"ListItem\",\"position\":3,\"name\":\"Ramen au poulet \u00e9pic\u00e9\"}]},{\"@type\":\"WebSite\",\"@id\":\"https:\/\/staging-appetitgo.empowerdigitaldata.com\/en\/#website\",\"url\":\"https:\/\/staging-appetitgo.empowerdigitaldata.com\/en\/\",\"name\":\"App\u00e9tit Go\",\"description\":\"\",\"publisher\":{\"@id\":\"https:\/\/staging-appetitgo.empowerdigitaldata.com\/en\/#organization\"},\"potentialAction\":[{\"@type\":\"SearchAction\",\"target\":{\"@type\":\"EntryPoint\",\"urlTemplate\":\"https:\/\/staging-appetitgo.empowerdigitaldata.com\/en\/?s={search_term_string}\"},\"query-input\":{\"@type\":\"PropertyValueSpecification\",\"valueRequired\":true,\"valueName\":\"search_term_string\"}}],\"inLanguage\":\"en-US\"},{\"@type\":\"Organization\",\"@id\":\"https:\/\/staging-appetitgo.empowerdigitaldata.com\/en\/#organization\",\"name\":\"App\u00e9tit Go\",\"url\":\"https:\/\/staging-appetitgo.empowerdigitaldata.com\/en\/\",\"logo\":{\"@type\":\"ImageObject\",\"inLanguage\":\"en-US\",\"@id\":\"https:\/\/staging-appetitgo.empowerdigitaldata.com\/en\/#\/schema\/logo\/image\/\",\"url\":\"https:\/\/staging-appetitgo.empowerdigitaldata.com\/wp-content\/uploads\/2024\/08\/Fleche-Appetit-go-4-e1724936335319.png\",\"contentUrl\":\"https:\/\/staging-appetitgo.empowerdigitaldata.com\/wp-content\/uploads\/2024\/08\/Fleche-Appetit-go-4-e1724936335319.png\",\"width\":1006,\"height\":200,\"caption\":\"App\u00e9tit Go\"},\"image\":{\"@id\":\"https:\/\/staging-appetitgo.empowerdigitaldata.com\/en\/#\/schema\/logo\/image\/\"}}]}<\/script>\n<meta property=\"product:price:amount\" content=\"13.99\" \/>\n<meta property=\"product:price:currency\" content=\"CAD\" \/>\n<meta property=\"og:availability\" content=\"instock\" \/>\n<meta property=\"product:availability\" content=\"instock\" \/>\n<meta property=\"product:retailer_item_id\" content=\"ZZZ081\" \/>\n<meta property=\"product:condition\" content=\"new\" \/>\n<!-- \/ Yoast SEO Premium plugin. -->","yoast_head_json":{"title":"Ramen au poulet \u00e9pic\u00e9 - App\u00e9tit Go","description":"Soupe ramen au poulet \u00e9pic\u00e9 \u00e0 se faire livrer \u00e0 votre domicile avec appetitgo.ca. Livraison rapide et gratuit en haut de 140$","robots":{"index":"index","follow":"follow","max-snippet":"max-snippet:-1","max-image-preview":"max-image-preview:large","max-video-preview":"max-video-preview:-1"},"canonical":"https:\/\/staging-appetitgo.empowerdigitaldata.com\/en\/produit\/ramen-au-poulet-epice\/","og_locale":"en_US","og_type":"article","og_title":"Ramen au poulet \u00e9pic\u00e9","og_description":"Soupe ramen au poulet \u00e9pic\u00e9 \u00e0 se faire livrer \u00e0 votre domicile avec appetitgo.ca. Livraison rapide et gratuit en haut de 140$","og_url":"https:\/\/staging-appetitgo.empowerdigitaldata.com\/en\/produit\/ramen-au-poulet-epice\/","og_site_name":"App\u00e9tit Go","article_modified_time":"2025-04-10T14:06:02+00:00","og_image":[{"width":800,"height":800,"url":"https:\/\/staging-appetitgo.empowerdigitaldata.com\/wp-content\/uploads\/2025\/03\/ramen-soup-appetitgo.webp","type":"image\/webp"}],"twitter_card":"summary_large_image","twitter_misc":{"Price":"&#36;13.99","Availability":"In stock"},"schema":{"@context":"https:\/\/schema.org","@graph":[{"@type":"WebPage","@id":"https:\/\/staging-appetitgo.empowerdigitaldata.com\/en\/produit\/ramen-au-poulet-epice\/","url":"https:\/\/staging-appetitgo.empowerdigitaldata.com\/en\/produit\/ramen-au-poulet-epice\/","name":"Ramen au poulet \u00e9pic\u00e9 - App\u00e9tit Go","isPartOf":{"@id":"https:\/\/staging-appetitgo.empowerdigitaldata.com\/en\/#website"},"primaryImageOfPage":{"@id":"https:\/\/staging-appetitgo.empowerdigitaldata.com\/en\/produit\/ramen-au-poulet-epice\/#primaryimage"},"image":{"@id":"https:\/\/staging-appetitgo.empowerdigitaldata.com\/en\/produit\/ramen-au-poulet-epice\/#primaryimage"},"thumbnailUrl":"https:\/\/staging-appetitgo.empowerdigitaldata.com\/wp-content\/uploads\/2025\/03\/ramen-soup-appetitgo.webp","datePublished":"2025-01-20T21:15:53+00:00","dateModified":"2025-04-10T14:06:02+00:00","description":"Soupe ramen au poulet \u00e9pic\u00e9 \u00e0 se faire livrer \u00e0 votre domicile avec appetitgo.ca. Livraison rapide et gratuit en haut de 140$","breadcrumb":{"@id":"https:\/\/staging-appetitgo.empowerdigitaldata.com\/en\/produit\/ramen-au-poulet-epice\/#breadcrumb"},"inLanguage":"en-US","potentialAction":[{"@type":"ReadAction","target":["https:\/\/staging-appetitgo.empowerdigitaldata.com\/en\/produit\/ramen-au-poulet-epice\/"]}]},{"@type":"ImageObject","inLanguage":"en-US","@id":"https:\/\/staging-appetitgo.empowerdigitaldata.com\/en\/produit\/ramen-au-poulet-epice\/#primaryimage","url":"https:\/\/staging-appetitgo.empowerdigitaldata.com\/wp-content\/uploads\/2025\/03\/ramen-soup-appetitgo.webp","contentUrl":"https:\/\/staging-appetitgo.empowerdigitaldata.com\/wp-content\/uploads\/2025\/03\/ramen-soup-appetitgo.webp","width":800,"height":800,"caption":"Soupe ramen \u00e0 faire livrer \u00e0 votre domicile"},{"@type":"BreadcrumbList","@id":"https:\/\/staging-appetitgo.empowerdigitaldata.com\/en\/produit\/ramen-au-poulet-epice\/#breadcrumb","itemListElement":[{"@type":"ListItem","position":1,"name":"Home","item":"https:\/\/staging-appetitgo.empowerdigitaldata.com\/en\/"},{"@type":"ListItem","position":2,"name":"Products","item":"https:\/\/staging-appetitgo.empowerdigitaldata.com\/en\/shop\/"},{"@type":"ListItem","position":3,"name":"Ramen au poulet \u00e9pic\u00e9"}]},{"@type":"WebSite","@id":"https:\/\/staging-appetitgo.empowerdigitaldata.com\/en\/#website","url":"https:\/\/staging-appetitgo.empowerdigitaldata.com\/en\/","name":"App\u00e9tit Go","description":"","publisher":{"@id":"https:\/\/staging-appetitgo.empowerdigitaldata.com\/en\/#organization"},"potentialAction":[{"@type":"SearchAction","target":{"@type":"EntryPoint","urlTemplate":"https:\/\/staging-appetitgo.empowerdigitaldata.com\/en\/?s={search_term_string}"},"query-input":{"@type":"PropertyValueSpecification","valueRequired":true,"valueName":"search_term_string"}}],"inLanguage":"en-US"},{"@type":"Organization","@id":"https:\/\/staging-appetitgo.empowerdigitaldata.com\/en\/#organization","name":"App\u00e9tit Go","url":"https:\/\/staging-appetitgo.empowerdigitaldata.com\/en\/","logo":{"@type":"ImageObject","inLanguage":"en-US","@id":"https:\/\/staging-appetitgo.empowerdigitaldata.com\/en\/#\/schema\/logo\/image\/","url":"https:\/\/staging-appetitgo.empowerdigitaldata.com\/wp-content\/uploads\/2024\/08\/Fleche-Appetit-go-4-e1724936335319.png","contentUrl":"https:\/\/staging-appetitgo.empowerdigitaldata.com\/wp-content\/uploads\/2024\/08\/Fleche-Appetit-go-4-e1724936335319.png","width":1006,"height":200,"caption":"App\u00e9tit Go"},"image":{"@id":"https:\/\/staging-appetitgo.empowerdigitaldata.com\/en\/#\/schema\/logo\/image\/"}}]},"product_price_amount":"13.99","product_price_currency":"CAD","og_availability":"instock","product_availability":"instock","product_retailer_item_id":"ZZZ081","product_condition":"new"},"_links":{"self":[{"href":"https:\/\/staging-appetitgo.empowerdigitaldata.com\/en\/wp-json\/wp\/v2\/product\/11830","targetHints":{"allow":["GET"]}}],"collection":[{"href":"https:\/\/staging-appetitgo.empowerdigitaldata.com\/en\/wp-json\/wp\/v2\/product"}],"about":[{"href":"https:\/\/staging-appetitgo.empowerdigitaldata.com\/en\/wp-json\/wp\/v2\/types\/product"}],"version-history":[{"count":3,"href":"https:\/\/staging-appetitgo.empowerdigitaldata.com\/en\/wp-json\/wp\/v2\/product\/11830\/revisions"}],"predecessor-version":[{"id":19536,"href":"https:\/\/staging-appetitgo.empowerdigitaldata.com\/en\/wp-json\/wp\/v2\/product\/11830\/revisions\/19536"}],"wp:featuredmedia":[{"embeddable":true,"href":"https:\/\/staging-appetitgo.empowerdigitaldata.com\/en\/wp-json\/wp\/v2\/media\/17317"}],"wp:attachment":[{"href":"https:\/\/staging-appetitgo.empowerdigitaldata.com\/en\/wp-json\/wp\/v2\/media?parent=11830"}],"wp:term":[{"taxonomy":"product_brand","embeddable":true,"href":"https:\/\/staging-appetitgo.empowerdigitaldata.com\/en\/wp-json\/wp\/v2\/product_brand?post=11830"},{"taxonomy":"product_cat","embeddable":true,"href":"https:\/\/staging-appetitgo.empowerdigitaldata.com\/en\/wp-json\/wp\/v2\/product_cat?post=11830"},{"taxonomy":"product_tag","embeddable":true,"href":"https:\/\/staging-appetitgo.empowerdigitaldata.com\/en\/wp-json\/wp\/v2\/product_tag?post=11830"},{"taxonomy":"giftcard-category","embeddable":true,"href":"https:\/\/staging-appetitgo.empowerdigitaldata.com\/en\/wp-json\/wp\/v2\/giftcard-category?post=11830"}],"curies":[{"name":"wp","href":"https:\/\/api.w.org\/{rel}","templated":true}]}}