{"id":11810,"date":"2025-01-20T16:15:47","date_gmt":"2025-01-20T21:15:47","guid":{"rendered":"https:\/\/staging-appetitgo.empowerdigitaldata.com\/?post_type=product&#038;p=11810"},"modified":"2025-04-10T10:06:50","modified_gmt":"2025-04-10T14:06:50","slug":"ramen-de-porc-au-miso","status":"publish","type":"product","link":"https:\/\/staging-appetitgo.empowerdigitaldata.com\/en\/produit\/ramen-de-porc-au-miso\/","title":{"rendered":"Ramen de porc au miso"},"content":{"rendered":"<p>D\u00e9couvrez notre d\u00e9licieux ramen de porc miso, une v\u00e9ritable exp\u00e9rience culinaire qui r\u00e9chauffe le c\u0153ur. Pr\u00eat en quelques minutes, il ne n\u00e9cessite aucune pr\u00e9paration compliqu\u00e9e. Il suffit de le r\u00e9chauffer au micro-ondes ou dans une casserole, et vous obtiendrez un ramen savoureux et r\u00e9confortant.<\/p>\n<p><strong>Ingr\u00e9dients de Qualit\u00e9 pour un Ramen Exceptionnel<\/strong><\/p>\n<p>Notre ramen miso au porc chashu combine des saveurs authentiques et gourmandes. Vous trouverez dans chaque portion :<\/p>\n<ul>\n<li>Du porc chashu tendre et savoureux<\/li>\n<li>Un bouillon miso au poulet riche et aromatique<\/li>\n<li>Du ma\u00efs doux, du chou croquant et des carottes fra\u00eeches<\/li>\n<li>Des menma (bambou marin\u00e9) pour une touche de tradition<\/li>\n<li>Un beurre au miso et piment pour relever le tout<\/li>\n<\/ul>\n<p>Chaque bol de ramen est comme un c\u00e2lin chaleureux, avec des saveurs qui se m\u00e9langent parfaitement pour cr\u00e9er une exp\u00e9rience unique.<\/p>\n<p><strong>Praticit\u00e9 et Fra\u00eecheur Garanties<\/strong><\/p>\n<p>Nos ramen sont soigneusement emball\u00e9s sous vide dans une bo\u00eete sp\u00e9cialement con\u00e7ue pour pr\u00e9server leur fra\u00eecheur. Ce packaging individuel permet de garantir que chaque portion conserve ses ar\u00f4mes et sa texture. Vous n&#8217;avez plus qu&#8217;\u00e0 r\u00e9chauffer et d\u00e9guster !<\/p>\n<p>Que ce soit pour un repas rapide, une soir\u00e9e entre amis ou un d\u00eener cosy, le ramen miso au porc chashu est le choix parfait pour un repas savoureux et facile \u00e0 pr\u00e9parer.<\/p>\n<p><strong>Commandez d\u00e8s maintenant votre Ramen Miso au Porc Chashu et savourez un d\u00e9licieux bol de r\u00e9confort, directement chez vous !<\/strong><\/p>\n","protected":false},"excerpt":{"rendered":"<p>D\u00e9couvrez notre d\u00e9licieux ramen de porc miso, une v\u00e9ritable exp\u00e9rience culinaire qui r\u00e9chauffe le c\u0153ur. Pr\u00eat en quelques minutes, il ne n\u00e9cessite aucune pr\u00e9paration compliqu\u00e9e. Il suffit de le r\u00e9chauffer au micro-ondes ou dans une casserole, et vous obtiendrez un ramen savoureux et r\u00e9confortant.<\/p>\n","protected":false},"featured_media":16842,"template":"","meta":{"_acf_changed":false,"_eb_attr":""},"product_brand":[],"product_cat":[20,16],"product_tag":[176,165,23],"giftcard-category":[],"class_list":{"0":"post-11810","1":"product","2":"type-product","3":"status-publish","4":"has-post-thumbnail","6":"product_cat-pret-a-manger","7":"product_cat-epicerie","8":"product_tag-crafty-ramen","9":"product_tag-soupe","10":"product_tag-viande","12":"first","13":"instock","14":"shipping-taxable","15":"purchasable","16":"product-type-simple"},"acf":[],"yoast_head":"<!-- This site is optimized with the Yoast SEO Premium plugin v24.8 (Yoast SEO v24.8.1) - https:\/\/yoast.com\/wordpress\/plugins\/seo\/ -->\n<title>Ramen de porc au miso - App\u00e9tit Go<\/title>\n<meta name=\"description\" content=\"D\u00e9couvrez notre d\u00e9licieux ramen de porc miso, une v\u00e9ritable exp\u00e9rience culinaire qui r\u00e9chauffe le c\u0153ur. Pr\u00eat en quelques minutes, il ne n\u00e9cessite aucune pr\u00e9paration compliqu\u00e9e. Il suffit de le r\u00e9chauffer au micro-ondes ou dans une casserole, et vous obtiendrez un ramen savoureux et r\u00e9confortant.\" \/>\n<meta name=\"robots\" content=\"index, follow, max-snippet:-1, max-image-preview:large, max-video-preview:-1\" \/>\n<link rel=\"canonical\" href=\"https:\/\/staging-appetitgo.empowerdigitaldata.com\/en\/produit\/ramen-de-porc-au-miso\/\" \/>\n<meta property=\"og:locale\" content=\"en_US\" \/>\n<meta property=\"og:type\" content=\"article\" \/>\n<meta property=\"og:title\" content=\"Ramen de porc au miso\" \/>\n<meta property=\"og:description\" content=\"D\u00e9couvrez notre d\u00e9licieux ramen de porc miso, une v\u00e9ritable exp\u00e9rience culinaire qui r\u00e9chauffe le c\u0153ur. Pr\u00eat en quelques minutes, il ne n\u00e9cessite aucune pr\u00e9paration compliqu\u00e9e. Il suffit de le r\u00e9chauffer au micro-ondes ou dans une casserole, et vous obtiendrez un ramen savoureux et r\u00e9confortant.\" \/>\n<meta property=\"og:url\" content=\"https:\/\/staging-appetitgo.empowerdigitaldata.com\/en\/produit\/ramen-de-porc-au-miso\/\" \/>\n<meta property=\"og:site_name\" content=\"App\u00e9tit Go\" \/>\n<meta property=\"article:modified_time\" content=\"2025-04-10T14:06:50+00:00\" \/>\n<meta property=\"og:image\" content=\"https:\/\/staging-appetitgo.empowerdigitaldata.com\/wp-content\/uploads\/2025\/01\/3.jpg\" \/>\n\t<meta property=\"og:image:width\" content=\"800\" \/>\n\t<meta property=\"og:image:height\" content=\"800\" \/>\n\t<meta property=\"og:image:type\" content=\"image\/jpeg\" \/>\n<meta name=\"twitter:card\" content=\"summary_large_image\" \/>\n<meta name=\"twitter:label1\" content=\"Price\" \/>\n\t<meta name=\"twitter:data1\" content=\"&#036;13.99\" \/>\n\t<meta name=\"twitter:label2\" content=\"Availability\" \/>\n\t<meta name=\"twitter:data2\" content=\"In stock\" \/>\n<script type=\"application\/ld+json\" class=\"yoast-schema-graph\">{\"@context\":\"https:\/\/schema.org\",\"@graph\":[{\"@type\":\"WebPage\",\"@id\":\"https:\/\/staging-appetitgo.empowerdigitaldata.com\/en\/produit\/ramen-de-porc-au-miso\/\",\"url\":\"https:\/\/staging-appetitgo.empowerdigitaldata.com\/en\/produit\/ramen-de-porc-au-miso\/\",\"name\":\"Ramen de porc au miso - App\u00e9tit Go\",\"isPartOf\":{\"@id\":\"https:\/\/staging-appetitgo.empowerdigitaldata.com\/en\/#website\"},\"primaryImageOfPage\":{\"@id\":\"https:\/\/staging-appetitgo.empowerdigitaldata.com\/en\/produit\/ramen-de-porc-au-miso\/#primaryimage\"},\"image\":{\"@id\":\"https:\/\/staging-appetitgo.empowerdigitaldata.com\/en\/produit\/ramen-de-porc-au-miso\/#primaryimage\"},\"thumbnailUrl\":\"https:\/\/staging-appetitgo.empowerdigitaldata.com\/wp-content\/uploads\/2025\/01\/3.jpg\",\"datePublished\":\"2025-01-20T21:15:47+00:00\",\"dateModified\":\"2025-04-10T14:06:50+00:00\",\"description\":\"D\u00e9couvrez notre d\u00e9licieux ramen de porc miso, une v\u00e9ritable exp\u00e9rience culinaire qui r\u00e9chauffe le c\u0153ur. Pr\u00eat en quelques minutes, il ne n\u00e9cessite aucune pr\u00e9paration compliqu\u00e9e. Il suffit de le r\u00e9chauffer au micro-ondes ou dans une casserole, et vous obtiendrez un ramen savoureux et r\u00e9confortant.\",\"breadcrumb\":{\"@id\":\"https:\/\/staging-appetitgo.empowerdigitaldata.com\/en\/produit\/ramen-de-porc-au-miso\/#breadcrumb\"},\"inLanguage\":\"en-US\",\"potentialAction\":[{\"@type\":\"ReadAction\",\"target\":[\"https:\/\/staging-appetitgo.empowerdigitaldata.com\/en\/produit\/ramen-de-porc-au-miso\/\"]}]},{\"@type\":\"ImageObject\",\"inLanguage\":\"en-US\",\"@id\":\"https:\/\/staging-appetitgo.empowerdigitaldata.com\/en\/produit\/ramen-de-porc-au-miso\/#primaryimage\",\"url\":\"https:\/\/staging-appetitgo.empowerdigitaldata.com\/wp-content\/uploads\/2025\/01\/3.jpg\",\"contentUrl\":\"https:\/\/staging-appetitgo.empowerdigitaldata.com\/wp-content\/uploads\/2025\/01\/3.jpg\",\"width\":800,\"height\":800},{\"@type\":\"BreadcrumbList\",\"@id\":\"https:\/\/staging-appetitgo.empowerdigitaldata.com\/en\/produit\/ramen-de-porc-au-miso\/#breadcrumb\",\"itemListElement\":[{\"@type\":\"ListItem\",\"position\":1,\"name\":\"Home\",\"item\":\"https:\/\/staging-appetitgo.empowerdigitaldata.com\/en\/\"},{\"@type\":\"ListItem\",\"position\":2,\"name\":\"Products\",\"item\":\"https:\/\/staging-appetitgo.empowerdigitaldata.com\/en\/shop\/\"},{\"@type\":\"ListItem\",\"position\":3,\"name\":\"Ramen de porc au miso\"}]},{\"@type\":\"WebSite\",\"@id\":\"https:\/\/staging-appetitgo.empowerdigitaldata.com\/en\/#website\",\"url\":\"https:\/\/staging-appetitgo.empowerdigitaldata.com\/en\/\",\"name\":\"App\u00e9tit Go\",\"description\":\"\",\"publisher\":{\"@id\":\"https:\/\/staging-appetitgo.empowerdigitaldata.com\/en\/#organization\"},\"potentialAction\":[{\"@type\":\"SearchAction\",\"target\":{\"@type\":\"EntryPoint\",\"urlTemplate\":\"https:\/\/staging-appetitgo.empowerdigitaldata.com\/en\/?s={search_term_string}\"},\"query-input\":{\"@type\":\"PropertyValueSpecification\",\"valueRequired\":true,\"valueName\":\"search_term_string\"}}],\"inLanguage\":\"en-US\"},{\"@type\":\"Organization\",\"@id\":\"https:\/\/staging-appetitgo.empowerdigitaldata.com\/en\/#organization\",\"name\":\"App\u00e9tit Go\",\"url\":\"https:\/\/staging-appetitgo.empowerdigitaldata.com\/en\/\",\"logo\":{\"@type\":\"ImageObject\",\"inLanguage\":\"en-US\",\"@id\":\"https:\/\/staging-appetitgo.empowerdigitaldata.com\/en\/#\/schema\/logo\/image\/\",\"url\":\"https:\/\/staging-appetitgo.empowerdigitaldata.com\/wp-content\/uploads\/2024\/08\/Fleche-Appetit-go-4-e1724936335319.png\",\"contentUrl\":\"https:\/\/staging-appetitgo.empowerdigitaldata.com\/wp-content\/uploads\/2024\/08\/Fleche-Appetit-go-4-e1724936335319.png\",\"width\":1006,\"height\":200,\"caption\":\"App\u00e9tit Go\"},\"image\":{\"@id\":\"https:\/\/staging-appetitgo.empowerdigitaldata.com\/en\/#\/schema\/logo\/image\/\"}}]}<\/script>\n<meta property=\"product:price:amount\" content=\"13.99\" \/>\n<meta property=\"product:price:currency\" content=\"CAD\" \/>\n<meta property=\"og:availability\" content=\"instock\" \/>\n<meta property=\"product:availability\" content=\"instock\" \/>\n<meta property=\"product:retailer_item_id\" content=\"ZZZ082\" \/>\n<meta property=\"product:condition\" content=\"new\" \/>\n<!-- \/ Yoast SEO Premium plugin. -->","yoast_head_json":{"title":"Ramen de porc au miso - App\u00e9tit Go","description":"D\u00e9couvrez notre d\u00e9licieux ramen de porc miso, une v\u00e9ritable exp\u00e9rience culinaire qui r\u00e9chauffe le c\u0153ur. Pr\u00eat en quelques minutes, il ne n\u00e9cessite aucune pr\u00e9paration compliqu\u00e9e. Il suffit de le r\u00e9chauffer au micro-ondes ou dans une casserole, et vous obtiendrez un ramen savoureux et r\u00e9confortant.","robots":{"index":"index","follow":"follow","max-snippet":"max-snippet:-1","max-image-preview":"max-image-preview:large","max-video-preview":"max-video-preview:-1"},"canonical":"https:\/\/staging-appetitgo.empowerdigitaldata.com\/en\/produit\/ramen-de-porc-au-miso\/","og_locale":"en_US","og_type":"article","og_title":"Ramen de porc au miso","og_description":"D\u00e9couvrez notre d\u00e9licieux ramen de porc miso, une v\u00e9ritable exp\u00e9rience culinaire qui r\u00e9chauffe le c\u0153ur. Pr\u00eat en quelques minutes, il ne n\u00e9cessite aucune pr\u00e9paration compliqu\u00e9e. Il suffit de le r\u00e9chauffer au micro-ondes ou dans une casserole, et vous obtiendrez un ramen savoureux et r\u00e9confortant.","og_url":"https:\/\/staging-appetitgo.empowerdigitaldata.com\/en\/produit\/ramen-de-porc-au-miso\/","og_site_name":"App\u00e9tit Go","article_modified_time":"2025-04-10T14:06:50+00:00","og_image":[{"width":800,"height":800,"url":"https:\/\/staging-appetitgo.empowerdigitaldata.com\/wp-content\/uploads\/2025\/01\/3.jpg","type":"image\/jpeg"}],"twitter_card":"summary_large_image","twitter_misc":{"Price":"&#36;13.99","Availability":"In stock"},"schema":{"@context":"https:\/\/schema.org","@graph":[{"@type":"WebPage","@id":"https:\/\/staging-appetitgo.empowerdigitaldata.com\/en\/produit\/ramen-de-porc-au-miso\/","url":"https:\/\/staging-appetitgo.empowerdigitaldata.com\/en\/produit\/ramen-de-porc-au-miso\/","name":"Ramen de porc au miso - App\u00e9tit Go","isPartOf":{"@id":"https:\/\/staging-appetitgo.empowerdigitaldata.com\/en\/#website"},"primaryImageOfPage":{"@id":"https:\/\/staging-appetitgo.empowerdigitaldata.com\/en\/produit\/ramen-de-porc-au-miso\/#primaryimage"},"image":{"@id":"https:\/\/staging-appetitgo.empowerdigitaldata.com\/en\/produit\/ramen-de-porc-au-miso\/#primaryimage"},"thumbnailUrl":"https:\/\/staging-appetitgo.empowerdigitaldata.com\/wp-content\/uploads\/2025\/01\/3.jpg","datePublished":"2025-01-20T21:15:47+00:00","dateModified":"2025-04-10T14:06:50+00:00","description":"D\u00e9couvrez notre d\u00e9licieux ramen de porc miso, une v\u00e9ritable exp\u00e9rience culinaire qui r\u00e9chauffe le c\u0153ur. Pr\u00eat en quelques minutes, il ne n\u00e9cessite aucune pr\u00e9paration compliqu\u00e9e. Il suffit de le r\u00e9chauffer au micro-ondes ou dans une casserole, et vous obtiendrez un ramen savoureux et r\u00e9confortant.","breadcrumb":{"@id":"https:\/\/staging-appetitgo.empowerdigitaldata.com\/en\/produit\/ramen-de-porc-au-miso\/#breadcrumb"},"inLanguage":"en-US","potentialAction":[{"@type":"ReadAction","target":["https:\/\/staging-appetitgo.empowerdigitaldata.com\/en\/produit\/ramen-de-porc-au-miso\/"]}]},{"@type":"ImageObject","inLanguage":"en-US","@id":"https:\/\/staging-appetitgo.empowerdigitaldata.com\/en\/produit\/ramen-de-porc-au-miso\/#primaryimage","url":"https:\/\/staging-appetitgo.empowerdigitaldata.com\/wp-content\/uploads\/2025\/01\/3.jpg","contentUrl":"https:\/\/staging-appetitgo.empowerdigitaldata.com\/wp-content\/uploads\/2025\/01\/3.jpg","width":800,"height":800},{"@type":"BreadcrumbList","@id":"https:\/\/staging-appetitgo.empowerdigitaldata.com\/en\/produit\/ramen-de-porc-au-miso\/#breadcrumb","itemListElement":[{"@type":"ListItem","position":1,"name":"Home","item":"https:\/\/staging-appetitgo.empowerdigitaldata.com\/en\/"},{"@type":"ListItem","position":2,"name":"Products","item":"https:\/\/staging-appetitgo.empowerdigitaldata.com\/en\/shop\/"},{"@type":"ListItem","position":3,"name":"Ramen de porc au miso"}]},{"@type":"WebSite","@id":"https:\/\/staging-appetitgo.empowerdigitaldata.com\/en\/#website","url":"https:\/\/staging-appetitgo.empowerdigitaldata.com\/en\/","name":"App\u00e9tit Go","description":"","publisher":{"@id":"https:\/\/staging-appetitgo.empowerdigitaldata.com\/en\/#organization"},"potentialAction":[{"@type":"SearchAction","target":{"@type":"EntryPoint","urlTemplate":"https:\/\/staging-appetitgo.empowerdigitaldata.com\/en\/?s={search_term_string}"},"query-input":{"@type":"PropertyValueSpecification","valueRequired":true,"valueName":"search_term_string"}}],"inLanguage":"en-US"},{"@type":"Organization","@id":"https:\/\/staging-appetitgo.empowerdigitaldata.com\/en\/#organization","name":"App\u00e9tit Go","url":"https:\/\/staging-appetitgo.empowerdigitaldata.com\/en\/","logo":{"@type":"ImageObject","inLanguage":"en-US","@id":"https:\/\/staging-appetitgo.empowerdigitaldata.com\/en\/#\/schema\/logo\/image\/","url":"https:\/\/staging-appetitgo.empowerdigitaldata.com\/wp-content\/uploads\/2024\/08\/Fleche-Appetit-go-4-e1724936335319.png","contentUrl":"https:\/\/staging-appetitgo.empowerdigitaldata.com\/wp-content\/uploads\/2024\/08\/Fleche-Appetit-go-4-e1724936335319.png","width":1006,"height":200,"caption":"App\u00e9tit Go"},"image":{"@id":"https:\/\/staging-appetitgo.empowerdigitaldata.com\/en\/#\/schema\/logo\/image\/"}}]},"product_price_amount":"13.99","product_price_currency":"CAD","og_availability":"instock","product_availability":"instock","product_retailer_item_id":"ZZZ082","product_condition":"new"},"_links":{"self":[{"href":"https:\/\/staging-appetitgo.empowerdigitaldata.com\/en\/wp-json\/wp\/v2\/product\/11810","targetHints":{"allow":["GET"]}}],"collection":[{"href":"https:\/\/staging-appetitgo.empowerdigitaldata.com\/en\/wp-json\/wp\/v2\/product"}],"about":[{"href":"https:\/\/staging-appetitgo.empowerdigitaldata.com\/en\/wp-json\/wp\/v2\/types\/product"}],"version-history":[{"count":3,"href":"https:\/\/staging-appetitgo.empowerdigitaldata.com\/en\/wp-json\/wp\/v2\/product\/11810\/revisions"}],"predecessor-version":[{"id":19538,"href":"https:\/\/staging-appetitgo.empowerdigitaldata.com\/en\/wp-json\/wp\/v2\/product\/11810\/revisions\/19538"}],"wp:featuredmedia":[{"embeddable":true,"href":"https:\/\/staging-appetitgo.empowerdigitaldata.com\/en\/wp-json\/wp\/v2\/media\/16842"}],"wp:attachment":[{"href":"https:\/\/staging-appetitgo.empowerdigitaldata.com\/en\/wp-json\/wp\/v2\/media?parent=11810"}],"wp:term":[{"taxonomy":"product_brand","embeddable":true,"href":"https:\/\/staging-appetitgo.empowerdigitaldata.com\/en\/wp-json\/wp\/v2\/product_brand?post=11810"},{"taxonomy":"product_cat","embeddable":true,"href":"https:\/\/staging-appetitgo.empowerdigitaldata.com\/en\/wp-json\/wp\/v2\/product_cat?post=11810"},{"taxonomy":"product_tag","embeddable":true,"href":"https:\/\/staging-appetitgo.empowerdigitaldata.com\/en\/wp-json\/wp\/v2\/product_tag?post=11810"},{"taxonomy":"giftcard-category","embeddable":true,"href":"https:\/\/staging-appetitgo.empowerdigitaldata.com\/en\/wp-json\/wp\/v2\/giftcard-category?post=11810"}],"curies":[{"name":"wp","href":"https:\/\/api.w.org\/{rel}","templated":true}]}}