{"id":11706,"date":"2025-01-24T06:26:46","date_gmt":"2025-01-24T11:26:46","guid":{"rendered":"https:\/\/staging-appetitgo.empowerdigitaldata.com\/?post_type=product&#038;p=11706"},"modified":"2025-03-23T12:06:11","modified_gmt":"2025-03-23T16:06:11","slug":"ensemble-a-fondue-au-boeuf-aux-oignons-caramelises-simplement-kosy","status":"publish","type":"product","link":"https:\/\/staging-appetitgo.empowerdigitaldata.com\/en\/produit\/ensemble-a-fondue-au-boeuf-aux-oignons-caramelises-simplement-kosy\/","title":{"rendered":"Ensemble \u00e0 fondue au boeuf aux oignons caram\u00e9lis\u00e9s Simplement Kosy"},"content":{"rendered":"<p>D\u00e9couvrez notre Ensemble de Fondue complet, comprenant un d\u00e9licieux bouillon de b\u0153uf aux oignons caram\u00e9lis\u00e9s (1 \u00e0 1,5L), ainsi que 170g de porc tendre et 170g de b\u0153uf de qualit\u00e9 sup\u00e9rieure, pr\u00eat \u00e0 \u00eatre cuit dans le bouillon parfum\u00e9.<\/p>\n<p>Le bouillon aux oignons caram\u00e9lis\u00e9s apporte une richesse de saveurs sucr\u00e9es et umami qui sublimera \u00e0 la perfection vos viandes, offrant une texture fondante et un go\u00fbt irr\u00e9sistible \u00e0 chaque bouch\u00e9e. Ce plat est id\u00e9al pour un repas convivial et savoureux \u00e0 partager en famille ou entre amis.<\/p>\n<p>Commandez d\u00e8s maintenant votre Ensemble de Fondue avec Bouillon de B\u0153uf aux Oignons Caram\u00e9lis\u00e9s et profitez d\u2019un moment gourmand et chaleureux autour de la table.<\/p>\n","protected":false},"excerpt":{"rendered":"<p>Ensemble de Fondue complet, comprenant un d\u00e9licieux bouillon de b\u0153uf aux oignons caram\u00e9lis\u00e9s (1 \u00e0 1,5L), ainsi que 170g de poulet tendre et 170g de b\u0153uf de qualit\u00e9 sup\u00e9rieure, pr\u00eat \u00e0 \u00eatre cuit dans le bouillon parfum\u00e9.<\/p>\n","protected":false},"featured_media":12411,"template":"","meta":{"_acf_changed":false,"_eb_attr":""},"product_brand":[],"product_cat":[16],"product_tag":[172],"giftcard-category":[],"class_list":{"0":"post-11706","1":"product","2":"type-product","3":"status-publish","4":"has-post-thumbnail","6":"product_cat-epicerie","7":"product_tag-fondue","9":"first","10":"instock","11":"shipping-taxable","12":"purchasable","13":"product-type-yith_bundle"},"acf":[],"yoast_head":"<!-- This site is optimized with the Yoast SEO Premium plugin v24.8 (Yoast SEO v24.8.1) - https:\/\/yoast.com\/wordpress\/plugins\/seo\/ -->\n<title>Ensemble \u00e0 fondue au boeuf aux oignons caram\u00e9lis\u00e9s Simplement Kosy - App\u00e9tit Go<\/title>\n<meta name=\"description\" content=\"Ensemble de Fondue complet, comprenant un d\u00e9licieux bouillon de b\u0153uf aux oignons caram\u00e9lis\u00e9s (1 \u00e0 1,5L), ainsi que 170g de poulet tendre et 170g de b\u0153uf de qualit\u00e9 sup\u00e9rieure, pr\u00eat \u00e0 \u00eatre cuit dans le bouillon parfum\u00e9.\" \/>\n<meta name=\"robots\" content=\"index, follow, max-snippet:-1, max-image-preview:large, max-video-preview:-1\" \/>\n<link rel=\"canonical\" href=\"https:\/\/staging-appetitgo.empowerdigitaldata.com\/en\/produit\/ensemble-a-fondue-au-boeuf-aux-oignons-caramelises-simplement-kosy\/\" \/>\n<meta property=\"og:locale\" content=\"en_US\" \/>\n<meta property=\"og:type\" content=\"article\" \/>\n<meta property=\"og:title\" content=\"Ensemble \u00e0 fondue au boeuf aux oignons caram\u00e9lis\u00e9s Simplement Kosy\" \/>\n<meta property=\"og:description\" content=\"Ensemble de Fondue complet, comprenant un d\u00e9licieux bouillon de b\u0153uf aux oignons caram\u00e9lis\u00e9s (1 \u00e0 1,5L), ainsi que 170g de poulet tendre et 170g de b\u0153uf de qualit\u00e9 sup\u00e9rieure, pr\u00eat \u00e0 \u00eatre cuit dans le bouillon parfum\u00e9.\" \/>\n<meta property=\"og:url\" content=\"https:\/\/staging-appetitgo.empowerdigitaldata.com\/en\/produit\/ensemble-a-fondue-au-boeuf-aux-oignons-caramelises-simplement-kosy\/\" \/>\n<meta property=\"og:site_name\" content=\"App\u00e9tit Go\" \/>\n<meta property=\"article:modified_time\" content=\"2025-03-23T16:06:11+00:00\" \/>\n<meta property=\"og:image\" content=\"https:\/\/staging-appetitgo.empowerdigitaldata.com\/wp-content\/uploads\/2025\/01\/bouillon-fondue-boeuf-scaled-e1739227697259.jpg\" \/>\n\t<meta property=\"og:image:width\" content=\"1707\" \/>\n\t<meta property=\"og:image:height\" content=\"1707\" \/>\n\t<meta property=\"og:image:type\" content=\"image\/jpeg\" \/>\n<meta name=\"twitter:card\" content=\"summary_large_image\" \/>\n<meta name=\"twitter:label1\" content=\"Price\" \/>\n\t<meta name=\"twitter:data1\" content=\"&#036;29.99\" \/>\n\t<meta name=\"twitter:label2\" content=\"Availability\" \/>\n\t<meta name=\"twitter:data2\" content=\"In stock\" \/>\n<script type=\"application\/ld+json\" class=\"yoast-schema-graph\">{\"@context\":\"https:\/\/schema.org\",\"@graph\":[{\"@type\":\"WebPage\",\"@id\":\"https:\/\/staging-appetitgo.empowerdigitaldata.com\/en\/produit\/ensemble-a-fondue-au-boeuf-aux-oignons-caramelises-simplement-kosy\/\",\"url\":\"https:\/\/staging-appetitgo.empowerdigitaldata.com\/en\/produit\/ensemble-a-fondue-au-boeuf-aux-oignons-caramelises-simplement-kosy\/\",\"name\":\"Ensemble \u00e0 fondue au boeuf aux oignons caram\u00e9lis\u00e9s Simplement Kosy - App\u00e9tit Go\",\"isPartOf\":{\"@id\":\"https:\/\/staging-appetitgo.empowerdigitaldata.com\/en\/#website\"},\"primaryImageOfPage\":{\"@id\":\"https:\/\/staging-appetitgo.empowerdigitaldata.com\/en\/produit\/ensemble-a-fondue-au-boeuf-aux-oignons-caramelises-simplement-kosy\/#primaryimage\"},\"image\":{\"@id\":\"https:\/\/staging-appetitgo.empowerdigitaldata.com\/en\/produit\/ensemble-a-fondue-au-boeuf-aux-oignons-caramelises-simplement-kosy\/#primaryimage\"},\"thumbnailUrl\":\"https:\/\/staging-appetitgo.empowerdigitaldata.com\/wp-content\/uploads\/2025\/01\/bouillon-fondue-boeuf-scaled-e1739227697259.jpg\",\"datePublished\":\"2025-01-24T11:26:46+00:00\",\"dateModified\":\"2025-03-23T16:06:11+00:00\",\"description\":\"Ensemble de Fondue complet, comprenant un d\u00e9licieux bouillon de b\u0153uf aux oignons caram\u00e9lis\u00e9s (1 \u00e0 1,5L), ainsi que 170g de poulet tendre et 170g de b\u0153uf de qualit\u00e9 sup\u00e9rieure, pr\u00eat \u00e0 \u00eatre cuit dans le bouillon parfum\u00e9.\",\"breadcrumb\":{\"@id\":\"https:\/\/staging-appetitgo.empowerdigitaldata.com\/en\/produit\/ensemble-a-fondue-au-boeuf-aux-oignons-caramelises-simplement-kosy\/#breadcrumb\"},\"inLanguage\":\"en-US\",\"potentialAction\":[{\"@type\":\"ReadAction\",\"target\":[\"https:\/\/staging-appetitgo.empowerdigitaldata.com\/en\/produit\/ensemble-a-fondue-au-boeuf-aux-oignons-caramelises-simplement-kosy\/\"]}]},{\"@type\":\"ImageObject\",\"inLanguage\":\"en-US\",\"@id\":\"https:\/\/staging-appetitgo.empowerdigitaldata.com\/en\/produit\/ensemble-a-fondue-au-boeuf-aux-oignons-caramelises-simplement-kosy\/#primaryimage\",\"url\":\"https:\/\/staging-appetitgo.empowerdigitaldata.com\/wp-content\/uploads\/2025\/01\/bouillon-fondue-boeuf-scaled-e1739227697259.jpg\",\"contentUrl\":\"https:\/\/staging-appetitgo.empowerdigitaldata.com\/wp-content\/uploads\/2025\/01\/bouillon-fondue-boeuf-scaled-e1739227697259.jpg\",\"width\":1707,\"height\":1707},{\"@type\":\"BreadcrumbList\",\"@id\":\"https:\/\/staging-appetitgo.empowerdigitaldata.com\/en\/produit\/ensemble-a-fondue-au-boeuf-aux-oignons-caramelises-simplement-kosy\/#breadcrumb\",\"itemListElement\":[{\"@type\":\"ListItem\",\"position\":1,\"name\":\"Home\",\"item\":\"https:\/\/staging-appetitgo.empowerdigitaldata.com\/en\/\"},{\"@type\":\"ListItem\",\"position\":2,\"name\":\"Products\",\"item\":\"https:\/\/staging-appetitgo.empowerdigitaldata.com\/en\/shop\/\"},{\"@type\":\"ListItem\",\"position\":3,\"name\":\"Ensemble \u00e0 fondue au boeuf aux oignons caram\u00e9lis\u00e9s Simplement Kosy\"}]},{\"@type\":\"WebSite\",\"@id\":\"https:\/\/staging-appetitgo.empowerdigitaldata.com\/en\/#website\",\"url\":\"https:\/\/staging-appetitgo.empowerdigitaldata.com\/en\/\",\"name\":\"App\u00e9tit Go\",\"description\":\"\",\"publisher\":{\"@id\":\"https:\/\/staging-appetitgo.empowerdigitaldata.com\/en\/#organization\"},\"potentialAction\":[{\"@type\":\"SearchAction\",\"target\":{\"@type\":\"EntryPoint\",\"urlTemplate\":\"https:\/\/staging-appetitgo.empowerdigitaldata.com\/en\/?s={search_term_string}\"},\"query-input\":{\"@type\":\"PropertyValueSpecification\",\"valueRequired\":true,\"valueName\":\"search_term_string\"}}],\"inLanguage\":\"en-US\"},{\"@type\":\"Organization\",\"@id\":\"https:\/\/staging-appetitgo.empowerdigitaldata.com\/en\/#organization\",\"name\":\"App\u00e9tit Go\",\"url\":\"https:\/\/staging-appetitgo.empowerdigitaldata.com\/en\/\",\"logo\":{\"@type\":\"ImageObject\",\"inLanguage\":\"en-US\",\"@id\":\"https:\/\/staging-appetitgo.empowerdigitaldata.com\/en\/#\/schema\/logo\/image\/\",\"url\":\"https:\/\/staging-appetitgo.empowerdigitaldata.com\/wp-content\/uploads\/2024\/08\/Fleche-Appetit-go-4-e1724936335319.png\",\"contentUrl\":\"https:\/\/staging-appetitgo.empowerdigitaldata.com\/wp-content\/uploads\/2024\/08\/Fleche-Appetit-go-4-e1724936335319.png\",\"width\":1006,\"height\":200,\"caption\":\"App\u00e9tit Go\"},\"image\":{\"@id\":\"https:\/\/staging-appetitgo.empowerdigitaldata.com\/en\/#\/schema\/logo\/image\/\"}}]}<\/script>\n<meta property=\"product:price:amount\" content=\"29.99\" \/>\n<meta property=\"product:price:currency\" content=\"CAD\" \/>\n<meta property=\"og:availability\" content=\"instock\" \/>\n<meta property=\"product:availability\" content=\"instock\" \/>\n<meta property=\"product:retailer_item_id\" content=\"EEE001\" \/>\n<meta property=\"product:condition\" content=\"new\" \/>\n<!-- \/ Yoast SEO Premium plugin. -->","yoast_head_json":{"title":"Ensemble \u00e0 fondue au boeuf aux oignons caram\u00e9lis\u00e9s Simplement Kosy - App\u00e9tit Go","description":"Ensemble de Fondue complet, comprenant un d\u00e9licieux bouillon de b\u0153uf aux oignons caram\u00e9lis\u00e9s (1 \u00e0 1,5L), ainsi que 170g de poulet tendre et 170g de b\u0153uf de qualit\u00e9 sup\u00e9rieure, pr\u00eat \u00e0 \u00eatre cuit dans le bouillon parfum\u00e9.","robots":{"index":"index","follow":"follow","max-snippet":"max-snippet:-1","max-image-preview":"max-image-preview:large","max-video-preview":"max-video-preview:-1"},"canonical":"https:\/\/staging-appetitgo.empowerdigitaldata.com\/en\/produit\/ensemble-a-fondue-au-boeuf-aux-oignons-caramelises-simplement-kosy\/","og_locale":"en_US","og_type":"article","og_title":"Ensemble \u00e0 fondue au boeuf aux oignons caram\u00e9lis\u00e9s Simplement Kosy","og_description":"Ensemble de Fondue complet, comprenant un d\u00e9licieux bouillon de b\u0153uf aux oignons caram\u00e9lis\u00e9s (1 \u00e0 1,5L), ainsi que 170g de poulet tendre et 170g de b\u0153uf de qualit\u00e9 sup\u00e9rieure, pr\u00eat \u00e0 \u00eatre cuit dans le bouillon parfum\u00e9.","og_url":"https:\/\/staging-appetitgo.empowerdigitaldata.com\/en\/produit\/ensemble-a-fondue-au-boeuf-aux-oignons-caramelises-simplement-kosy\/","og_site_name":"App\u00e9tit Go","article_modified_time":"2025-03-23T16:06:11+00:00","og_image":[{"width":1707,"height":1707,"url":"https:\/\/staging-appetitgo.empowerdigitaldata.com\/wp-content\/uploads\/2025\/01\/bouillon-fondue-boeuf-scaled-e1739227697259.jpg","type":"image\/jpeg"}],"twitter_card":"summary_large_image","twitter_misc":{"Price":"&#36;29.99","Availability":"In stock"},"schema":{"@context":"https:\/\/schema.org","@graph":[{"@type":"WebPage","@id":"https:\/\/staging-appetitgo.empowerdigitaldata.com\/en\/produit\/ensemble-a-fondue-au-boeuf-aux-oignons-caramelises-simplement-kosy\/","url":"https:\/\/staging-appetitgo.empowerdigitaldata.com\/en\/produit\/ensemble-a-fondue-au-boeuf-aux-oignons-caramelises-simplement-kosy\/","name":"Ensemble \u00e0 fondue au boeuf aux oignons caram\u00e9lis\u00e9s Simplement Kosy - App\u00e9tit Go","isPartOf":{"@id":"https:\/\/staging-appetitgo.empowerdigitaldata.com\/en\/#website"},"primaryImageOfPage":{"@id":"https:\/\/staging-appetitgo.empowerdigitaldata.com\/en\/produit\/ensemble-a-fondue-au-boeuf-aux-oignons-caramelises-simplement-kosy\/#primaryimage"},"image":{"@id":"https:\/\/staging-appetitgo.empowerdigitaldata.com\/en\/produit\/ensemble-a-fondue-au-boeuf-aux-oignons-caramelises-simplement-kosy\/#primaryimage"},"thumbnailUrl":"https:\/\/staging-appetitgo.empowerdigitaldata.com\/wp-content\/uploads\/2025\/01\/bouillon-fondue-boeuf-scaled-e1739227697259.jpg","datePublished":"2025-01-24T11:26:46+00:00","dateModified":"2025-03-23T16:06:11+00:00","description":"Ensemble de Fondue complet, comprenant un d\u00e9licieux bouillon de b\u0153uf aux oignons caram\u00e9lis\u00e9s (1 \u00e0 1,5L), ainsi que 170g de poulet tendre et 170g de b\u0153uf de qualit\u00e9 sup\u00e9rieure, pr\u00eat \u00e0 \u00eatre cuit dans le bouillon parfum\u00e9.","breadcrumb":{"@id":"https:\/\/staging-appetitgo.empowerdigitaldata.com\/en\/produit\/ensemble-a-fondue-au-boeuf-aux-oignons-caramelises-simplement-kosy\/#breadcrumb"},"inLanguage":"en-US","potentialAction":[{"@type":"ReadAction","target":["https:\/\/staging-appetitgo.empowerdigitaldata.com\/en\/produit\/ensemble-a-fondue-au-boeuf-aux-oignons-caramelises-simplement-kosy\/"]}]},{"@type":"ImageObject","inLanguage":"en-US","@id":"https:\/\/staging-appetitgo.empowerdigitaldata.com\/en\/produit\/ensemble-a-fondue-au-boeuf-aux-oignons-caramelises-simplement-kosy\/#primaryimage","url":"https:\/\/staging-appetitgo.empowerdigitaldata.com\/wp-content\/uploads\/2025\/01\/bouillon-fondue-boeuf-scaled-e1739227697259.jpg","contentUrl":"https:\/\/staging-appetitgo.empowerdigitaldata.com\/wp-content\/uploads\/2025\/01\/bouillon-fondue-boeuf-scaled-e1739227697259.jpg","width":1707,"height":1707},{"@type":"BreadcrumbList","@id":"https:\/\/staging-appetitgo.empowerdigitaldata.com\/en\/produit\/ensemble-a-fondue-au-boeuf-aux-oignons-caramelises-simplement-kosy\/#breadcrumb","itemListElement":[{"@type":"ListItem","position":1,"name":"Home","item":"https:\/\/staging-appetitgo.empowerdigitaldata.com\/en\/"},{"@type":"ListItem","position":2,"name":"Products","item":"https:\/\/staging-appetitgo.empowerdigitaldata.com\/en\/shop\/"},{"@type":"ListItem","position":3,"name":"Ensemble \u00e0 fondue au boeuf aux oignons caram\u00e9lis\u00e9s Simplement Kosy"}]},{"@type":"WebSite","@id":"https:\/\/staging-appetitgo.empowerdigitaldata.com\/en\/#website","url":"https:\/\/staging-appetitgo.empowerdigitaldata.com\/en\/","name":"App\u00e9tit Go","description":"","publisher":{"@id":"https:\/\/staging-appetitgo.empowerdigitaldata.com\/en\/#organization"},"potentialAction":[{"@type":"SearchAction","target":{"@type":"EntryPoint","urlTemplate":"https:\/\/staging-appetitgo.empowerdigitaldata.com\/en\/?s={search_term_string}"},"query-input":{"@type":"PropertyValueSpecification","valueRequired":true,"valueName":"search_term_string"}}],"inLanguage":"en-US"},{"@type":"Organization","@id":"https:\/\/staging-appetitgo.empowerdigitaldata.com\/en\/#organization","name":"App\u00e9tit Go","url":"https:\/\/staging-appetitgo.empowerdigitaldata.com\/en\/","logo":{"@type":"ImageObject","inLanguage":"en-US","@id":"https:\/\/staging-appetitgo.empowerdigitaldata.com\/en\/#\/schema\/logo\/image\/","url":"https:\/\/staging-appetitgo.empowerdigitaldata.com\/wp-content\/uploads\/2024\/08\/Fleche-Appetit-go-4-e1724936335319.png","contentUrl":"https:\/\/staging-appetitgo.empowerdigitaldata.com\/wp-content\/uploads\/2024\/08\/Fleche-Appetit-go-4-e1724936335319.png","width":1006,"height":200,"caption":"App\u00e9tit Go"},"image":{"@id":"https:\/\/staging-appetitgo.empowerdigitaldata.com\/en\/#\/schema\/logo\/image\/"}}]},"product_price_amount":"29.99","product_price_currency":"CAD","og_availability":"instock","product_availability":"instock","product_retailer_item_id":"EEE001","product_condition":"new"},"_links":{"self":[{"href":"https:\/\/staging-appetitgo.empowerdigitaldata.com\/en\/wp-json\/wp\/v2\/product\/11706","targetHints":{"allow":["GET"]}}],"collection":[{"href":"https:\/\/staging-appetitgo.empowerdigitaldata.com\/en\/wp-json\/wp\/v2\/product"}],"about":[{"href":"https:\/\/staging-appetitgo.empowerdigitaldata.com\/en\/wp-json\/wp\/v2\/types\/product"}],"version-history":[{"count":1,"href":"https:\/\/staging-appetitgo.empowerdigitaldata.com\/en\/wp-json\/wp\/v2\/product\/11706\/revisions"}],"predecessor-version":[{"id":16527,"href":"https:\/\/staging-appetitgo.empowerdigitaldata.com\/en\/wp-json\/wp\/v2\/product\/11706\/revisions\/16527"}],"wp:featuredmedia":[{"embeddable":true,"href":"https:\/\/staging-appetitgo.empowerdigitaldata.com\/en\/wp-json\/wp\/v2\/media\/12411"}],"wp:attachment":[{"href":"https:\/\/staging-appetitgo.empowerdigitaldata.com\/en\/wp-json\/wp\/v2\/media?parent=11706"}],"wp:term":[{"taxonomy":"product_brand","embeddable":true,"href":"https:\/\/staging-appetitgo.empowerdigitaldata.com\/en\/wp-json\/wp\/v2\/product_brand?post=11706"},{"taxonomy":"product_cat","embeddable":true,"href":"https:\/\/staging-appetitgo.empowerdigitaldata.com\/en\/wp-json\/wp\/v2\/product_cat?post=11706"},{"taxonomy":"product_tag","embeddable":true,"href":"https:\/\/staging-appetitgo.empowerdigitaldata.com\/en\/wp-json\/wp\/v2\/product_tag?post=11706"},{"taxonomy":"giftcard-category","embeddable":true,"href":"https:\/\/staging-appetitgo.empowerdigitaldata.com\/en\/wp-json\/wp\/v2\/giftcard-category?post=11706"}],"curies":[{"name":"wp","href":"https:\/\/api.w.org\/{rel}","templated":true}]}}