{"id":6336,"date":"2024-10-07T14:33:52","date_gmt":"2024-10-07T18:33:52","guid":{"rendered":"https:\/\/staging-appetitgo.empowerdigitaldata.com\/home-appetit-go\/our-products\/groceries-category\/"},"modified":"2024-12-27T13:56:04","modified_gmt":"2024-12-27T17:56:04","slug":"groceries-category","status":"publish","type":"page","link":"https:\/\/staging-appetitgo.empowerdigitaldata.com\/en\/our-products\/groceries-category\/","title":{"rendered":"Groceries"},"content":{"rendered":"\t\t<div data-elementor-type=\"wp-page\" data-elementor-id=\"6336\" class=\"elementor elementor-6336 elementor-3570\" data-elementor-post-type=\"page\">\n\t\t\t\t<div class=\"elementor-element elementor-element-c7713f9 e-flex e-con-boxed e-con e-parent\" data-id=\"c7713f9\" data-element_type=\"container\" data-settings=\"{&quot;background_background&quot;:&quot;classic&quot;}\">\n\t\t\t\t\t<div class=\"e-con-inner\">\n\t\t<div class=\"elementor-element elementor-element-7050af9 e-con-full e-flex e-con e-child\" data-id=\"7050af9\" data-element_type=\"container\">\n\t\t\t\t<div class=\"elementor-element elementor-element-303bc15 elementor-widget elementor-widget-heading\" data-id=\"303bc15\" data-element_type=\"widget\" data-widget_type=\"heading.default\">\n\t\t\t\t<div class=\"elementor-widget-container\">\n\t\t\t\t\t<h2 class=\"elementor-heading-title elementor-size-default\">Groceries<\/h2>\t\t\t\t<\/div>\n\t\t\t\t<\/div>\n\t\t\t\t<div class=\"elementor-element elementor-element-a8e01a8 elementor-widget elementor-widget-text-editor\" data-id=\"a8e01a8\" data-element_type=\"widget\" data-widget_type=\"text-editor.default\">\n\t\t\t\t<div class=\"elementor-widget-container\">\n\t\t\t\t\t\t\t\t\t<p>Welcome to our grocery category, where you&#8217;ll find a refined selection of products to enhance your dishes. Each product is carefully selected for its quality and taste. <\/p>\n<p>Whether you&#8217;re a home cook or an experienced chef, our grocery store offers essential ingredients for all your culinary creations. Discover products that will inspire your recipes, thanks to our collaborations with <a style=\"color: #ffffff; text-decoration: underline;\" href=\"https:\/\/fdmq.ca\/\" target=\"_blank\" rel=\"noopener\"><span style=\"color: #ffffff; text-decoration: underline;\"><span style=\"text-decoration: underline;\"><strong>Fruits de mer du Qu\u00e9bec<\/strong><\/span><\/span><\/a>. <\/p>\n<p>Turn your kitchen into a place of creativity and flavour with our online grocery store!<\/p>\n\t\t\t\t\t\t\t\t<\/div>\n\t\t\t\t<\/div>\n\t\t<div class=\"elementor-element elementor-element-5b7789c e-con-full e-flex e-con e-child\" data-id=\"5b7789c\" data-element_type=\"container\">\n\t\t\t\t<div class=\"elementor-element elementor-element-e85e50c elementor-widget elementor-widget-image\" data-id=\"e85e50c\" data-element_type=\"widget\" data-widget_type=\"image.default\">\n\t\t\t\t<div class=\"elementor-widget-container\">\n\t\t\t\t\t\t\t\t\t\t\t\t\t\t\t<img fetchpriority=\"high\" decoding=\"async\" width=\"442\" height=\"309\" src=\"https:\/\/staging-appetitgo.empowerdigitaldata.com\/wp-content\/uploads\/2024\/10\/Design-sans-titre-4.png\" class=\"attachment-large size-large wp-image-6260\" alt=\"Photo d&#039;une boite de produits d&#039;\u00e9picerie, vendus par App\u00e9tit Go.\" srcset=\"https:\/\/staging-appetitgo.empowerdigitaldata.com\/wp-content\/uploads\/2024\/10\/Design-sans-titre-4.png 442w, https:\/\/staging-appetitgo.empowerdigitaldata.com\/wp-content\/uploads\/2024\/10\/Design-sans-titre-4-400x280.png 400w, https:\/\/staging-appetitgo.empowerdigitaldata.com\/wp-content\/uploads\/2024\/10\/Design-sans-titre-4-150x105.png 150w\" sizes=\"(max-width: 442px) 100vw, 442px\" \/>\t\t\t\t\t\t\t\t\t\t\t\t\t\t\t<\/div>\n\t\t\t\t<\/div>\n\t\t\t\t<div class=\"elementor-element elementor-element-9ca582d img-section elementor-widget elementor-widget-image\" data-id=\"9ca582d\" data-element_type=\"widget\" data-widget_type=\"image.default\">\n\t\t\t\t<div class=\"elementor-widget-container\">\n\t\t\t\t\t\t\t\t\t\t\t\t\t\t\t<img decoding=\"async\" width=\"442\" height=\"309\" src=\"https:\/\/staging-appetitgo.empowerdigitaldata.com\/wp-content\/uploads\/2024\/10\/Design-sans-titre-5.png\" class=\"attachment-large size-large wp-image-6262\" alt=\"\" srcset=\"https:\/\/staging-appetitgo.empowerdigitaldata.com\/wp-content\/uploads\/2024\/10\/Design-sans-titre-5.png 442w, https:\/\/staging-appetitgo.empowerdigitaldata.com\/wp-content\/uploads\/2024\/10\/Design-sans-titre-5-400x280.png 400w, https:\/\/staging-appetitgo.empowerdigitaldata.com\/wp-content\/uploads\/2024\/10\/Design-sans-titre-5-150x105.png 150w\" sizes=\"(max-width: 442px) 100vw, 442px\" \/>\t\t\t\t\t\t\t\t\t\t\t\t\t\t\t<\/div>\n\t\t\t\t<\/div>\n\t\t\t\t<\/div>\n\t\t\t\t<\/div>\n\t\t<div class=\"elementor-element elementor-element-027d5f6 e-con-full e-flex e-con e-child\" data-id=\"027d5f6\" data-element_type=\"container\">\n\t\t\t\t<div class=\"elementor-element elementor-element-ac655a6 elementor-widget elementor-widget-image\" data-id=\"ac655a6\" data-element_type=\"widget\" data-widget_type=\"image.default\">\n\t\t\t\t<div class=\"elementor-widget-container\">\n\t\t\t\t\t\t\t\t\t\t\t\t\t\t\t<img decoding=\"async\" width=\"450\" height=\"647\" src=\"https:\/\/staging-appetitgo.empowerdigitaldata.com\/wp-content\/uploads\/2024\/10\/site-appetit-go-2.png\" class=\"attachment-large size-large wp-image-6261\" alt=\"Photo d&#039;une boite d&#039;\u00e9picerie, livr\u00e9e par App\u00e9tit Go.\" srcset=\"https:\/\/staging-appetitgo.empowerdigitaldata.com\/wp-content\/uploads\/2024\/10\/site-appetit-go-2.png 450w, https:\/\/staging-appetitgo.empowerdigitaldata.com\/wp-content\/uploads\/2024\/10\/site-appetit-go-2-278x400.png 278w, https:\/\/staging-appetitgo.empowerdigitaldata.com\/wp-content\/uploads\/2024\/10\/site-appetit-go-2-104x150.png 104w, https:\/\/staging-appetitgo.empowerdigitaldata.com\/wp-content\/uploads\/2024\/10\/site-appetit-go-2-417x600.png 417w\" sizes=\"(max-width: 450px) 100vw, 450px\" \/>\t\t\t\t\t\t\t\t\t\t\t\t\t\t\t<\/div>\n\t\t\t\t<\/div>\n\t\t\t\t<\/div>\n\t\t\t\t\t<\/div>\n\t\t\t\t<\/div>\n\t\t<div class=\"elementor-element elementor-element-59f822f e-flex e-con-boxed e-con e-parent\" data-id=\"59f822f\" data-element_type=\"container\">\n\t\t\t\t\t<div class=\"e-con-inner\">\n\t\t\t\t<div class=\"elementor-element elementor-element-a5b86fe elementor-widget elementor-widget-heading\" data-id=\"a5b86fe\" data-element_type=\"widget\" data-widget_type=\"heading.default\">\n\t\t\t\t<div class=\"elementor-widget-container\">\n\t\t\t\t\t<h2 class=\"elementor-heading-title elementor-size-default\">Groceries<\/h2>\t\t\t\t<\/div>\n\t\t\t\t<\/div>\n\t\t\t\t<div class=\"elementor-element elementor-element-0fdccf2 elementor-widget__width-initial elementor-widget elementor-widget-taxonomy-filter\" data-id=\"0fdccf2\" data-element_type=\"widget\" data-settings=\"{&quot;selected_element&quot;:&quot;7019216&quot;,&quot;taxonomy&quot;:&quot;product_tag&quot;,&quot;multiple_selection&quot;:&quot;no&quot;,&quot;horizontal_scroll&quot;:&quot;disable&quot;}\" data-widget_type=\"taxonomy-filter.default\">\n\t\t\t\t<div class=\"elementor-widget-container\">\n\t\t\t\t\t\t\t<search class=\"e-filter\" role=\"search\" data-base-url=\"https:\/\/staging-appetitgo.empowerdigitaldata.com\/en\/\" data-page-num=\"1\">\n\t\t\t\t\t\t\t<button class=\"e-filter-item\" data-filter=\"allergen-free\" aria-pressed=\"false\">Allergen-free<\/button>\n\t\t\t\t\t\t\t<button class=\"e-filter-item\" data-filter=\"fish\" aria-pressed=\"false\">Fish<\/button>\n\t\t\t\t\t\t\t<button class=\"e-filter-item\" data-filter=\"meat\" aria-pressed=\"false\">Meat<\/button>\n\t\t\t\t\t\t\t<button class=\"e-filter-item\" data-filter=\"mexican\" aria-pressed=\"false\">Mexican<\/button>\n\t\t\t\t\t\t\t<button class=\"e-filter-item\" data-filter=\"pasta\" aria-pressed=\"false\">Pasta<\/button>\n\t\t\t\t\t\t\t<button class=\"e-filter-item\" data-filter=\"rice\" aria-pressed=\"false\">Rice<\/button>\n\t\t\t\n\t\t\t\t\t\t\t\t<\/search>\n\t\t\t\t\t\t<\/div>\n\t\t\t\t<\/div>\n\t\t\t\t<div class=\"woocommerce elementor-element elementor-element-7019216 loop-products elementor-grid-3 elementor-grid-tablet-2 elementor-grid-mobile-1 elementor-widget elementor-widget-loop-grid\" data-id=\"7019216\" data-element_type=\"widget\" data-settings=\"{&quot;_skin&quot;:&quot;product&quot;,&quot;template_id&quot;:1639,&quot;pagination_type&quot;:&quot;numbers_and_prev_next&quot;,&quot;pagination_load_type&quot;:&quot;ajax&quot;,&quot;alternate_template&quot;:&quot;yes&quot;,&quot;row_gap&quot;:{&quot;unit&quot;:&quot;px&quot;,&quot;size&quot;:50,&quot;sizes&quot;:[]},&quot;columns&quot;:&quot;3&quot;,&quot;columns_tablet&quot;:&quot;2&quot;,&quot;columns_mobile&quot;:&quot;1&quot;,&quot;edit_handle_selector&quot;:&quot;[data-elementor-type=\\&quot;loop-item\\&quot;]&quot;,&quot;row_gap_tablet&quot;:{&quot;unit&quot;:&quot;px&quot;,&quot;size&quot;:&quot;&quot;,&quot;sizes&quot;:[]},&quot;row_gap_mobile&quot;:{&quot;unit&quot;:&quot;px&quot;,&quot;size&quot;:&quot;&quot;,&quot;sizes&quot;:[]}}\" data-widget_type=\"loop-grid.product\">\n\t\t\t\t<div class=\"elementor-widget-container\">\n\t\t\t\t\t\t\t<div class=\"e-loop-nothing-found-message\">\n\t\t<\/div>\n\t\t\t\t\t\t<\/div>\n\t\t\t\t<\/div>\n\t\t\t\t\t<\/div>\n\t\t\t\t<\/div>\n\t\t\t\t<\/div>\n\t\t","protected":false},"excerpt":{"rendered":"<p>Groceries Welcome to our grocery category, where you&#8217;ll find a refined selection of products to enhance your dishes. Each product is carefully selected for its quality and taste. Whether you&#8217;re a home cook or an experienced chef, our grocery store offers essential ingredients for all your culinary creations. Discover products that will inspire your recipes, [&hellip;]<\/p>\n","protected":false},"author":17,"featured_media":0,"parent":6329,"menu_order":0,"comment_status":"closed","ping_status":"closed","template":"","meta":{"_acf_changed":false,"_eb_attr":"","footnotes":""},"class_list":["post-6336","page","type-page","status-publish","hentry"],"acf":[],"yoast_head":"<!-- This site is optimized with the Yoast SEO Premium plugin v24.8 (Yoast SEO v24.8.1) - https:\/\/yoast.com\/wordpress\/plugins\/seo\/ -->\n<title>Groceries - App\u00e9tit Go<\/title>\n<meta name=\"robots\" content=\"index, follow, max-snippet:-1, max-image-preview:large, max-video-preview:-1\" \/>\n<link rel=\"canonical\" href=\"https:\/\/staging-appetitgo.empowerdigitaldata.com\/en\/our-products\/groceries-category\/\" \/>\n<meta property=\"og:locale\" content=\"en_US\" \/>\n<meta property=\"og:type\" content=\"article\" \/>\n<meta property=\"og:title\" content=\"Groceries\" \/>\n<meta property=\"og:description\" content=\"Groceries Welcome to our grocery category, where you&#8217;ll find a refined selection of products to enhance your dishes. Each product is carefully selected for its quality and taste. Whether you&#8217;re a home cook or an experienced chef, our grocery store offers essential ingredients for all your culinary creations. Discover products that will inspire your recipes, [&hellip;]\" \/>\n<meta property=\"og:url\" content=\"https:\/\/staging-appetitgo.empowerdigitaldata.com\/en\/our-products\/groceries-category\/\" \/>\n<meta property=\"og:site_name\" content=\"App\u00e9tit Go\" \/>\n<meta property=\"article:modified_time\" content=\"2024-12-27T17:56:04+00:00\" \/>\n<meta property=\"og:image\" content=\"https:\/\/staging-appetitgo.empowerdigitaldata.com\/wp-content\/uploads\/2024\/10\/Design-sans-titre-4.png\" \/>\n<meta name=\"twitter:card\" content=\"summary_large_image\" \/>\n<script type=\"application\/ld+json\" class=\"yoast-schema-graph\">{\"@context\":\"https:\/\/schema.org\",\"@graph\":[{\"@type\":\"WebPage\",\"@id\":\"https:\/\/staging-appetitgo.empowerdigitaldata.com\/en\/our-products\/groceries-category\/\",\"url\":\"https:\/\/staging-appetitgo.empowerdigitaldata.com\/en\/our-products\/groceries-category\/\",\"name\":\"Groceries - App\u00e9tit Go\",\"isPartOf\":{\"@id\":\"https:\/\/staging-appetitgo.empowerdigitaldata.com\/en\/#website\"},\"primaryImageOfPage\":{\"@id\":\"https:\/\/staging-appetitgo.empowerdigitaldata.com\/en\/our-products\/groceries-category\/#primaryimage\"},\"image\":{\"@id\":\"https:\/\/staging-appetitgo.empowerdigitaldata.com\/en\/our-products\/groceries-category\/#primaryimage\"},\"thumbnailUrl\":\"https:\/\/staging-appetitgo.empowerdigitaldata.com\/wp-content\/uploads\/2024\/10\/Design-sans-titre-4.png\",\"datePublished\":\"2024-10-07T18:33:52+00:00\",\"dateModified\":\"2024-12-27T17:56:04+00:00\",\"breadcrumb\":{\"@id\":\"https:\/\/staging-appetitgo.empowerdigitaldata.com\/en\/our-products\/groceries-category\/#breadcrumb\"},\"inLanguage\":\"en-US\",\"potentialAction\":[{\"@type\":\"ReadAction\",\"target\":[\"https:\/\/staging-appetitgo.empowerdigitaldata.com\/en\/our-products\/groceries-category\/\"]}]},{\"@type\":\"ImageObject\",\"inLanguage\":\"en-US\",\"@id\":\"https:\/\/staging-appetitgo.empowerdigitaldata.com\/en\/our-products\/groceries-category\/#primaryimage\",\"url\":\"https:\/\/staging-appetitgo.empowerdigitaldata.com\/wp-content\/uploads\/2024\/10\/Design-sans-titre-4.png\",\"contentUrl\":\"https:\/\/staging-appetitgo.empowerdigitaldata.com\/wp-content\/uploads\/2024\/10\/Design-sans-titre-4.png\"},{\"@type\":\"BreadcrumbList\",\"@id\":\"https:\/\/staging-appetitgo.empowerdigitaldata.com\/en\/our-products\/groceries-category\/#breadcrumb\",\"itemListElement\":[{\"@type\":\"ListItem\",\"position\":1,\"name\":\"Home\",\"item\":\"https:\/\/staging-appetitgo.empowerdigitaldata.com\/en\/\"},{\"@type\":\"ListItem\",\"position\":2,\"name\":\"Our products\",\"item\":\"https:\/\/staging-appetitgo.empowerdigitaldata.com\/en\/our-products\/\"},{\"@type\":\"ListItem\",\"position\":3,\"name\":\"Groceries\"}]},{\"@type\":\"WebSite\",\"@id\":\"https:\/\/staging-appetitgo.empowerdigitaldata.com\/en\/#website\",\"url\":\"https:\/\/staging-appetitgo.empowerdigitaldata.com\/en\/\",\"name\":\"App\u00e9tit Go\",\"description\":\"\",\"publisher\":{\"@id\":\"https:\/\/staging-appetitgo.empowerdigitaldata.com\/en\/#organization\"},\"potentialAction\":[{\"@type\":\"SearchAction\",\"target\":{\"@type\":\"EntryPoint\",\"urlTemplate\":\"https:\/\/staging-appetitgo.empowerdigitaldata.com\/en\/?s={search_term_string}\"},\"query-input\":{\"@type\":\"PropertyValueSpecification\",\"valueRequired\":true,\"valueName\":\"search_term_string\"}}],\"inLanguage\":\"en-US\"},{\"@type\":\"Organization\",\"@id\":\"https:\/\/staging-appetitgo.empowerdigitaldata.com\/en\/#organization\",\"name\":\"App\u00e9tit Go\",\"url\":\"https:\/\/staging-appetitgo.empowerdigitaldata.com\/en\/\",\"logo\":{\"@type\":\"ImageObject\",\"inLanguage\":\"en-US\",\"@id\":\"https:\/\/staging-appetitgo.empowerdigitaldata.com\/en\/#\/schema\/logo\/image\/\",\"url\":\"https:\/\/staging-appetitgo.empowerdigitaldata.com\/wp-content\/uploads\/2024\/08\/Fleche-Appetit-go-4-e1724936335319.png\",\"contentUrl\":\"https:\/\/staging-appetitgo.empowerdigitaldata.com\/wp-content\/uploads\/2024\/08\/Fleche-Appetit-go-4-e1724936335319.png\",\"width\":1006,\"height\":200,\"caption\":\"App\u00e9tit Go\"},\"image\":{\"@id\":\"https:\/\/staging-appetitgo.empowerdigitaldata.com\/en\/#\/schema\/logo\/image\/\"}}]}<\/script>\n<!-- \/ Yoast SEO Premium plugin. -->","yoast_head_json":{"title":"Groceries - App\u00e9tit Go","robots":{"index":"index","follow":"follow","max-snippet":"max-snippet:-1","max-image-preview":"max-image-preview:large","max-video-preview":"max-video-preview:-1"},"canonical":"https:\/\/staging-appetitgo.empowerdigitaldata.com\/en\/our-products\/groceries-category\/","og_locale":"en_US","og_type":"article","og_title":"Groceries","og_description":"Groceries Welcome to our grocery category, where you&#8217;ll find a refined selection of products to enhance your dishes. Each product is carefully selected for its quality and taste. Whether you&#8217;re a home cook or an experienced chef, our grocery store offers essential ingredients for all your culinary creations. Discover products that will inspire your recipes, [&hellip;]","og_url":"https:\/\/staging-appetitgo.empowerdigitaldata.com\/en\/our-products\/groceries-category\/","og_site_name":"App\u00e9tit Go","article_modified_time":"2024-12-27T17:56:04+00:00","og_image":[{"url":"https:\/\/staging-appetitgo.empowerdigitaldata.com\/wp-content\/uploads\/2024\/10\/Design-sans-titre-4.png","type":"","width":"","height":""}],"twitter_card":"summary_large_image","schema":{"@context":"https:\/\/schema.org","@graph":[{"@type":"WebPage","@id":"https:\/\/staging-appetitgo.empowerdigitaldata.com\/en\/our-products\/groceries-category\/","url":"https:\/\/staging-appetitgo.empowerdigitaldata.com\/en\/our-products\/groceries-category\/","name":"Groceries - App\u00e9tit Go","isPartOf":{"@id":"https:\/\/staging-appetitgo.empowerdigitaldata.com\/en\/#website"},"primaryImageOfPage":{"@id":"https:\/\/staging-appetitgo.empowerdigitaldata.com\/en\/our-products\/groceries-category\/#primaryimage"},"image":{"@id":"https:\/\/staging-appetitgo.empowerdigitaldata.com\/en\/our-products\/groceries-category\/#primaryimage"},"thumbnailUrl":"https:\/\/staging-appetitgo.empowerdigitaldata.com\/wp-content\/uploads\/2024\/10\/Design-sans-titre-4.png","datePublished":"2024-10-07T18:33:52+00:00","dateModified":"2024-12-27T17:56:04+00:00","breadcrumb":{"@id":"https:\/\/staging-appetitgo.empowerdigitaldata.com\/en\/our-products\/groceries-category\/#breadcrumb"},"inLanguage":"en-US","potentialAction":[{"@type":"ReadAction","target":["https:\/\/staging-appetitgo.empowerdigitaldata.com\/en\/our-products\/groceries-category\/"]}]},{"@type":"ImageObject","inLanguage":"en-US","@id":"https:\/\/staging-appetitgo.empowerdigitaldata.com\/en\/our-products\/groceries-category\/#primaryimage","url":"https:\/\/staging-appetitgo.empowerdigitaldata.com\/wp-content\/uploads\/2024\/10\/Design-sans-titre-4.png","contentUrl":"https:\/\/staging-appetitgo.empowerdigitaldata.com\/wp-content\/uploads\/2024\/10\/Design-sans-titre-4.png"},{"@type":"BreadcrumbList","@id":"https:\/\/staging-appetitgo.empowerdigitaldata.com\/en\/our-products\/groceries-category\/#breadcrumb","itemListElement":[{"@type":"ListItem","position":1,"name":"Home","item":"https:\/\/staging-appetitgo.empowerdigitaldata.com\/en\/"},{"@type":"ListItem","position":2,"name":"Our products","item":"https:\/\/staging-appetitgo.empowerdigitaldata.com\/en\/our-products\/"},{"@type":"ListItem","position":3,"name":"Groceries"}]},{"@type":"WebSite","@id":"https:\/\/staging-appetitgo.empowerdigitaldata.com\/en\/#website","url":"https:\/\/staging-appetitgo.empowerdigitaldata.com\/en\/","name":"App\u00e9tit Go","description":"","publisher":{"@id":"https:\/\/staging-appetitgo.empowerdigitaldata.com\/en\/#organization"},"potentialAction":[{"@type":"SearchAction","target":{"@type":"EntryPoint","urlTemplate":"https:\/\/staging-appetitgo.empowerdigitaldata.com\/en\/?s={search_term_string}"},"query-input":{"@type":"PropertyValueSpecification","valueRequired":true,"valueName":"search_term_string"}}],"inLanguage":"en-US"},{"@type":"Organization","@id":"https:\/\/staging-appetitgo.empowerdigitaldata.com\/en\/#organization","name":"App\u00e9tit Go","url":"https:\/\/staging-appetitgo.empowerdigitaldata.com\/en\/","logo":{"@type":"ImageObject","inLanguage":"en-US","@id":"https:\/\/staging-appetitgo.empowerdigitaldata.com\/en\/#\/schema\/logo\/image\/","url":"https:\/\/staging-appetitgo.empowerdigitaldata.com\/wp-content\/uploads\/2024\/08\/Fleche-Appetit-go-4-e1724936335319.png","contentUrl":"https:\/\/staging-appetitgo.empowerdigitaldata.com\/wp-content\/uploads\/2024\/08\/Fleche-Appetit-go-4-e1724936335319.png","width":1006,"height":200,"caption":"App\u00e9tit Go"},"image":{"@id":"https:\/\/staging-appetitgo.empowerdigitaldata.com\/en\/#\/schema\/logo\/image\/"}}]}},"_links":{"self":[{"href":"https:\/\/staging-appetitgo.empowerdigitaldata.com\/en\/wp-json\/wp\/v2\/pages\/6336","targetHints":{"allow":["GET"]}}],"collection":[{"href":"https:\/\/staging-appetitgo.empowerdigitaldata.com\/en\/wp-json\/wp\/v2\/pages"}],"about":[{"href":"https:\/\/staging-appetitgo.empowerdigitaldata.com\/en\/wp-json\/wp\/v2\/types\/page"}],"author":[{"embeddable":true,"href":"https:\/\/staging-appetitgo.empowerdigitaldata.com\/en\/wp-json\/wp\/v2\/users\/17"}],"replies":[{"embeddable":true,"href":"https:\/\/staging-appetitgo.empowerdigitaldata.com\/en\/wp-json\/wp\/v2\/comments?post=6336"}],"version-history":[{"count":0,"href":"https:\/\/staging-appetitgo.empowerdigitaldata.com\/en\/wp-json\/wp\/v2\/pages\/6336\/revisions"}],"up":[{"embeddable":true,"href":"https:\/\/staging-appetitgo.empowerdigitaldata.com\/en\/wp-json\/wp\/v2\/pages\/6329"}],"wp:attachment":[{"href":"https:\/\/staging-appetitgo.empowerdigitaldata.com\/en\/wp-json\/wp\/v2\/media?parent=6336"}],"curies":[{"name":"wp","href":"https:\/\/api.w.org\/{rel}","templated":true}]}}